{"id":200479,"date":"2025-03-20T16:52:12","date_gmt":"2025-03-20T16:52:12","guid":{"rendered":"https:\/\/aromasentia.com\/product\/aniseed-halloween-bath-bomb\/"},"modified":"2025-06-22T03:28:57","modified_gmt":"2025-06-22T03:28:57","slug":"halloween-badebombe-anis","status":"publish","type":"product","link":"https:\/\/aromasentia.com\/da\/halloween-badebombe-anis\/","title":{"rendered":"Halloween Badebombe Anis"},"content":{"rendered":"<h2><span style=\"color: rgb(251, 160, 38);\">Halloween-badebomber i l\u00f8ssalg<\/span><\/h2>\n<p><strong>Er du klar til halloween? <\/strong><\/p>\n<p>Det bliver du nu &#8230; med vores nye specielle h\u00e5ndlavede halloween-badebomber (begr\u00e6nset antal). De er meget s\u00f8de med gr\u00e6skarmotiver, som ikke vil skr\u00e6mme de sm\u00e5.<\/p>\n<p>Du kan krydre dine kunders halloween med disse farvestr\u00e5lende badebomber. Halloween-badebomben vil v\u00e6re den perfekte gave til Halloween-elskere eller bare en godbid til dig selv. L\u00e6g en badebombe i varmt, rent vand, og se den skumme og bruse kraftigt og frigive sin parfume og sine farver. &nbsp;<\/p>\n<p>Alle vores badebomber er h\u00e5ndlavede i Storbritannien, de kan have nogle revner eller smuldre p\u00e5 grund af deres fremstilling, men det p\u00e5virker ikke deres brug.&nbsp;<\/p>\n<ol>\n<li><strong>Hver enkelt badebombe vejer hele 180 g &ndash; 200 g (ca.)<\/strong><\/li>\n<li><strong>Farverne kan variere mellem partierne<\/strong><\/li>\n<li>.<strong>H\u00e5ndlavet, vegansk<\/strong><\/li>\n<li><strong>Anisduft<\/strong><\/li>\n<\/ol>\n<p><strong>G\u00e5 ikke glip af at tilbyde dine kunder en luksuri\u00f8s og fork\u00e6lende badeoplevelse.<\/strong><\/p>\n<p>Lagre op med vores <a href=\"https:\/\/aromasentia.com\/wholesale-bath-bombs-uk\" rel=\"noopener noreferrer\" target=\"_blank\">badebomber til videresalg<\/a> af h\u00f8j kvalitet i dag, og se din fortjeneste stige.<strong>&nbsp;<br \/><\/strong><\/p>\n","protected":false},"excerpt":{"rendered":"<p>Halloween-badebomber i l\u00f8ssalg Er du klar til halloween? Det bliver du nu &#8230; med vores nye specielle h\u00e5ndlavede halloween-badebomber (begr\u00e6nset antal). De er meget s\u00f8de med gr\u00e6skarmotiver, som ikke vil skr\u00e6mme de sm\u00e5. Du kan krydre dine kunders halloween med disse farvestr\u00e5lende badebomber. Halloween-badebomben vil v\u00e6re den perfekte gave til Halloween-elskere eller bare en godbid [&hellip;]<\/p>\n","protected":false},"featured_media":287776,"comment_status":"closed","ping_status":"open","template":"","meta":{"_angie_page":false},"product_brand":[],"product_cat":[6994,7029,25839,26886,25924],"product_tag":[],"class_list":{"0":"post-200479","1":"product","2":"type-product","3":"status-publish","4":"has-post-thumbnail","6":"product_cat-bad-og-bruser","7":"product_cat-badebomber","8":"product_cat-dufte-aromaer","9":"product_cat-krydret","10":"product_cat-stjerneanis-kina-stjerneanis","11":"pa_collection-halloween-bath-bombs-180g-da","12":"pa_made-in-storbritannien","14":"first","15":"instock","16":"purchasable","17":"product-type-simple"},"supplier_id":null,"supplier_sku":"HBB-01","barcode":null,"atum_controlled":true,"out_stock_date":null,"out_stock_threshold":null,"inheritable":false,"inbound_stock":0,"stock_on_hold":0,"sold_today":0,"sales_last_days":0,"reserved_stock":0,"customer_returns":0,"warehouse_damage":0,"lost_in_post":0,"other_logs":0,"out_stock_days":0,"lost_sales":0,"has_location":false,"update_date":"2026-04-27T07:06:46","atum_locations":[],"atum_stock_status":"instock","restock_status":false,"low_stock_amount":"","sales_update_date":"2026-01-30T01:24:55","calc_backorders":null,"_links":{"self":[{"href":"https:\/\/aromasentia.com\/da\/wp-json\/wp\/v2\/product\/200479","targetHints":{"allow":["GET"]}}],"collection":[{"href":"https:\/\/aromasentia.com\/da\/wp-json\/wp\/v2\/product"}],"about":[{"href":"https:\/\/aromasentia.com\/da\/wp-json\/wp\/v2\/types\/product"}],"replies":[{"embeddable":true,"href":"https:\/\/aromasentia.com\/da\/wp-json\/wp\/v2\/comments?post=200479"}],"version-history":[{"count":0,"href":"https:\/\/aromasentia.com\/da\/wp-json\/wp\/v2\/product\/200479\/revisions"}],"wp:featuredmedia":[{"embeddable":true,"href":"https:\/\/aromasentia.com\/da\/wp-json\/wp\/v2\/media\/287776"}],"wp:attachment":[{"href":"https:\/\/aromasentia.com\/da\/wp-json\/wp\/v2\/media?parent=200479"}],"wp:term":[{"taxonomy":"product_brand","embeddable":true,"href":"https:\/\/aromasentia.com\/da\/wp-json\/wp\/v2\/product_brand?post=200479"},{"taxonomy":"product_cat","embeddable":true,"href":"https:\/\/aromasentia.com\/da\/wp-json\/wp\/v2\/product_cat?post=200479"},{"taxonomy":"product_tag","embeddable":true,"href":"https:\/\/aromasentia.com\/da\/wp-json\/wp\/v2\/product_tag?post=200479"}],"curies":[{"name":"wp","href":"https:\/\/api.w.org\/{rel}","templated":true}]}}