{"id":200478,"date":"2025-03-20T16:52:12","date_gmt":"2025-03-20T16:52:12","guid":{"rendered":"https:\/\/aromasentia.com\/product\/fennel-orange-halloween-bath-bomb\/"},"modified":"2025-06-22T03:28:57","modified_gmt":"2025-06-22T03:28:57","slug":"fennikel-orange-halloween-badebombe","status":"publish","type":"product","link":"https:\/\/aromasentia.com\/da\/fennikel-orange-halloween-badebombe\/","title":{"rendered":"Fennikel &#038; Orange Halloween Badebombe"},"content":{"rendered":"<h2><span style=\"color: rgb(251, 160, 38);\">Halloween-badebomber i l\u00f8ssalg<\/span><\/h2>\n<p><strong>Er du klar til halloween? <\/strong><\/p>\n<p>Det bliver du nu &#8230; med vores nye specielle h\u00e5ndlavede halloween-badebomber (begr\u00e6nset antal). De er meget s\u00f8de med gr\u00e6skarmotiver, som ikke vil skr\u00e6mme de sm\u00e5.<\/p>\n<p>Du kan krydre dine kunders halloween med disse farvestr\u00e5lende badebomber. Halloween-badebomben vil v\u00e6re den perfekte gave til Halloween-elskere eller bare en godbid til dig selv. L\u00e6g en badebombe i varmt, rent vand, og se den skumme og bruse kraftigt og frigive sin parfume og sine farver. &nbsp;<\/p>\n<p>Alle vores badebomber er h\u00e5ndlavede i Storbritannien, de kan have nogle revner eller smuldre p\u00e5 grund af fremstillingens natur, men det p\u00e5virker ikke deres brug.&nbsp;<\/p>\n<ol>\n<li><strong>Hver enkelt badebombe vejer hele 180 g &ndash; 200 g (ca.)<\/strong><\/li>\n<li><strong>Farverne kan variere mellem partierne<\/strong><\/li>\n<li><strong>H\u00e5ndlavet, vegansk<\/strong><\/li>\n<li><strong>Fennikel- og appelsinduft<\/strong><\/li>\n<\/ol>\n<p>Er du p\u00e5 udkig efter en perfekt tilf\u00f8jelse til dine bade- og kropsprodukter til Halloween? Vores 16x Fennel &amp; Orange Halloween Bath Bomb er det ideelle valg! Den har en uhyggelig og behagelig duft med et legende design, der vil imponere dine kunder.<\/p>\n<p><strong>G\u00f8r dig klar til at tjene penge<\/strong> denne Halloween ved at fylde op med vores <a href=\"https:\/\/aromasentia.com\/wholesale-bath-bombs-uk\" rel=\"noopener noreferrer\" target=\"_blank\">wholesale bath bombs for resale<\/a>. <strong>Bestil nu!<\/strong><strong>&nbsp;<br \/><\/strong><\/p>\n","protected":false},"excerpt":{"rendered":"<p>Halloween-badebomber i l\u00f8ssalg Er du klar til halloween? Det bliver du nu &#8230; med vores nye specielle h\u00e5ndlavede halloween-badebomber (begr\u00e6nset antal). De er meget s\u00f8de med gr\u00e6skarmotiver, som ikke vil skr\u00e6mme de sm\u00e5. Du kan krydre dine kunders halloween med disse farvestr\u00e5lende badebomber. Halloween-badebomben vil v\u00e6re den perfekte gave til Halloween-elskere eller bare en godbid [&hellip;]<\/p>\n","protected":false},"featured_media":287759,"comment_status":"closed","ping_status":"open","template":"","meta":{"_angie_page":false},"product_brand":[],"product_cat":[25972,6994,7029,26816,25839,25946,26858],"product_tag":[],"class_list":{"0":"post-200478","1":"product","2":"type-product","3":"status-publish","4":"has-post-thumbnail","6":"product_cat-appelsin","7":"product_cat-bad-og-bruser","8":"product_cat-badebomber","9":"product_cat-citrus","10":"product_cat-dufte-aromaer","11":"product_cat-fennikel","12":"product_cat-urte-aromatisk","13":"pa_collection-halloween-bath-bombs-180g-da","14":"pa_made-in-storbritannien","16":"first","17":"instock","18":"purchasable","19":"product-type-simple"},"supplier_id":null,"supplier_sku":"HBB-02","barcode":null,"atum_controlled":true,"out_stock_date":null,"out_stock_threshold":null,"inheritable":false,"inbound_stock":null,"stock_on_hold":0,"sold_today":0,"sales_last_days":0,"reserved_stock":null,"customer_returns":null,"warehouse_damage":null,"lost_in_post":null,"other_logs":null,"out_stock_days":0,"lost_sales":0,"has_location":null,"update_date":"2026-05-08T05:10:48","atum_locations":[],"atum_stock_status":"instock","restock_status":false,"low_stock_amount":"","sales_update_date":"2026-01-30T01:25:40","calc_backorders":null,"_links":{"self":[{"href":"https:\/\/aromasentia.com\/da\/wp-json\/wp\/v2\/product\/200478","targetHints":{"allow":["GET"]}}],"collection":[{"href":"https:\/\/aromasentia.com\/da\/wp-json\/wp\/v2\/product"}],"about":[{"href":"https:\/\/aromasentia.com\/da\/wp-json\/wp\/v2\/types\/product"}],"replies":[{"embeddable":true,"href":"https:\/\/aromasentia.com\/da\/wp-json\/wp\/v2\/comments?post=200478"}],"version-history":[{"count":0,"href":"https:\/\/aromasentia.com\/da\/wp-json\/wp\/v2\/product\/200478\/revisions"}],"wp:featuredmedia":[{"embeddable":true,"href":"https:\/\/aromasentia.com\/da\/wp-json\/wp\/v2\/media\/287759"}],"wp:attachment":[{"href":"https:\/\/aromasentia.com\/da\/wp-json\/wp\/v2\/media?parent=200478"}],"wp:term":[{"taxonomy":"product_brand","embeddable":true,"href":"https:\/\/aromasentia.com\/da\/wp-json\/wp\/v2\/product_brand?post=200478"},{"taxonomy":"product_cat","embeddable":true,"href":"https:\/\/aromasentia.com\/da\/wp-json\/wp\/v2\/product_cat?post=200478"},{"taxonomy":"product_tag","embeddable":true,"href":"https:\/\/aromasentia.com\/da\/wp-json\/wp\/v2\/product_tag?post=200478"}],"curies":[{"name":"wp","href":"https:\/\/api.w.org\/{rel}","templated":true}]}}