{"id":200477,"date":"2025-03-20T16:52:12","date_gmt":"2025-03-20T16:52:12","guid":{"rendered":"https:\/\/aromasentia.com\/product\/coconut-lime-halloween-bath-bomb\/"},"modified":"2025-06-22T03:28:56","modified_gmt":"2025-06-22T03:28:56","slug":"coconut-lime-halloween-badebombe","status":"publish","type":"product","link":"https:\/\/aromasentia.com\/da\/coconut-lime-halloween-badebombe\/","title":{"rendered":"Coconut &#038; Lime Halloween Badebombe"},"content":{"rendered":"<h1><span style=\"color: rgb(251, 160, 38);\">Grosshandel med Coconut &amp; Lime Halloween Bath Bomb<\/span><\/h1>\n<p><strong>Er du klar til Halloween?<\/strong><\/p>\n<p>Det bliver du nu &#8230; med vores nye specielle h\u00e5ndlavede Halloween-badebomber (begr\u00e6nset antal). De er meget s\u00f8de og har et design, som ikke vil skr\u00e6mme de sm\u00e5.<\/p>\n<p>Du kan krydre dine kunders halloween med disse farvestr\u00e5lende badebomber. Halloween-badebomben vil v\u00e6re den perfekte gave til Halloween-elskere eller bare en godbid til dig selv. L\u00e6g en badebombe i varmt, rent vand, og se den skumme og bruse kraftigt og frigive sin parfume og sine farver. &nbsp;<\/p>\n<p>Alle vores badebomber er h\u00e5ndlavede i Storbritannien, de kan have nogle revner eller smuldre p\u00e5 grund af fremstillingens natur, men det p\u00e5virker ikke deres brug.<\/p>\n<ol>\n<li><strong>Hver enkelt badebombe vejer hele 180 g &ndash; 200 g (ca.)<\/strong><\/li>\n<li><strong>Farverne kan variere fra parti til parti<\/strong><\/li>\n<li><strong>H\u00e5ndlavet&nbsp;<\/strong><\/li>\n<li><strong>Coconut and Lime scent<\/strong><\/li>\n<\/ol>\n<p><strong><br \/><\/strong>&quot;Leder du efter en uhyggelig tilf\u00f8jelse til din <strong>bad- og kropsprodukt<\/strong>-linje denne Halloween? Se ikke l\u00e6ngere end vores <strong>16x Coconut &amp; Lime Halloween Bath Bomb!<\/strong> Med sin l\u00e6kre sp\u00f8gelsesagtige duft og sjove, festlige design vil den helt sikkert blive et hit hos dine kunder.<\/p>\n<p><strong>Bestil nu for at f\u00e5 et lager af&nbsp;<\/strong><a href=\"https:\/\/aromasentia.com\/wholesale-bath-bombs-uk\" rel=\"noopener noreferrer\" target=\"_blank\"><strong>wholesale-badebomber til videresalg<\/strong><\/a><strong>&nbsp;og g\u00f8r dig klar til at skr\u00e6mme nogle overskud op denne Halloween!&quot;<\/strong><strong>&nbsp;<br \/><\/strong><\/p>\n","protected":false},"excerpt":{"rendered":"<p>Grosshandel med Coconut &amp; Lime Halloween Bath Bomb Er du klar til Halloween? Det bliver du nu &#8230; med vores nye specielle h\u00e5ndlavede Halloween-badebomber (begr\u00e6nset antal). De er meget s\u00f8de og har et design, som ikke vil skr\u00e6mme de sm\u00e5. Du kan krydre dine kunders halloween med disse farvestr\u00e5lende badebomber. Halloween-badebomben vil v\u00e6re den perfekte [&hellip;]<\/p>\n","protected":false},"featured_media":287742,"comment_status":"closed","ping_status":"open","template":"","meta":{"_angie_page":false},"product_brand":[],"product_cat":[6994,7029,26816,25839,25962],"product_tag":[],"class_list":{"0":"post-200477","1":"product","2":"type-product","3":"status-publish","4":"has-post-thumbnail","6":"product_cat-bad-og-bruser","7":"product_cat-badebomber","8":"product_cat-citrus","9":"product_cat-dufte-aromaer","10":"product_cat-lime","11":"pa_collection-halloween-bath-bombs-180g-da","12":"pa_made-in-storbritannien","14":"first","15":"instock","16":"purchasable","17":"product-type-simple"},"supplier_id":null,"supplier_sku":"HBB-03","barcode":null,"atum_controlled":true,"out_stock_date":null,"out_stock_threshold":null,"inheritable":false,"inbound_stock":null,"stock_on_hold":0,"sold_today":0,"sales_last_days":0,"reserved_stock":null,"customer_returns":null,"warehouse_damage":null,"lost_in_post":null,"other_logs":null,"out_stock_days":0,"lost_sales":0,"has_location":null,"update_date":"2026-04-27T07:06:46","atum_locations":[],"atum_stock_status":"instock","restock_status":false,"low_stock_amount":"","sales_update_date":"2026-01-30T01:25:36","calc_backorders":null,"_links":{"self":[{"href":"https:\/\/aromasentia.com\/da\/wp-json\/wp\/v2\/product\/200477","targetHints":{"allow":["GET"]}}],"collection":[{"href":"https:\/\/aromasentia.com\/da\/wp-json\/wp\/v2\/product"}],"about":[{"href":"https:\/\/aromasentia.com\/da\/wp-json\/wp\/v2\/types\/product"}],"replies":[{"embeddable":true,"href":"https:\/\/aromasentia.com\/da\/wp-json\/wp\/v2\/comments?post=200477"}],"version-history":[{"count":0,"href":"https:\/\/aromasentia.com\/da\/wp-json\/wp\/v2\/product\/200477\/revisions"}],"wp:featuredmedia":[{"embeddable":true,"href":"https:\/\/aromasentia.com\/da\/wp-json\/wp\/v2\/media\/287742"}],"wp:attachment":[{"href":"https:\/\/aromasentia.com\/da\/wp-json\/wp\/v2\/media?parent=200477"}],"wp:term":[{"taxonomy":"product_brand","embeddable":true,"href":"https:\/\/aromasentia.com\/da\/wp-json\/wp\/v2\/product_brand?post=200477"},{"taxonomy":"product_cat","embeddable":true,"href":"https:\/\/aromasentia.com\/da\/wp-json\/wp\/v2\/product_cat?post=200477"},{"taxonomy":"product_tag","embeddable":true,"href":"https:\/\/aromasentia.com\/da\/wp-json\/wp\/v2\/product_tag?post=200477"}],"curies":[{"name":"wp","href":"https:\/\/api.w.org\/{rel}","templated":true}]}}