{"id":200475,"date":"2025-03-20T16:52:12","date_gmt":"2025-03-20T16:52:12","guid":{"rendered":"https:\/\/aromasentia.com\/product\/himalayan-bath-salt-blend-500g-clarity\/"},"modified":"2025-06-22T03:28:56","modified_gmt":"2025-06-22T03:28:56","slug":"himalaya-badesaltblanding-500g-clarity","status":"publish","type":"product","link":"https:\/\/aromasentia.com\/da\/himalaya-badesaltblanding-500g-clarity\/","title":{"rendered":"Himalaya-Badesaltblanding 500g &#8211; Clarity"},"content":{"rendered":"<p><strong>Klarhed: \u00c6teriske olier af rosmarin og muskatellsalvie + olivenolie<\/strong><\/p>\n<p>Mineralisk, rigt Himalayasalt tilsat 100% \u00e6teriske olier, olivenolie og t\u00f8rrede rosmarinurter.<\/p>\n<p>Saltbadenes helbredende kr\u00e6fter v\u00e6rds\u00e6ttes stadig den dag i dag takket v\u00e6re veldokumenterede sundhedsm\u00e6ssige fordele fra de gamle gr\u00e6kere. Og n\u00e5r man v\u00e6lger et salt at l\u00e6gge i bl\u00f8d, hersker den rene Himalaya-sort!<\/p>\n<p>Fordi Himalayasalt er s\u00e5 rigt p\u00e5 mineraler &#8230; for at v\u00e6re pr\u00e6cis 84 mineraler &#8230; lindrer og reparerer det beskadiget hud og fremmer cellefornyelse ved at l\u00e6gge i bl\u00f8d i saltvand. Og med den ekstra smule oliven, jojoba, k\u00e6mpenatlys og andre baseolier n\u00e6rer og fugter det huden.<\/p>\n<p>Vi er dog ikke stoppet der og har tilf\u00f8jet masser af rene \u00e6teriske olier og t\u00f8rrede blomster for at skabe den ultimative aromaterapi-badeoplevelse.<\/p>\n","protected":false},"excerpt":{"rendered":"<p>Klarhed: \u00c6teriske olier af rosmarin og muskatellsalvie + olivenolie Mineralisk, rigt Himalayasalt tilsat 100% \u00e6teriske olier, olivenolie og t\u00f8rrede rosmarinurter. Saltbadenes helbredende kr\u00e6fter v\u00e6rds\u00e6ttes stadig den dag i dag takket v\u00e6re veldokumenterede sundhedsm\u00e6ssige fordele fra de gamle gr\u00e6kere. Og n\u00e5r man v\u00e6lger et salt at l\u00e6gge i bl\u00f8d, hersker den rene Himalaya-sort! Fordi Himalayasalt er [&hellip;]<\/p>\n","protected":false},"featured_media":287692,"comment_status":"closed","ping_status":"open","template":"","meta":{"_angie_page":false},"product_brand":[],"product_cat":[6994,7131],"product_tag":[],"class_list":{"0":"post-200475","1":"product","2":"type-product","3":"status-publish","4":"has-post-thumbnail","6":"product_cat-bad-og-bruser","7":"product_cat-badesalt","8":"pa_collection-himalayan-bath-salt-blends-500g-da","9":"pa_made-in-storbritannien","10":"pa_size-500g","12":"first","13":"instock","14":"purchasable","15":"product-type-simple"},"supplier_id":null,"supplier_sku":"HBathS-02","barcode":null,"atum_controlled":true,"out_stock_date":null,"out_stock_threshold":null,"inheritable":false,"inbound_stock":null,"stock_on_hold":0,"sold_today":0,"sales_last_days":0,"reserved_stock":null,"customer_returns":null,"warehouse_damage":null,"lost_in_post":null,"other_logs":null,"out_stock_days":0,"lost_sales":0,"has_location":null,"update_date":"2026-04-27T07:06:46","atum_locations":[],"atum_stock_status":"instock","restock_status":false,"low_stock_amount":"","sales_update_date":"2025-09-05T00:19:22","calc_backorders":null,"_links":{"self":[{"href":"https:\/\/aromasentia.com\/da\/wp-json\/wp\/v2\/product\/200475","targetHints":{"allow":["GET"]}}],"collection":[{"href":"https:\/\/aromasentia.com\/da\/wp-json\/wp\/v2\/product"}],"about":[{"href":"https:\/\/aromasentia.com\/da\/wp-json\/wp\/v2\/types\/product"}],"replies":[{"embeddable":true,"href":"https:\/\/aromasentia.com\/da\/wp-json\/wp\/v2\/comments?post=200475"}],"version-history":[{"count":0,"href":"https:\/\/aromasentia.com\/da\/wp-json\/wp\/v2\/product\/200475\/revisions"}],"wp:featuredmedia":[{"embeddable":true,"href":"https:\/\/aromasentia.com\/da\/wp-json\/wp\/v2\/media\/287692"}],"wp:attachment":[{"href":"https:\/\/aromasentia.com\/da\/wp-json\/wp\/v2\/media?parent=200475"}],"wp:term":[{"taxonomy":"product_brand","embeddable":true,"href":"https:\/\/aromasentia.com\/da\/wp-json\/wp\/v2\/product_brand?post=200475"},{"taxonomy":"product_cat","embeddable":true,"href":"https:\/\/aromasentia.com\/da\/wp-json\/wp\/v2\/product_cat?post=200475"},{"taxonomy":"product_tag","embeddable":true,"href":"https:\/\/aromasentia.com\/da\/wp-json\/wp\/v2\/product_tag?post=200475"}],"curies":[{"name":"wp","href":"https:\/\/api.w.org\/{rel}","templated":true}]}}