{"id":200464,"date":"2025-03-20T16:52:12","date_gmt":"2025-03-20T16:52:12","guid":{"rendered":"https:\/\/aromasentia.com\/product\/soap-flower-gift-bouquet-14-red-roses-round\/"},"modified":"2025-06-22T03:28:51","modified_gmt":"2025-06-22T03:28:51","slug":"saebeblomst-gavebuket-14-roede-roser-rund","status":"publish","type":"product","link":"https:\/\/aromasentia.com\/da\/saebeblomst-gavebuket-14-roede-roser-rund\/","title":{"rendered":"S\u00e6beblomst Gavebuket &#8211; 14 R\u00f8de Roser &#8211; Rund"},"content":{"rendered":"<p><span style=\"color: rgb(75, 80, 88);\"><strong>S\u00e6beblomst Gavebuket &#8211; 14 R\u00f8de Roser &#8211; Runde<\/strong> ligner n\u00e6sten rigtige blomster. Det kan nemt blive dit bedst s\u00e6lgende produkt, hvis du s\u00e6lger badev\u00e6relsesgaver og tilbeh\u00f8r.<\/span><\/p>\n<p><span style=\"color: rgb(75, 80, 88);\">Det er en perfekt gave til enhver lejlighed, is\u00e6r til Valentinsdag, Mors Dag eller som en bryllupsgave. Med en flaske god vin kan du fejre en \u00e5rsdag p\u00e5 den mest romantiske m\u00e5de. F\u00e5 din bedre halvdel til at f\u00f8le sig ekstraordin\u00e6r \ud83d\ude42 Alternativt kan denne buket skabe en behagelig atmosf\u00e6re i hotellets reception eller entr\u00e9.<\/span><\/p>\n<p><span style=\"color: rgb(75, 80, 88);\">Tils\u00e6t blot et eller to rosenblade til et varmt bad, slap af og se blomsterne opl\u00f8ses. Dine kunder vil nyde den lette duft og det farverige vand. &nbsp;<\/span><\/p>\n<p><span style=\"color: rgb(75, 80, 88);\">Smukt arrangeret og pr\u00e6senteret i en flot gave\u00e6ske med et strejf af luksus, vil den fange opm\u00e6rksomheden ved f\u00f8rste \u00f8jekast.&nbsp;<\/span><\/p>\n<p><span style=\"color: rgb(75, 80, 88);\">\u00c6sken kan genbruges, dine kunder kan lave en anden smuk gave eller bare gemme sm\u00e5ting indeni.<\/span><\/p>\n<p><span style=\"color: rgb(75, 80, 88);\"><strong>Tilf\u00f8j og bestil nu, disse vil helt sikkert gl\u00e6de dine kunder.<\/strong><\/span><\/p>\n<p><\/p>\n","protected":false},"excerpt":{"rendered":"<p>S\u00e6beblomst Gavebuket &#8211; 14 R\u00f8de Roser &#8211; Runde ligner n\u00e6sten rigtige blomster. Det kan nemt blive dit bedst s\u00e6lgende produkt, hvis du s\u00e6lger badev\u00e6relsesgaver og tilbeh\u00f8r. Det er en perfekt gave til enhver lejlighed, is\u00e6r til Valentinsdag, Mors Dag eller som en bryllupsgave. Med en flaske god vin kan du fejre en \u00e5rsdag p\u00e5 den [&hellip;]<\/p>\n","protected":false},"featured_media":286972,"comment_status":"closed","ping_status":"open","template":"","meta":{"_angie_page":false},"product_brand":[],"product_cat":[6994,26830,25839,7012,25984],"product_tag":[],"class_list":{"0":"post-200464","1":"product","2":"type-product","3":"status-publish","4":"has-post-thumbnail","6":"product_cat-bad-og-bruser","7":"product_cat-blomster","8":"product_cat-dufte-aromaer","9":"product_cat-okologiske-saeber-saebebar","10":"product_cat-rose","11":"pa_collection-gift-soap-flower-bouquet-da","12":"pa_made-in-kina","14":"first","15":"instock","16":"purchasable","17":"product-type-simple"},"supplier_id":null,"supplier_sku":"GSFB-03","barcode":null,"atum_controlled":true,"out_stock_date":null,"out_stock_threshold":null,"inheritable":false,"inbound_stock":null,"stock_on_hold":0,"sold_today":0,"sales_last_days":0,"reserved_stock":null,"customer_returns":null,"warehouse_damage":null,"lost_in_post":null,"other_logs":null,"out_stock_days":13,"lost_sales":0,"has_location":null,"update_date":"2026-05-04T00:03:55","atum_locations":[],"atum_stock_status":"instock","restock_status":false,"low_stock_amount":"","sales_update_date":"2026-01-30T01:24:45","calc_backorders":null,"_links":{"self":[{"href":"https:\/\/aromasentia.com\/da\/wp-json\/wp\/v2\/product\/200464","targetHints":{"allow":["GET"]}}],"collection":[{"href":"https:\/\/aromasentia.com\/da\/wp-json\/wp\/v2\/product"}],"about":[{"href":"https:\/\/aromasentia.com\/da\/wp-json\/wp\/v2\/types\/product"}],"replies":[{"embeddable":true,"href":"https:\/\/aromasentia.com\/da\/wp-json\/wp\/v2\/comments?post=200464"}],"version-history":[{"count":0,"href":"https:\/\/aromasentia.com\/da\/wp-json\/wp\/v2\/product\/200464\/revisions"}],"wp:featuredmedia":[{"embeddable":true,"href":"https:\/\/aromasentia.com\/da\/wp-json\/wp\/v2\/media\/286972"}],"wp:attachment":[{"href":"https:\/\/aromasentia.com\/da\/wp-json\/wp\/v2\/media?parent=200464"}],"wp:term":[{"taxonomy":"product_brand","embeddable":true,"href":"https:\/\/aromasentia.com\/da\/wp-json\/wp\/v2\/product_brand?post=200464"},{"taxonomy":"product_cat","embeddable":true,"href":"https:\/\/aromasentia.com\/da\/wp-json\/wp\/v2\/product_cat?post=200464"},{"taxonomy":"product_tag","embeddable":true,"href":"https:\/\/aromasentia.com\/da\/wp-json\/wp\/v2\/product_tag?post=200464"}],"curies":[{"name":"wp","href":"https:\/\/api.w.org\/{rel}","templated":true}]}}