{"id":200448,"date":"2025-03-20T16:56:09","date_gmt":"2025-03-20T16:56:09","guid":{"rendered":"https:\/\/aromasentia.com\/product\/love-heart-bath-bomb-70g-french-lavender\/"},"modified":"2025-06-22T03:28:43","modified_gmt":"2025-06-22T03:28:43","slug":"love-heart-badebombe-70g-fransk-lavendel","status":"publish","type":"product","link":"https:\/\/aromasentia.com\/da\/love-heart-badebombe-70g-fransk-lavendel\/","title":{"rendered":"Love Heart Badebombe 70g &#8211; Fransk Lavendel"},"content":{"rendered":"<h2 style=\"text-align: justify;\"><span style=\"color: rgb(40, 50, 78);\">Wholesale Love heart bath bomb Lavender<\/span><\/h2>\n<p style=\"text-align: justify;\"><span style=\"color: rgb(40, 50, 78);\"><strong>Vores Love Heart Bath Bombs<\/strong> er perfekte til dem, der \u00f8nsker et beroligende og aromatisk bad. De opl\u00f8ses langsomt og frigiver en velduftende blanding af \u00e6teriske olier, lavendelblade og Epsom-salte, s\u00e5 din hud f\u00f8les silkebl\u00f8d og fugtet.<\/span><\/p>\n<p style=\"text-align: justify;\"><span style=\"color: rgb(40, 50, 78);\">Disse badebomber er <strong>h\u00e5ndlavede med kun de fineste naturlige ingredienser<\/strong>, hvilket g\u00f8r dem perfekte til en bred vifte af kunder, herunder <strong>spas<\/strong>, <strong>hoteller<\/strong> og <strong>detailhandlere<\/strong>. Hvert s\u00e6t indeholder 16 badebomber, smukt indpakket og klar til at blive solgt i din butik eller brugt i dine spa-behandlinger.<\/span><\/p>\n<p style=\"text-align: justify;\"><span style=\"color: rgb(40, 50, 78);\">G\u00e5 ikke glip af denne mulighed for at tilbyde dine kunder en luksuri\u00f8s og afslappende badeoplevelse med vores <a href=\"https:\/\/aromasentia.com\/wholesale-bath-bombs-uk\" rel=\"noopener noreferrer\" target=\"_blank\">wholesale bath bombs<\/a>, herunder 16x Love Heart Bath Bomb-s\u00e6ttet.&nbsp;<\/span><\/p>\n<p style=\"text-align: justify;\"><span style=\"color: rgb(40, 50, 78);\"><strong>Bestil nu<\/strong> og oplev fordelene ved disse beroligende og aromatiske badebomber og giv dine kunder gaven af en luksuri\u00f8s og beroligende badeoplevelse med vores <a href=\"https:\/\/aromasentia.com\/heartb\" rel=\"noopener noreferrer\" target=\"_blank\">engros franske lavendel-badebomber<\/a>.<\/span>&nbsp;<\/p>\n","protected":false},"excerpt":{"rendered":"<p>Wholesale Love heart bath bomb Lavender Vores Love Heart Bath Bombs er perfekte til dem, der \u00f8nsker et beroligende og aromatisk bad. De opl\u00f8ses langsomt og frigiver en velduftende blanding af \u00e6teriske olier, lavendelblade og Epsom-salte, s\u00e5 din hud f\u00f8les silkebl\u00f8d og fugtet. Disse badebomber er h\u00e5ndlavede med kun de fineste naturlige ingredienser, hvilket g\u00f8r [&hellip;]<\/p>\n","protected":false},"featured_media":288065,"comment_status":"closed","ping_status":"open","template":"","meta":{"_angie_page":false},"product_brand":[],"product_cat":[6994,7029,26830,25839,25957],"product_tag":[],"class_list":{"0":"post-200448","1":"product","2":"type-product","3":"status-publish","4":"has-post-thumbnail","6":"product_cat-bad-og-bruser","7":"product_cat-badebomber","8":"product_cat-blomster","9":"product_cat-dufte-aromaer","10":"product_cat-lavendel","11":"pa_collection-love-heart-bath-bomb-70-g-da","12":"pa_made-in-storbritannien","13":"pa_size-70g","15":"first","16":"instock","17":"purchasable","18":"product-type-simple"},"supplier_id":null,"supplier_sku":"HeartB-04a","barcode":null,"atum_controlled":true,"out_stock_date":null,"out_stock_threshold":null,"inheritable":false,"inbound_stock":null,"stock_on_hold":0,"sold_today":0,"sales_last_days":0,"reserved_stock":null,"customer_returns":null,"warehouse_damage":null,"lost_in_post":null,"other_logs":null,"out_stock_days":0,"lost_sales":0,"has_location":null,"update_date":"2026-05-08T05:10:48","atum_locations":[],"atum_stock_status":"instock","restock_status":false,"low_stock_amount":"","sales_update_date":"2025-09-05T00:19:26","calc_backorders":null,"_links":{"self":[{"href":"https:\/\/aromasentia.com\/da\/wp-json\/wp\/v2\/product\/200448","targetHints":{"allow":["GET"]}}],"collection":[{"href":"https:\/\/aromasentia.com\/da\/wp-json\/wp\/v2\/product"}],"about":[{"href":"https:\/\/aromasentia.com\/da\/wp-json\/wp\/v2\/types\/product"}],"replies":[{"embeddable":true,"href":"https:\/\/aromasentia.com\/da\/wp-json\/wp\/v2\/comments?post=200448"}],"version-history":[{"count":0,"href":"https:\/\/aromasentia.com\/da\/wp-json\/wp\/v2\/product\/200448\/revisions"}],"wp:featuredmedia":[{"embeddable":true,"href":"https:\/\/aromasentia.com\/da\/wp-json\/wp\/v2\/media\/288065"}],"wp:attachment":[{"href":"https:\/\/aromasentia.com\/da\/wp-json\/wp\/v2\/media?parent=200448"}],"wp:term":[{"taxonomy":"product_brand","embeddable":true,"href":"https:\/\/aromasentia.com\/da\/wp-json\/wp\/v2\/product_brand?post=200448"},{"taxonomy":"product_cat","embeddable":true,"href":"https:\/\/aromasentia.com\/da\/wp-json\/wp\/v2\/product_cat?post=200448"},{"taxonomy":"product_tag","embeddable":true,"href":"https:\/\/aromasentia.com\/da\/wp-json\/wp\/v2\/product_tag?post=200448"}],"curies":[{"name":"wp","href":"https:\/\/api.w.org\/{rel}","templated":true}]}}