{"id":200434,"date":"2025-03-20T16:57:53","date_gmt":"2025-03-20T16:57:53","guid":{"rendered":"https:\/\/aromasentia.com\/product\/bag-of-pink-crystal-chunks-1kg-large\/"},"modified":"2025-06-22T03:28:34","modified_gmt":"2025-06-22T03:28:34","slug":"pose-med-lyseroede-krystalstykker-1kg-stor","status":"publish","type":"product","link":"https:\/\/aromasentia.com\/da\/pose-med-lyseroede-krystalstykker-1kg-stor\/","title":{"rendered":"Pose med Lyser\u00f8de Krystalstykker 1Kg &#8211; Stor"},"content":{"rendered":"<p>Himalaya krystalsalt er uber\u00f8rt og naturligt. Det best\u00e5r af den perfekte geometriske struktur, der er mulig i bjergkrystaller, resultatet af millioner af \u00e5rs kompression under jordens overflade. Det danner et pr\u00e6cist net med vores krops indre funktioner, fordi Himalaya krystalsalt indeholder et n\u00e6sten identisk s\u00e6t af elementer som dem, der findes i menneskekroppen: det vil sige, at det indeholder 84 af de 92 mulige spormineraler, og i samme forhold som naturligt findes i vores blod.<\/p>\n","protected":false},"excerpt":{"rendered":"<p>Himalaya krystalsalt er uber\u00f8rt og naturligt. Det best\u00e5r af den perfekte geometriske struktur, der er mulig i bjergkrystaller, resultatet af millioner af \u00e5rs kompression under jordens overflade. Det danner et pr\u00e6cist net med vores krops indre funktioner, fordi Himalaya krystalsalt indeholder et n\u00e6sten identisk s\u00e6t af elementer som dem, der findes i menneskekroppen: det vil [&hellip;]<\/p>\n","protected":false},"featured_media":288379,"comment_status":"closed","ping_status":"open","template":"","meta":{"_angie_page":false},"product_brand":[],"product_cat":[6994,7131],"product_tag":[],"class_list":{"0":"post-200434","1":"product","2":"type-product","3":"status-publish","4":"has-post-thumbnail","6":"product_cat-bad-og-bruser","7":"product_cat-badesalt","8":"pa_collection-himalayan-bath-salt-da","9":"pa_made-in-pakistan","11":"first","12":"instock","13":"purchasable","14":"product-type-simple"},"supplier_id":null,"supplier_sku":"HSalt-55","barcode":null,"atum_controlled":true,"out_stock_date":null,"out_stock_threshold":null,"inheritable":false,"inbound_stock":null,"stock_on_hold":0,"sold_today":0,"sales_last_days":0,"reserved_stock":null,"customer_returns":null,"warehouse_damage":null,"lost_in_post":null,"other_logs":null,"out_stock_days":0,"lost_sales":0,"has_location":null,"update_date":"2026-04-27T07:07:58","atum_locations":[],"atum_stock_status":"instock","restock_status":false,"low_stock_amount":"","sales_update_date":"2026-01-30T01:26:16","calc_backorders":null,"_links":{"self":[{"href":"https:\/\/aromasentia.com\/da\/wp-json\/wp\/v2\/product\/200434","targetHints":{"allow":["GET"]}}],"collection":[{"href":"https:\/\/aromasentia.com\/da\/wp-json\/wp\/v2\/product"}],"about":[{"href":"https:\/\/aromasentia.com\/da\/wp-json\/wp\/v2\/types\/product"}],"replies":[{"embeddable":true,"href":"https:\/\/aromasentia.com\/da\/wp-json\/wp\/v2\/comments?post=200434"}],"version-history":[{"count":0,"href":"https:\/\/aromasentia.com\/da\/wp-json\/wp\/v2\/product\/200434\/revisions"}],"wp:featuredmedia":[{"embeddable":true,"href":"https:\/\/aromasentia.com\/da\/wp-json\/wp\/v2\/media\/288379"}],"wp:attachment":[{"href":"https:\/\/aromasentia.com\/da\/wp-json\/wp\/v2\/media?parent=200434"}],"wp:term":[{"taxonomy":"product_brand","embeddable":true,"href":"https:\/\/aromasentia.com\/da\/wp-json\/wp\/v2\/product_brand?post=200434"},{"taxonomy":"product_cat","embeddable":true,"href":"https:\/\/aromasentia.com\/da\/wp-json\/wp\/v2\/product_cat?post=200434"},{"taxonomy":"product_tag","embeddable":true,"href":"https:\/\/aromasentia.com\/da\/wp-json\/wp\/v2\/product_tag?post=200434"}],"curies":[{"name":"wp","href":"https:\/\/api.w.org\/{rel}","templated":true}]}}