{"id":200426,"date":"2025-03-20T16:57:53","date_gmt":"2025-03-20T16:57:53","guid":{"rendered":"https:\/\/aromasentia.com\/product\/carved-mango-wood-cutter-for-soap-loaves\/"},"modified":"2025-06-22T03:28:31","modified_gmt":"2025-06-22T03:28:31","slug":"udskaaret-udstikker-i-mangotrae-til-saebebar","status":"publish","type":"product","link":"https:\/\/aromasentia.com\/da\/udskaaret-udstikker-i-mangotrae-til-saebebar\/","title":{"rendered":"Udsk\u00e5ret Udstikker I Mangotr\u00e6 Til S\u00e6bebar"},"content":{"rendered":"<p><span style=\"color: rgb(75, 80, 88);\">Hvis du s\u00e6lger s\u00e6bebr\u00f8d eller andre uindpakkede s\u00e6ber, b\u00f8r du s\u00f8rge for at sk\u00e6re og pakke dem professionelt ind p\u00e5 salgsstedet.<\/span><\/p>\n<p><span style=\"color: rgb(75, 80, 88);\">Til dette form\u00e5l leverer vi f\u00f8lgende, men du kan ogs\u00e5 overveje vores organzaposer eller polypropposer.<\/span><\/p>\n<p><span style=\"color: rgb(75, 80, 88);\">Du kan sk\u00e6re s\u00e6bebr\u00f8dene med en kniv, men hvis du bruger en <strong>Aroma Sentia<\/strong> udsk\u00e5ret mangotr\u00e6sk\u00e6rer til s\u00e6bebr\u00f8d, kan du opn\u00e5 mere ensartede s\u00e6ber, og det er hurtigere. Vores s\u00e6besk\u00e6rer sk\u00e6rer s\u00e6beskiver p\u00e5 cirka 2 cm.<\/span><\/p>\n","protected":false},"excerpt":{"rendered":"<p>Hvis du s\u00e6lger s\u00e6bebr\u00f8d eller andre uindpakkede s\u00e6ber, b\u00f8r du s\u00f8rge for at sk\u00e6re og pakke dem professionelt ind p\u00e5 salgsstedet. Til dette form\u00e5l leverer vi f\u00f8lgende, men du kan ogs\u00e5 overveje vores organzaposer eller polypropposer. Du kan sk\u00e6re s\u00e6bebr\u00f8dene med en kniv, men hvis du bruger en Aroma Sentia udsk\u00e5ret mangotr\u00e6sk\u00e6rer til s\u00e6bebr\u00f8d, kan [&hellip;]<\/p>\n","protected":false},"featured_media":288163,"comment_status":"closed","ping_status":"open","template":"","meta":{"_angie_page":false},"product_brand":[],"product_cat":[6994,7012],"product_tag":[],"class_list":{"0":"post-200426","1":"product","2":"type-product","3":"status-publish","4":"has-post-thumbnail","6":"product_cat-bad-og-bruser","7":"product_cat-okologiske-saeber-saebebar","8":"pa_collection-soap-bathbomb-accessories-da","9":"pa_made-in-indien","11":"first","12":"instock","13":"purchasable","14":"product-type-simple"},"supplier_id":null,"supplier_sku":"HMS-34M","barcode":null,"atum_controlled":true,"out_stock_date":null,"out_stock_threshold":null,"inheritable":false,"inbound_stock":0,"stock_on_hold":0,"sold_today":0,"sales_last_days":0,"reserved_stock":0,"customer_returns":0,"warehouse_damage":0,"lost_in_post":0,"other_logs":0,"out_stock_days":0,"lost_sales":0,"has_location":false,"update_date":"2026-04-27T07:07:34","atum_locations":[],"atum_stock_status":"instock","restock_status":false,"low_stock_amount":"","sales_update_date":"2026-01-30T01:24:29","calc_backorders":null,"_links":{"self":[{"href":"https:\/\/aromasentia.com\/da\/wp-json\/wp\/v2\/product\/200426","targetHints":{"allow":["GET"]}}],"collection":[{"href":"https:\/\/aromasentia.com\/da\/wp-json\/wp\/v2\/product"}],"about":[{"href":"https:\/\/aromasentia.com\/da\/wp-json\/wp\/v2\/types\/product"}],"replies":[{"embeddable":true,"href":"https:\/\/aromasentia.com\/da\/wp-json\/wp\/v2\/comments?post=200426"}],"version-history":[{"count":0,"href":"https:\/\/aromasentia.com\/da\/wp-json\/wp\/v2\/product\/200426\/revisions"}],"wp:featuredmedia":[{"embeddable":true,"href":"https:\/\/aromasentia.com\/da\/wp-json\/wp\/v2\/media\/288163"}],"wp:attachment":[{"href":"https:\/\/aromasentia.com\/da\/wp-json\/wp\/v2\/media?parent=200426"}],"wp:term":[{"taxonomy":"product_brand","embeddable":true,"href":"https:\/\/aromasentia.com\/da\/wp-json\/wp\/v2\/product_brand?post=200426"},{"taxonomy":"product_cat","embeddable":true,"href":"https:\/\/aromasentia.com\/da\/wp-json\/wp\/v2\/product_cat?post=200426"},{"taxonomy":"product_tag","embeddable":true,"href":"https:\/\/aromasentia.com\/da\/wp-json\/wp\/v2\/product_tag?post=200426"}],"curies":[{"name":"wp","href":"https:\/\/api.w.org\/{rel}","templated":true}]}}