{"id":200399,"date":"2025-03-20T17:20:26","date_gmt":"2025-03-20T17:20:26","guid":{"rendered":"https:\/\/aromasentia.com\/product\/handcrafted-soap-loaf-1-2kg-melon\/"},"modified":"2025-06-22T03:28:16","modified_gmt":"2025-06-22T03:28:16","slug":"haandlavet-saebebar-12-kg-melon","status":"publish","type":"product","link":"https:\/\/aromasentia.com\/da\/haandlavet-saebebar-12-kg-melon\/","title":{"rendered":"H\u00e5ndlavet S\u00e6bebar 1,2 kg &#8211; melon"},"content":{"rendered":"<p>Ny serie af <strong>Aroma Sentia ping h\u00e5ndlavet s\u00e6be &#8211; Melon 1,2 kg<\/strong> er lavet af ingredienser af h\u00f8jeste kvalitet ved hj\u00e6lp af smelte-og-h\u00e6ld-metoden.<\/p>\n<p>Dine kunders h\u00e6nder, krop og sj\u00e6l vil f\u00f8les rensede, n\u00e6rede og fugtede.<\/p>\n<p>Ofte er den travleste bod p\u00e5 kunsth\u00e5ndv\u00e6rksmarkedet den, der s\u00e6lger h\u00e5ndlavede s\u00e6ber sk\u00e5ret af br\u00f8det. Hemmeligheden ligger i udstillingen&#8230; v\u00e6r kreativ!<\/p>\n<p>En virkelig dejlig s\u00e6be leveret i 1,2 kg br\u00f8dform. Du kan f\u00e5 12 stykker \u00e0 100 g (ca. v\u00e6gt) fra hvert br\u00f8d.<\/p>\n<p>Farven eller designet kan variere en smule. Vi tilbyder ogs\u00e5 plastikark, etiketter og s\u00e6besk\u00e6rere, se nedenfor.<\/p>\n<p><strong>H\u00e5ndlavede s\u00e6ber * Fantastiske dufte * Smukke farver<\/strong><\/p>\n","protected":false},"excerpt":{"rendered":"<p>Ny serie af Aroma Sentia ping h\u00e5ndlavet s\u00e6be &#8211; Melon 1,2 kg er lavet af ingredienser af h\u00f8jeste kvalitet ved hj\u00e6lp af smelte-og-h\u00e6ld-metoden. Dine kunders h\u00e6nder, krop og sj\u00e6l vil f\u00f8les rensede, n\u00e6rede og fugtede. Ofte er den travleste bod p\u00e5 kunsth\u00e5ndv\u00e6rksmarkedet den, der s\u00e6lger h\u00e5ndlavede s\u00e6ber sk\u00e5ret af br\u00f8det. Hemmeligheden ligger i udstillingen&#8230; v\u00e6r [&hellip;]<\/p>\n","protected":false},"featured_media":289257,"comment_status":"closed","ping_status":"open","template":"","meta":{"_angie_page":false},"product_brand":[],"product_cat":[6994,25839,26844,26456,7012],"product_tag":[],"class_list":{"0":"post-200399","1":"product","2":"type-product","3":"status-publish","4":"has-post-thumbnail","6":"product_cat-bad-og-bruser","7":"product_cat-dufte-aromaer","8":"product_cat-frugtagtig","9":"product_cat-melon","10":"product_cat-okologiske-saeber-saebebar","11":"pa_collection-handmade-soap-loaves-1-25kg-slices-da","12":"pa_made-in-tjekkiet","14":"first","15":"instock","16":"purchasable","17":"product-type-simple"},"supplier_id":null,"supplier_sku":"HSBS-02L","barcode":null,"atum_controlled":true,"out_stock_date":null,"out_stock_threshold":null,"inheritable":false,"inbound_stock":null,"stock_on_hold":0,"sold_today":0,"sales_last_days":0,"reserved_stock":null,"customer_returns":null,"warehouse_damage":null,"lost_in_post":null,"other_logs":null,"out_stock_days":0,"lost_sales":0,"has_location":null,"update_date":"2026-04-27T07:08:04","atum_locations":[],"atum_stock_status":"instock","restock_status":false,"low_stock_amount":"","sales_update_date":"2025-09-05T00:19:34","calc_backorders":null,"_links":{"self":[{"href":"https:\/\/aromasentia.com\/da\/wp-json\/wp\/v2\/product\/200399","targetHints":{"allow":["GET"]}}],"collection":[{"href":"https:\/\/aromasentia.com\/da\/wp-json\/wp\/v2\/product"}],"about":[{"href":"https:\/\/aromasentia.com\/da\/wp-json\/wp\/v2\/types\/product"}],"replies":[{"embeddable":true,"href":"https:\/\/aromasentia.com\/da\/wp-json\/wp\/v2\/comments?post=200399"}],"version-history":[{"count":0,"href":"https:\/\/aromasentia.com\/da\/wp-json\/wp\/v2\/product\/200399\/revisions"}],"wp:featuredmedia":[{"embeddable":true,"href":"https:\/\/aromasentia.com\/da\/wp-json\/wp\/v2\/media\/289257"}],"wp:attachment":[{"href":"https:\/\/aromasentia.com\/da\/wp-json\/wp\/v2\/media?parent=200399"}],"wp:term":[{"taxonomy":"product_brand","embeddable":true,"href":"https:\/\/aromasentia.com\/da\/wp-json\/wp\/v2\/product_brand?post=200399"},{"taxonomy":"product_cat","embeddable":true,"href":"https:\/\/aromasentia.com\/da\/wp-json\/wp\/v2\/product_cat?post=200399"},{"taxonomy":"product_tag","embeddable":true,"href":"https:\/\/aromasentia.com\/da\/wp-json\/wp\/v2\/product_tag?post=200399"}],"curies":[{"name":"wp","href":"https:\/\/api.w.org\/{rel}","templated":true}]}}