{"id":200373,"date":"2025-03-20T17:25:57","date_gmt":"2025-03-20T17:25:57","guid":{"rendered":"https:\/\/aromasentia.com\/product\/hanmade-soap-loaf-1-25kg-smiling-orange\/"},"modified":"2025-06-22T03:28:03","modified_gmt":"2025-06-22T03:28:03","slug":"hanmade-saebebar-125-kg-smiling-orange","status":"publish","type":"product","link":"https:\/\/aromasentia.com\/da\/hanmade-saebebar-125-kg-smiling-orange\/","title":{"rendered":"Hanmade S\u00e6bebar 1,25 kg &#8211; Smiling Orange"},"content":{"rendered":"<p>Udvalget af <strong>Aroma Sentia ping h\u00e5ndlavede s\u00e6bebr\u00f8d 1,25 kg &#8211; Smiling<\/strong> vil opfriske dig og forbedre dit velv\u00e6re, hver gang du bruger dem.<\/p>\n<p>Ofte er den travleste bod p\u00e5 kunsth\u00e5ndv\u00e6rksmarkedet den, der s\u00e6lger h\u00e5ndlavede s\u00e6ber sk\u00e5ret af br\u00f8det. Hemmeligheden ligger i udstillingen&#8230; v\u00e6r kreativ!<\/p>\n<p>Hvert stykke s\u00e6be er unikt og h\u00e5ndlavet, da det er fremstillet individuelt af lettiske h\u00e5ndv\u00e6rkere.<\/p>\n<p><strong>Efter at have fjernet originalemballagen fra dette produkt, er du if\u00f8lge kosmetikreglerne forpligtet til at give disse oplysninger til dine kunder.<\/strong> Farven eller designet kan variere en smule. Vi leverer ogs\u00e5 plastikark, etiketter og s\u00e6besk\u00e6rere.<\/p>\n","protected":false},"excerpt":{"rendered":"<p>Udvalget af Aroma Sentia ping h\u00e5ndlavede s\u00e6bebr\u00f8d 1,25 kg &#8211; Smiling vil opfriske dig og forbedre dit velv\u00e6re, hver gang du bruger dem. Ofte er den travleste bod p\u00e5 kunsth\u00e5ndv\u00e6rksmarkedet den, der s\u00e6lger h\u00e5ndlavede s\u00e6ber sk\u00e5ret af br\u00f8det. Hemmeligheden ligger i udstillingen&#8230; v\u00e6r kreativ! Hvert stykke s\u00e6be er unikt og h\u00e5ndlavet, da det er fremstillet [&hellip;]<\/p>\n","protected":false},"featured_media":289913,"comment_status":"closed","ping_status":"open","template":"","meta":{"_angie_page":false},"product_brand":[],"product_cat":[25972,6994,26816,25839,7012],"product_tag":[],"class_list":{"0":"post-200373","1":"product","2":"type-product","3":"status-publish","4":"has-post-thumbnail","6":"product_cat-appelsin","7":"product_cat-bad-og-bruser","8":"product_cat-citrus","9":"product_cat-dufte-aromaer","10":"product_cat-okologiske-saeber-saebebar","11":"pa_made-in-letland","13":"first","14":"outofstock","15":"purchasable","16":"product-type-simple"},"supplier_id":null,"supplier_sku":"HSL-02","barcode":null,"atum_controlled":true,"out_stock_date":"2025-09-05 00:10:22","out_stock_threshold":null,"inheritable":false,"inbound_stock":null,"stock_on_hold":0,"sold_today":0,"sales_last_days":0,"reserved_stock":null,"customer_returns":null,"warehouse_damage":null,"lost_in_post":null,"other_logs":null,"out_stock_days":0,"lost_sales":0,"has_location":null,"update_date":"2026-04-27T07:08:12","atum_locations":[],"atum_stock_status":"outofstock","restock_status":false,"low_stock_amount":"","sales_update_date":"2025-09-02T00:09:33","calc_backorders":null,"_links":{"self":[{"href":"https:\/\/aromasentia.com\/da\/wp-json\/wp\/v2\/product\/200373","targetHints":{"allow":["GET"]}}],"collection":[{"href":"https:\/\/aromasentia.com\/da\/wp-json\/wp\/v2\/product"}],"about":[{"href":"https:\/\/aromasentia.com\/da\/wp-json\/wp\/v2\/types\/product"}],"replies":[{"embeddable":true,"href":"https:\/\/aromasentia.com\/da\/wp-json\/wp\/v2\/comments?post=200373"}],"version-history":[{"count":0,"href":"https:\/\/aromasentia.com\/da\/wp-json\/wp\/v2\/product\/200373\/revisions"}],"wp:featuredmedia":[{"embeddable":true,"href":"https:\/\/aromasentia.com\/da\/wp-json\/wp\/v2\/media\/289913"}],"wp:attachment":[{"href":"https:\/\/aromasentia.com\/da\/wp-json\/wp\/v2\/media?parent=200373"}],"wp:term":[{"taxonomy":"product_brand","embeddable":true,"href":"https:\/\/aromasentia.com\/da\/wp-json\/wp\/v2\/product_brand?post=200373"},{"taxonomy":"product_cat","embeddable":true,"href":"https:\/\/aromasentia.com\/da\/wp-json\/wp\/v2\/product_cat?post=200373"},{"taxonomy":"product_tag","embeddable":true,"href":"https:\/\/aromasentia.com\/da\/wp-json\/wp\/v2\/product_tag?post=200373"}],"curies":[{"name":"wp","href":"https:\/\/api.w.org\/{rel}","templated":true}]}}