{"id":200370,"date":"2025-03-20T17:26:06","date_gmt":"2025-03-20T17:26:06","guid":{"rendered":"https:\/\/aromasentia.com\/product\/handmade-soap-loaf-honey-slice-approx-100g\/"},"modified":"2025-06-22T03:28:02","modified_gmt":"2025-06-22T03:28:02","slug":"haandlavet-saebebar-honning-skive-ca-100-g","status":"publish","type":"product","link":"https:\/\/aromasentia.com\/da\/haandlavet-saebebar-honning-skive-ca-100-g\/","title":{"rendered":"H\u00e5ndlavet S\u00e6bebar &#8211; Honning &#8211; Skive Ca. 100 G"},"content":{"rendered":"<p>Plej din hud med den blide s\u00f8dme fra vores h\u00e5ndlavede s\u00e6be Loaf &#8211; Honey, der tilbyder behagelige skiver p\u00e5 ca. 100 g. Denne h\u00e5ndlavede s\u00e6be indeholder den naturlige godhed og de beroligende egenskaber ved honning, der er kendt for sine fugtgivende og antibakterielle kvaliteter. Hver h\u00e5ndsk\u00e5ret skive giver et bl\u00f8dt, cremet skum, der forsigtigt renser og plejer huden, s\u00e5 den f\u00f8les rolig, hydreret og subtilt s\u00f8d. Et vidunderligt valg til alle hudtyper, is\u00e6r f\u00f8lsom hud.<\/p>\n","protected":false},"excerpt":{"rendered":"<p>Plej din hud med den blide s\u00f8dme fra vores h\u00e5ndlavede s\u00e6be Loaf &#8211; Honey, der tilbyder behagelige skiver p\u00e5 ca. 100 g. Denne h\u00e5ndlavede s\u00e6be indeholder den naturlige godhed og de beroligende egenskaber ved honning, der er kendt for sine fugtgivende og antibakterielle kvaliteter. Hver h\u00e5ndsk\u00e5ret skive giver et bl\u00f8dt, cremet skum, der forsigtigt renser [&hellip;]<\/p>\n","protected":false},"featured_media":289976,"comment_status":"closed","ping_status":"open","template":"","meta":{"_angie_page":false},"product_brand":[],"product_cat":[6994,7012],"product_tag":[],"class_list":{"0":"post-200370","1":"product","2":"type-product","3":"status-publish","4":"has-post-thumbnail","6":"product_cat-bad-og-bruser","7":"product_cat-okologiske-saeber-saebebar","8":"pa_made-in-letland","9":"pa_size-100g","11":"first","12":"outofstock","13":"purchasable","14":"product-type-simple"},"supplier_id":null,"supplier_sku":"DSHSL-03","barcode":null,"atum_controlled":true,"out_stock_date":"2025-09-04 22:31:24","out_stock_threshold":null,"inheritable":false,"inbound_stock":0,"stock_on_hold":0,"sold_today":0,"sales_last_days":0,"reserved_stock":0,"customer_returns":0,"warehouse_damage":0,"lost_in_post":0,"other_logs":0,"out_stock_days":34,"lost_sales":0,"has_location":false,"update_date":"2026-04-27T06:59:27","atum_locations":[],"atum_stock_status":"outofstock","restock_status":false,"low_stock_amount":"","sales_update_date":"2025-10-09T03:29:09","calc_backorders":null,"_links":{"self":[{"href":"https:\/\/aromasentia.com\/da\/wp-json\/wp\/v2\/product\/200370","targetHints":{"allow":["GET"]}}],"collection":[{"href":"https:\/\/aromasentia.com\/da\/wp-json\/wp\/v2\/product"}],"about":[{"href":"https:\/\/aromasentia.com\/da\/wp-json\/wp\/v2\/types\/product"}],"replies":[{"embeddable":true,"href":"https:\/\/aromasentia.com\/da\/wp-json\/wp\/v2\/comments?post=200370"}],"version-history":[{"count":0,"href":"https:\/\/aromasentia.com\/da\/wp-json\/wp\/v2\/product\/200370\/revisions"}],"wp:featuredmedia":[{"embeddable":true,"href":"https:\/\/aromasentia.com\/da\/wp-json\/wp\/v2\/media\/289976"}],"wp:attachment":[{"href":"https:\/\/aromasentia.com\/da\/wp-json\/wp\/v2\/media?parent=200370"}],"wp:term":[{"taxonomy":"product_brand","embeddable":true,"href":"https:\/\/aromasentia.com\/da\/wp-json\/wp\/v2\/product_brand?post=200370"},{"taxonomy":"product_cat","embeddable":true,"href":"https:\/\/aromasentia.com\/da\/wp-json\/wp\/v2\/product_cat?post=200370"},{"taxonomy":"product_tag","embeddable":true,"href":"https:\/\/aromasentia.com\/da\/wp-json\/wp\/v2\/product_tag?post=200370"}],"curies":[{"name":"wp","href":"https:\/\/api.w.org\/{rel}","templated":true}]}}