{"id":200365,"date":"2025-03-20T17:26:11","date_gmt":"2025-03-20T17:26:11","guid":{"rendered":"https:\/\/aromasentia.com\/product\/happy-scrub-soap-purple-grape\/"},"modified":"2025-06-22T03:28:00","modified_gmt":"2025-06-22T03:28:00","slug":"happy-scrub-saebe-lilla-drue","status":"publish","type":"product","link":"https:\/\/aromasentia.com\/da\/happy-scrub-saebe-lilla-drue\/","title":{"rendered":"Happy Scrub-S\u00e6be &#8211; Lilla Drue"},"content":{"rendered":"<p>Opn\u00e5 str\u00e5lende hud med vores Happy Scrub Soap &#8211; Purple Grape. Denne livlige eksfolierende s\u00e6be har den s\u00f8de, saftige aroma af modne lilla druer kombineret med naturlige skrubbemidler, der n\u00e6nsomt polerer din hud. Den hj\u00e6lper med at fjerne sl\u00f8vhed og urenheder, s\u00e5 din hud f\u00f8les us\u00e6dvanligt bl\u00f8d, glat og revitaliseret. Den l\u00e6kre vindrueduft g\u00f8r din renserutine til en dejlig og forfriskende oplevelse, der giver en glad og sund gl\u00f8d.<\/p>\n","protected":false},"excerpt":{"rendered":"<p>Opn\u00e5 str\u00e5lende hud med vores Happy Scrub Soap &#8211; Purple Grape. Denne livlige eksfolierende s\u00e6be har den s\u00f8de, saftige aroma af modne lilla druer kombineret med naturlige skrubbemidler, der n\u00e6nsomt polerer din hud. Den hj\u00e6lper med at fjerne sl\u00f8vhed og urenheder, s\u00e5 din hud f\u00f8les us\u00e6dvanligt bl\u00f8d, glat og revitaliseret. Den l\u00e6kre vindrueduft g\u00f8r din [&hellip;]<\/p>\n","protected":false},"featured_media":290029,"comment_status":"closed","ping_status":"open","template":"","meta":{"_angie_page":false},"product_brand":[],"product_cat":[6994,7012],"product_tag":[],"class_list":{"0":"post-200365","1":"product","2":"type-product","3":"status-publish","4":"has-post-thumbnail","6":"product_cat-bad-og-bruser","7":"product_cat-okologiske-saeber-saebebar","8":"pa_collection-happy-scrub-soap-da","9":"pa_made-in-storbritannien","11":"first","12":"instock","13":"purchasable","14":"product-type-simple"},"supplier_id":null,"supplier_sku":"HSS-07","barcode":null,"atum_controlled":true,"out_stock_date":null,"out_stock_threshold":null,"inheritable":false,"inbound_stock":null,"stock_on_hold":0,"sold_today":0,"sales_last_days":0,"reserved_stock":null,"customer_returns":null,"warehouse_damage":null,"lost_in_post":null,"other_logs":null,"out_stock_days":0,"lost_sales":0,"has_location":null,"update_date":"2026-05-04T00:03:56","atum_locations":[],"atum_stock_status":"instock","restock_status":false,"low_stock_amount":"","sales_update_date":"2026-02-06T00:02:51","calc_backorders":null,"_links":{"self":[{"href":"https:\/\/aromasentia.com\/da\/wp-json\/wp\/v2\/product\/200365","targetHints":{"allow":["GET"]}}],"collection":[{"href":"https:\/\/aromasentia.com\/da\/wp-json\/wp\/v2\/product"}],"about":[{"href":"https:\/\/aromasentia.com\/da\/wp-json\/wp\/v2\/types\/product"}],"replies":[{"embeddable":true,"href":"https:\/\/aromasentia.com\/da\/wp-json\/wp\/v2\/comments?post=200365"}],"version-history":[{"count":0,"href":"https:\/\/aromasentia.com\/da\/wp-json\/wp\/v2\/product\/200365\/revisions"}],"wp:featuredmedia":[{"embeddable":true,"href":"https:\/\/aromasentia.com\/da\/wp-json\/wp\/v2\/media\/290029"}],"wp:attachment":[{"href":"https:\/\/aromasentia.com\/da\/wp-json\/wp\/v2\/media?parent=200365"}],"wp:term":[{"taxonomy":"product_brand","embeddable":true,"href":"https:\/\/aromasentia.com\/da\/wp-json\/wp\/v2\/product_brand?post=200365"},{"taxonomy":"product_cat","embeddable":true,"href":"https:\/\/aromasentia.com\/da\/wp-json\/wp\/v2\/product_cat?post=200365"},{"taxonomy":"product_tag","embeddable":true,"href":"https:\/\/aromasentia.com\/da\/wp-json\/wp\/v2\/product_tag?post=200365"}],"curies":[{"name":"wp","href":"https:\/\/api.w.org\/{rel}","templated":true}]}}