{"id":200364,"date":"2025-03-20T17:26:11","date_gmt":"2025-03-20T17:26:11","guid":{"rendered":"https:\/\/aromasentia.com\/product\/happy-scrub-soap-coconut\/"},"modified":"2025-06-22T03:27:59","modified_gmt":"2025-06-22T03:27:59","slug":"happy-scrub-saebe-kokosnoed","status":"publish","type":"product","link":"https:\/\/aromasentia.com\/da\/happy-scrub-saebe-kokosnoed\/","title":{"rendered":"Happy Scrub-S\u00e6be &#8211; Kokosn\u00f8d"},"content":{"rendered":"<p>Skrub dig til glat hud med vores Happy Scrub Soap &#8211; Coconut. Denne eksfolierende s\u00e6bebar kombinerer effektive naturlige skrubbepartikler med den cremede, eksotiske aroma af frisk kokosn\u00f8d. Den fjerner forsigtigt d\u00f8de hudceller og urenheder og afsl\u00f8rer en bl\u00f8dere, glattere og mere str\u00e5lende hud nedenunder. Den tropiske kokosduft forvandler dit brusebad til en lyksalig flugt og efterlader din hud poleret, hydreret og vidunderligt velduftende.<\/p>\n","protected":false},"excerpt":{"rendered":"<p>Skrub dig til glat hud med vores Happy Scrub Soap &#8211; Coconut. Denne eksfolierende s\u00e6bebar kombinerer effektive naturlige skrubbepartikler med den cremede, eksotiske aroma af frisk kokosn\u00f8d. Den fjerner forsigtigt d\u00f8de hudceller og urenheder og afsl\u00f8rer en bl\u00f8dere, glattere og mere str\u00e5lende hud nedenunder. Den tropiske kokosduft forvandler dit brusebad til en lyksalig flugt og [&hellip;]<\/p>\n","protected":false},"featured_media":290012,"comment_status":"closed","ping_status":"open","template":"","meta":{"_angie_page":false},"product_brand":[],"product_cat":[6994,7012],"product_tag":[],"class_list":{"0":"post-200364","1":"product","2":"type-product","3":"status-publish","4":"has-post-thumbnail","6":"product_cat-bad-og-bruser","7":"product_cat-okologiske-saeber-saebebar","8":"pa_collection-happy-scrub-soap-da","9":"pa_made-in-storbritannien","11":"first","12":"instock","13":"purchasable","14":"product-type-simple"},"supplier_id":null,"supplier_sku":"HSS-08","barcode":null,"atum_controlled":true,"out_stock_date":null,"out_stock_threshold":null,"inheritable":false,"inbound_stock":null,"stock_on_hold":0,"sold_today":0,"sales_last_days":0,"reserved_stock":null,"customer_returns":null,"warehouse_damage":null,"lost_in_post":null,"other_logs":null,"out_stock_days":0,"lost_sales":0,"has_location":null,"update_date":"2026-05-04T00:03:56","atum_locations":[],"atum_stock_status":"instock","restock_status":false,"low_stock_amount":"","sales_update_date":"2026-01-30T01:24:32","calc_backorders":null,"_links":{"self":[{"href":"https:\/\/aromasentia.com\/da\/wp-json\/wp\/v2\/product\/200364","targetHints":{"allow":["GET"]}}],"collection":[{"href":"https:\/\/aromasentia.com\/da\/wp-json\/wp\/v2\/product"}],"about":[{"href":"https:\/\/aromasentia.com\/da\/wp-json\/wp\/v2\/types\/product"}],"replies":[{"embeddable":true,"href":"https:\/\/aromasentia.com\/da\/wp-json\/wp\/v2\/comments?post=200364"}],"version-history":[{"count":0,"href":"https:\/\/aromasentia.com\/da\/wp-json\/wp\/v2\/product\/200364\/revisions"}],"wp:featuredmedia":[{"embeddable":true,"href":"https:\/\/aromasentia.com\/da\/wp-json\/wp\/v2\/media\/290012"}],"wp:attachment":[{"href":"https:\/\/aromasentia.com\/da\/wp-json\/wp\/v2\/media?parent=200364"}],"wp:term":[{"taxonomy":"product_brand","embeddable":true,"href":"https:\/\/aromasentia.com\/da\/wp-json\/wp\/v2\/product_brand?post=200364"},{"taxonomy":"product_cat","embeddable":true,"href":"https:\/\/aromasentia.com\/da\/wp-json\/wp\/v2\/product_cat?post=200364"},{"taxonomy":"product_tag","embeddable":true,"href":"https:\/\/aromasentia.com\/da\/wp-json\/wp\/v2\/product_tag?post=200364"}],"curies":[{"name":"wp","href":"https:\/\/api.w.org\/{rel}","templated":true}]}}