{"id":200362,"date":"2025-03-20T17:26:11","date_gmt":"2025-03-20T17:26:11","guid":{"rendered":"https:\/\/aromasentia.com\/product\/handmade-soap-loaf-pomegranate-slice-approx-100g\/"},"modified":"2025-06-22T03:27:58","modified_gmt":"2025-06-22T03:27:58","slug":"haandlavet-saebebar-granataeble-skive-ca-100-g","status":"publish","type":"product","link":"https:\/\/aromasentia.com\/da\/haandlavet-saebebar-granataeble-skive-ca-100-g\/","title":{"rendered":"H\u00e5ndlavet S\u00e6bebar &#8211; Granat\u00e6ble &#8211; Skive Ca. 100 G"},"content":{"rendered":"<p>Oplev antioxidantrig udrensning med vores h\u00e5ndlavede s\u00e6be &#8211; Granat\u00e6ble, der tilbyder eksotiske skiver p\u00e5 ca. 100 g. Denne h\u00e5ndlavede s\u00e6be er gennemsyret af den syrlige, frugtagtige og let s\u00f8de aroma af levende granat\u00e6ble. Hver h\u00e5ndsk\u00e5ret skive giver et luksuri\u00f8st skum, der renser blidt, mens den opl\u00f8ftende duft fryder sanserne. Denne s\u00e6be med granat\u00e6bleduft er kendt for sine gavnlige egenskaber og efterlader din hud forfrisket, bl\u00f8d og smukt revitaliseret med et strejf af eksotisk tiltr\u00e6kningskraft.<\/p>\n","protected":false},"excerpt":{"rendered":"<p>Oplev antioxidantrig udrensning med vores h\u00e5ndlavede s\u00e6be &#8211; Granat\u00e6ble, der tilbyder eksotiske skiver p\u00e5 ca. 100 g. Denne h\u00e5ndlavede s\u00e6be er gennemsyret af den syrlige, frugtagtige og let s\u00f8de aroma af levende granat\u00e6ble. Hver h\u00e5ndsk\u00e5ret skive giver et luksuri\u00f8st skum, der renser blidt, mens den opl\u00f8ftende duft fryder sanserne. Denne s\u00e6be med granat\u00e6bleduft er kendt [&hellip;]<\/p>\n","protected":false},"featured_media":289994,"comment_status":"closed","ping_status":"open","template":"","meta":{"_angie_page":false},"product_brand":[],"product_cat":[6994,25839,26844,26458,7012],"product_tag":[],"class_list":{"0":"post-200362","1":"product","2":"type-product","3":"status-publish","4":"has-post-thumbnail","6":"product_cat-bad-og-bruser","7":"product_cat-dufte-aromaer","8":"product_cat-frugtagtig","9":"product_cat-granataeble","10":"product_cat-okologiske-saeber-saebebar","11":"pa_made-in-letland","12":"pa_size-100g","14":"first","15":"outofstock","16":"purchasable","17":"product-type-simple"},"supplier_id":null,"supplier_sku":"DSHSL-07","barcode":null,"atum_controlled":true,"out_stock_date":"2025-09-04 22:31:29","out_stock_threshold":null,"inheritable":false,"inbound_stock":null,"stock_on_hold":0,"sold_today":0,"sales_last_days":0,"reserved_stock":null,"customer_returns":null,"warehouse_damage":null,"lost_in_post":null,"other_logs":null,"out_stock_days":34,"lost_sales":0,"has_location":null,"update_date":"2026-04-27T06:59:27","atum_locations":[],"atum_stock_status":"outofstock","restock_status":false,"low_stock_amount":"","sales_update_date":"2025-10-09T03:29:09","calc_backorders":null,"_links":{"self":[{"href":"https:\/\/aromasentia.com\/da\/wp-json\/wp\/v2\/product\/200362","targetHints":{"allow":["GET"]}}],"collection":[{"href":"https:\/\/aromasentia.com\/da\/wp-json\/wp\/v2\/product"}],"about":[{"href":"https:\/\/aromasentia.com\/da\/wp-json\/wp\/v2\/types\/product"}],"replies":[{"embeddable":true,"href":"https:\/\/aromasentia.com\/da\/wp-json\/wp\/v2\/comments?post=200362"}],"version-history":[{"count":0,"href":"https:\/\/aromasentia.com\/da\/wp-json\/wp\/v2\/product\/200362\/revisions"}],"wp:featuredmedia":[{"embeddable":true,"href":"https:\/\/aromasentia.com\/da\/wp-json\/wp\/v2\/media\/289994"}],"wp:attachment":[{"href":"https:\/\/aromasentia.com\/da\/wp-json\/wp\/v2\/media?parent=200362"}],"wp:term":[{"taxonomy":"product_brand","embeddable":true,"href":"https:\/\/aromasentia.com\/da\/wp-json\/wp\/v2\/product_brand?post=200362"},{"taxonomy":"product_cat","embeddable":true,"href":"https:\/\/aromasentia.com\/da\/wp-json\/wp\/v2\/product_cat?post=200362"},{"taxonomy":"product_tag","embeddable":true,"href":"https:\/\/aromasentia.com\/da\/wp-json\/wp\/v2\/product_tag?post=200362"}],"curies":[{"name":"wp","href":"https:\/\/api.w.org\/{rel}","templated":true}]}}