{"id":200361,"date":"2025-03-20T17:26:11","date_gmt":"2025-03-20T17:26:11","guid":{"rendered":"https:\/\/aromasentia.com\/product\/handmade-soap-loaf-watermelon-slice-approx-100g\/"},"modified":"2025-06-22T03:27:56","modified_gmt":"2025-06-22T03:27:56","slug":"haandlavet-saebebar-vandmelon-skive-ca-100-g","status":"publish","type":"product","link":"https:\/\/aromasentia.com\/da\/haandlavet-saebebar-vandmelon-skive-ca-100-g\/","title":{"rendered":"H\u00e5ndlavet S\u00e6bebar &#8211; Vandmelon &#8211; Skive Ca. 100 G"},"content":{"rendered":"<p>Forfrisk dig med den saftige essens af vores h\u00e5ndlavede s\u00e6be &#8211; vandmelon, der giver levende skiver p\u00e5 ca. 100 g. Denne dejlige h\u00e5ndlavede s\u00e6be indfanger den lette, s\u00f8de og utroligt forfriskende aroma af moden vandmelon. Hver h\u00e5ndsk\u00e5ret skive skaber et revitaliserende skum, der blidt renser huden og efterlader den bl\u00f8d, k\u00f8lig og smukt duftende med denne sommerlige, fugtgivende duft. En perfekt behandling til at styrke dine sanser og give din hud ny energi.<\/p>\n","protected":false},"excerpt":{"rendered":"<p>Forfrisk dig med den saftige essens af vores h\u00e5ndlavede s\u00e6be &#8211; vandmelon, der giver levende skiver p\u00e5 ca. 100 g. Denne dejlige h\u00e5ndlavede s\u00e6be indfanger den lette, s\u00f8de og utroligt forfriskende aroma af moden vandmelon. Hver h\u00e5ndsk\u00e5ret skive skaber et revitaliserende skum, der blidt renser huden og efterlader den bl\u00f8d, k\u00f8lig og smukt duftende med [&hellip;]<\/p>\n","protected":false},"featured_media":289985,"comment_status":"closed","ping_status":"open","template":"","meta":{"_angie_page":false},"product_brand":[],"product_cat":[6994,25839,26844,7012,26460],"product_tag":[],"class_list":{"0":"post-200361","1":"product","2":"type-product","3":"status-publish","4":"has-post-thumbnail","6":"product_cat-bad-og-bruser","7":"product_cat-dufte-aromaer","8":"product_cat-frugtagtig","9":"product_cat-okologiske-saeber-saebebar","10":"product_cat-vandmelon","11":"pa_made-in-letland","12":"pa_size-100g","14":"first","15":"instock","16":"purchasable","17":"product-type-simple"},"supplier_id":null,"supplier_sku":"DSHSL-04","barcode":null,"atum_controlled":true,"out_stock_date":null,"out_stock_threshold":null,"inheritable":false,"inbound_stock":null,"stock_on_hold":0,"sold_today":0,"sales_last_days":0,"reserved_stock":null,"customer_returns":null,"warehouse_damage":null,"lost_in_post":null,"other_logs":null,"out_stock_days":0,"lost_sales":0,"has_location":null,"update_date":"2026-05-02T01:01:34","atum_locations":[],"atum_stock_status":"instock","restock_status":false,"low_stock_amount":"","sales_update_date":"2025-10-09T03:29:09","calc_backorders":null,"_links":{"self":[{"href":"https:\/\/aromasentia.com\/da\/wp-json\/wp\/v2\/product\/200361","targetHints":{"allow":["GET"]}}],"collection":[{"href":"https:\/\/aromasentia.com\/da\/wp-json\/wp\/v2\/product"}],"about":[{"href":"https:\/\/aromasentia.com\/da\/wp-json\/wp\/v2\/types\/product"}],"replies":[{"embeddable":true,"href":"https:\/\/aromasentia.com\/da\/wp-json\/wp\/v2\/comments?post=200361"}],"version-history":[{"count":0,"href":"https:\/\/aromasentia.com\/da\/wp-json\/wp\/v2\/product\/200361\/revisions"}],"wp:featuredmedia":[{"embeddable":true,"href":"https:\/\/aromasentia.com\/da\/wp-json\/wp\/v2\/media\/289985"}],"wp:attachment":[{"href":"https:\/\/aromasentia.com\/da\/wp-json\/wp\/v2\/media?parent=200361"}],"wp:term":[{"taxonomy":"product_brand","embeddable":true,"href":"https:\/\/aromasentia.com\/da\/wp-json\/wp\/v2\/product_brand?post=200361"},{"taxonomy":"product_cat","embeddable":true,"href":"https:\/\/aromasentia.com\/da\/wp-json\/wp\/v2\/product_cat?post=200361"},{"taxonomy":"product_tag","embeddable":true,"href":"https:\/\/aromasentia.com\/da\/wp-json\/wp\/v2\/product_tag?post=200361"}],"curies":[{"name":"wp","href":"https:\/\/api.w.org\/{rel}","templated":true}]}}