{"id":200360,"date":"2025-03-20T17:26:19","date_gmt":"2025-03-20T17:26:19","guid":{"rendered":"https:\/\/aromasentia.com\/product\/happy-scrub-soap-grapefruit\/"},"modified":"2025-06-22T03:27:56","modified_gmt":"2025-06-22T03:27:56","slug":"happy-scrub-saebe-grapefrugt","status":"publish","type":"product","link":"https:\/\/aromasentia.com\/da\/happy-scrub-saebe-grapefrugt\/","title":{"rendered":"Happy Scrub-S\u00e6be &#8211; Grapefrugt"},"content":{"rendered":"<p>V\u00e6k din hud og dine sanser med vores Happy Scrub Soap &#8211; Grapefruit. Denne forfriskende eksfolierende s\u00e6be har en syrlig, opl\u00f8ftende og forfriskende duft af pikant grapefrugt, tilsat naturlige skrubbepartikler. Den fjerner effektivt d\u00f8de hudceller og urenheder, fremmer cirkulationen og efterlader din hud med en us\u00e6dvanlig glat, revitaliseret og tonet fornemmelse. Den lyse citrusduft giver et energigivende boost, perfekt til at starte dagen med at f\u00f8le sig forfrisket og levende.<\/p>\n","protected":false},"excerpt":{"rendered":"<p>V\u00e6k din hud og dine sanser med vores Happy Scrub Soap &#8211; Grapefruit. Denne forfriskende eksfolierende s\u00e6be har en syrlig, opl\u00f8ftende og forfriskende duft af pikant grapefrugt, tilsat naturlige skrubbepartikler. Den fjerner effektivt d\u00f8de hudceller og urenheder, fremmer cirkulationen og efterlader din hud med en us\u00e6dvanlig glat, revitaliseret og tonet fornemmelse. Den lyse citrusduft giver [&hellip;]<\/p>\n","protected":false},"featured_media":290114,"comment_status":"closed","ping_status":"open","template":"","meta":[],"product_brand":[],"product_cat":[6994,26816,25839,25950,7012],"product_tag":[],"class_list":{"0":"post-200360","1":"product","2":"type-product","3":"status-publish","4":"has-post-thumbnail","6":"product_cat-bad-og-bruser","7":"product_cat-citrus","8":"product_cat-dufte-aromaer","9":"product_cat-grapefrugt","10":"product_cat-okologiske-saeber-saebebar","11":"pa_collection-happy-scrub-soap-da","12":"pa_made-in-storbritannien","14":"first","15":"outofstock","16":"purchasable","17":"product-type-simple"},"supplier_id":null,"supplier_sku":"HSS-02","barcode":null,"atum_controlled":true,"out_stock_date":"2025-12-20 17:44:19","out_stock_threshold":null,"inheritable":false,"inbound_stock":null,"stock_on_hold":0,"sold_today":0,"sales_last_days":0,"reserved_stock":null,"customer_returns":null,"warehouse_damage":null,"lost_in_post":null,"other_logs":null,"out_stock_days":47,"lost_sales":0,"has_location":null,"update_date":"2026-02-06T00:01:03","atum_locations":[],"atum_stock_status":"outofstock","restock_status":false,"low_stock_amount":"","sales_update_date":"2026-02-06T00:01:03","calc_backorders":null,"_links":{"self":[{"href":"https:\/\/aromasentia.com\/da\/wp-json\/wp\/v2\/product\/200360","targetHints":{"allow":["GET"]}}],"collection":[{"href":"https:\/\/aromasentia.com\/da\/wp-json\/wp\/v2\/product"}],"about":[{"href":"https:\/\/aromasentia.com\/da\/wp-json\/wp\/v2\/types\/product"}],"replies":[{"embeddable":true,"href":"https:\/\/aromasentia.com\/da\/wp-json\/wp\/v2\/comments?post=200360"}],"version-history":[{"count":0,"href":"https:\/\/aromasentia.com\/da\/wp-json\/wp\/v2\/product\/200360\/revisions"}],"wp:featuredmedia":[{"embeddable":true,"href":"https:\/\/aromasentia.com\/da\/wp-json\/wp\/v2\/media\/290114"}],"wp:attachment":[{"href":"https:\/\/aromasentia.com\/da\/wp-json\/wp\/v2\/media?parent=200360"}],"wp:term":[{"taxonomy":"product_brand","embeddable":true,"href":"https:\/\/aromasentia.com\/da\/wp-json\/wp\/v2\/product_brand?post=200360"},{"taxonomy":"product_cat","embeddable":true,"href":"https:\/\/aromasentia.com\/da\/wp-json\/wp\/v2\/product_cat?post=200360"},{"taxonomy":"product_tag","embeddable":true,"href":"https:\/\/aromasentia.com\/da\/wp-json\/wp\/v2\/product_tag?post=200360"}],"curies":[{"name":"wp","href":"https:\/\/api.w.org\/{rel}","templated":true}]}}