{"id":200359,"date":"2025-03-20T17:26:19","date_gmt":"2025-03-20T17:26:19","guid":{"rendered":"https:\/\/aromasentia.com\/product\/happy-scrub-soap-bubblegum\/"},"modified":"2025-06-22T03:27:55","modified_gmt":"2025-06-22T03:27:55","slug":"happy-scrub-saebe-tyggegummi","status":"publish","type":"product","link":"https:\/\/aromasentia.com\/da\/happy-scrub-saebe-tyggegummi\/","title":{"rendered":"Happy Scrub-S\u00e6be &#8211; Tyggegummi"},"content":{"rendered":"<p>G\u00f8r din eksfoliering lidt sjovere med vores Happy Scrub Soap &#8211; Bubblegum. Denne legende eksfolieringsbar bringer s\u00f8de barndomsminder tilbage med sin klassiske tyggegummiduft kombineret med effektive naturlige skrubbemidler. Den polerer blidt din hud, fjerner mathed og efterlader den bl\u00f8d, glat og vidunderligt forfrisket. Den muntre, sukkerholdige duft g\u00f8r dit brusebad til et dejligt og opl\u00f8ftende eventyr og tilf\u00f8jer et strejf af finurlig sjov til din dag.<\/p>\n","protected":false},"excerpt":{"rendered":"<p>G\u00f8r din eksfoliering lidt sjovere med vores Happy Scrub Soap &#8211; Bubblegum. Denne legende eksfolieringsbar bringer s\u00f8de barndomsminder tilbage med sin klassiske tyggegummiduft kombineret med effektive naturlige skrubbemidler. Den polerer blidt din hud, fjerner mathed og efterlader den bl\u00f8d, glat og vidunderligt forfrisket. Den muntre, sukkerholdige duft g\u00f8r dit brusebad til et dejligt og opl\u00f8ftende [&hellip;]<\/p>\n","protected":false},"featured_media":290097,"comment_status":"closed","ping_status":"open","template":"","meta":{"_angie_page":false},"product_brand":[],"product_cat":[6994,7012],"product_tag":[],"class_list":{"0":"post-200359","1":"product","2":"type-product","3":"status-publish","4":"has-post-thumbnail","6":"product_cat-bad-og-bruser","7":"product_cat-okologiske-saeber-saebebar","8":"pa_collection-happy-scrub-soap-da","9":"pa_made-in-storbritannien","11":"first","12":"instock","13":"purchasable","14":"product-type-simple"},"supplier_id":null,"supplier_sku":"HSS-03","barcode":null,"atum_controlled":true,"out_stock_date":null,"out_stock_threshold":null,"inheritable":false,"inbound_stock":null,"stock_on_hold":0,"sold_today":0,"sales_last_days":0,"reserved_stock":null,"customer_returns":null,"warehouse_damage":null,"lost_in_post":null,"other_logs":null,"out_stock_days":0,"lost_sales":0,"has_location":null,"update_date":"2026-04-27T07:08:12","atum_locations":[],"atum_stock_status":"instock","restock_status":false,"low_stock_amount":"","sales_update_date":"2025-09-05T00:19:40","calc_backorders":null,"_links":{"self":[{"href":"https:\/\/aromasentia.com\/da\/wp-json\/wp\/v2\/product\/200359","targetHints":{"allow":["GET"]}}],"collection":[{"href":"https:\/\/aromasentia.com\/da\/wp-json\/wp\/v2\/product"}],"about":[{"href":"https:\/\/aromasentia.com\/da\/wp-json\/wp\/v2\/types\/product"}],"replies":[{"embeddable":true,"href":"https:\/\/aromasentia.com\/da\/wp-json\/wp\/v2\/comments?post=200359"}],"version-history":[{"count":0,"href":"https:\/\/aromasentia.com\/da\/wp-json\/wp\/v2\/product\/200359\/revisions"}],"wp:featuredmedia":[{"embeddable":true,"href":"https:\/\/aromasentia.com\/da\/wp-json\/wp\/v2\/media\/290097"}],"wp:attachment":[{"href":"https:\/\/aromasentia.com\/da\/wp-json\/wp\/v2\/media?parent=200359"}],"wp:term":[{"taxonomy":"product_brand","embeddable":true,"href":"https:\/\/aromasentia.com\/da\/wp-json\/wp\/v2\/product_brand?post=200359"},{"taxonomy":"product_cat","embeddable":true,"href":"https:\/\/aromasentia.com\/da\/wp-json\/wp\/v2\/product_cat?post=200359"},{"taxonomy":"product_tag","embeddable":true,"href":"https:\/\/aromasentia.com\/da\/wp-json\/wp\/v2\/product_tag?post=200359"}],"curies":[{"name":"wp","href":"https:\/\/api.w.org\/{rel}","templated":true}]}}