{"id":200358,"date":"2025-03-20T17:26:19","date_gmt":"2025-03-20T17:26:19","guid":{"rendered":"https:\/\/aromasentia.com\/product\/happy-scrub-soap-strawberry-guava\/"},"modified":"2025-06-22T03:27:55","modified_gmt":"2025-06-22T03:27:55","slug":"happy-scrub-saebe-jordbaer-guava","status":"publish","type":"product","link":"https:\/\/aromasentia.com\/da\/happy-scrub-saebe-jordbaer-guava\/","title":{"rendered":"Happy Scrub S\u00e6be &#8211; Jordb\u00e6r &#038; Guava"},"content":{"rendered":"<p>Nyd et strejf af frugtagtig friskhed med vores Happy Scrub Soap &#8211; Strawberry &#038; Guava. Denne eksfolierende s\u00e6bebar kombinerer den s\u00f8de duft af saftige jordb\u00e6r med den eksotiske skal af tropisk guava sammen med blide, naturlige skrubbepartikler. Den fjerner effektivt urenheder og d\u00f8de hudceller, s\u00e5 din hud f\u00f8les utrolig bl\u00f8d, glat og revitaliseret. Den dejlige, livlige duft g\u00f8r din renserutine til en virkelig glad og forfriskende oplevelse.<\/p>\n","protected":false},"excerpt":{"rendered":"<p>Nyd et strejf af frugtagtig friskhed med vores Happy Scrub Soap &#8211; Strawberry &#038; Guava. Denne eksfolierende s\u00e6bebar kombinerer den s\u00f8de duft af saftige jordb\u00e6r med den eksotiske skal af tropisk guava sammen med blide, naturlige skrubbepartikler. Den fjerner effektivt urenheder og d\u00f8de hudceller, s\u00e5 din hud f\u00f8les utrolig bl\u00f8d, glat og revitaliseret. Den dejlige, [&hellip;]<\/p>\n","protected":false},"featured_media":290080,"comment_status":"closed","ping_status":"open","template":"","meta":{"_angie_page":false},"product_brand":[],"product_cat":[6994,25839,26844,26555,26519,7012],"product_tag":[],"class_list":{"0":"post-200358","1":"product","2":"type-product","3":"status-publish","4":"has-post-thumbnail","6":"product_cat-bad-og-bruser","7":"product_cat-dufte-aromaer","8":"product_cat-frugtagtig","9":"product_cat-guava","10":"product_cat-jordbaer","11":"product_cat-okologiske-saeber-saebebar","12":"pa_collection-happy-scrub-soap-da","13":"pa_made-in-storbritannien","15":"first","16":"instock","17":"purchasable","18":"product-type-simple"},"supplier_id":null,"supplier_sku":"HSS-04","barcode":null,"atum_controlled":true,"out_stock_date":null,"out_stock_threshold":null,"inheritable":false,"inbound_stock":null,"stock_on_hold":0,"sold_today":0,"sales_last_days":0,"reserved_stock":null,"customer_returns":null,"warehouse_damage":null,"lost_in_post":null,"other_logs":null,"out_stock_days":0,"lost_sales":0,"has_location":null,"update_date":"2026-04-27T07:08:12","atum_locations":[],"atum_stock_status":"instock","restock_status":false,"low_stock_amount":"","sales_update_date":"2025-09-05T00:19:39","calc_backorders":null,"_links":{"self":[{"href":"https:\/\/aromasentia.com\/da\/wp-json\/wp\/v2\/product\/200358","targetHints":{"allow":["GET"]}}],"collection":[{"href":"https:\/\/aromasentia.com\/da\/wp-json\/wp\/v2\/product"}],"about":[{"href":"https:\/\/aromasentia.com\/da\/wp-json\/wp\/v2\/types\/product"}],"replies":[{"embeddable":true,"href":"https:\/\/aromasentia.com\/da\/wp-json\/wp\/v2\/comments?post=200358"}],"version-history":[{"count":0,"href":"https:\/\/aromasentia.com\/da\/wp-json\/wp\/v2\/product\/200358\/revisions"}],"wp:featuredmedia":[{"embeddable":true,"href":"https:\/\/aromasentia.com\/da\/wp-json\/wp\/v2\/media\/290080"}],"wp:attachment":[{"href":"https:\/\/aromasentia.com\/da\/wp-json\/wp\/v2\/media?parent=200358"}],"wp:term":[{"taxonomy":"product_brand","embeddable":true,"href":"https:\/\/aromasentia.com\/da\/wp-json\/wp\/v2\/product_brand?post=200358"},{"taxonomy":"product_cat","embeddable":true,"href":"https:\/\/aromasentia.com\/da\/wp-json\/wp\/v2\/product_cat?post=200358"},{"taxonomy":"product_tag","embeddable":true,"href":"https:\/\/aromasentia.com\/da\/wp-json\/wp\/v2\/product_tag?post=200358"}],"curies":[{"name":"wp","href":"https:\/\/api.w.org\/{rel}","templated":true}]}}