{"id":200357,"date":"2025-03-20T17:26:19","date_gmt":"2025-03-20T17:26:19","guid":{"rendered":"https:\/\/aromasentia.com\/product\/happy-scrub-soap-mango\/"},"modified":"2025-06-22T03:27:54","modified_gmt":"2025-06-22T03:27:54","slug":"happy-scrub-saebe-mango","status":"publish","type":"product","link":"https:\/\/aromasentia.com\/da\/happy-scrub-saebe-mango\/","title":{"rendered":"Happy Scrub-S\u00e6be &#8211; Mango"},"content":{"rendered":"<p>Lad dine sanser rejse med vores Happy Scrub Soap &#8211; Mango. Denne tropisk inspirerede eksfolierende s\u00e6be er fyldt med den liflige, s\u00f8de duft af moden mango og naturlige skrubbemidler. Den polerer forsigtigt kedelig, t\u00f8r hud v\u00e6k og afsl\u00f8rer en bl\u00f8dere, glattere og mere str\u00e5lende dig. Den forfriskende mangoduft g\u00f8r dit daglige brusebad til en opl\u00f8ftende flugt, s\u00e5 din hud f\u00f8les forfrisket, smukt plejet og dufter helt fantastisk.<\/p>\n","protected":false},"excerpt":{"rendered":"<p>Lad dine sanser rejse med vores Happy Scrub Soap &#8211; Mango. Denne tropisk inspirerede eksfolierende s\u00e6be er fyldt med den liflige, s\u00f8de duft af moden mango og naturlige skrubbemidler. Den polerer forsigtigt kedelig, t\u00f8r hud v\u00e6k og afsl\u00f8rer en bl\u00f8dere, glattere og mere str\u00e5lende dig. Den forfriskende mangoduft g\u00f8r dit daglige brusebad til en opl\u00f8ftende [&hellip;]<\/p>\n","protected":false},"featured_media":290063,"comment_status":"closed","ping_status":"open","template":"","meta":{"_angie_page":false},"product_brand":[],"product_cat":[6994,7012],"product_tag":[],"class_list":{"0":"post-200357","1":"product","2":"type-product","3":"status-publish","4":"has-post-thumbnail","6":"product_cat-bad-og-bruser","7":"product_cat-okologiske-saeber-saebebar","8":"pa_collection-happy-scrub-soap-da","9":"pa_made-in-storbritannien","11":"first","12":"instock","13":"purchasable","14":"product-type-simple"},"supplier_id":null,"supplier_sku":"HSS-05","barcode":null,"atum_controlled":true,"out_stock_date":null,"out_stock_threshold":null,"inheritable":false,"inbound_stock":null,"stock_on_hold":0,"sold_today":0,"sales_last_days":0,"reserved_stock":null,"customer_returns":null,"warehouse_damage":null,"lost_in_post":null,"other_logs":null,"out_stock_days":0,"lost_sales":0,"has_location":null,"update_date":"2026-04-27T07:08:12","atum_locations":[],"atum_stock_status":"instock","restock_status":false,"low_stock_amount":"","sales_update_date":"2025-09-05T00:19:39","calc_backorders":null,"_links":{"self":[{"href":"https:\/\/aromasentia.com\/da\/wp-json\/wp\/v2\/product\/200357","targetHints":{"allow":["GET"]}}],"collection":[{"href":"https:\/\/aromasentia.com\/da\/wp-json\/wp\/v2\/product"}],"about":[{"href":"https:\/\/aromasentia.com\/da\/wp-json\/wp\/v2\/types\/product"}],"replies":[{"embeddable":true,"href":"https:\/\/aromasentia.com\/da\/wp-json\/wp\/v2\/comments?post=200357"}],"version-history":[{"count":0,"href":"https:\/\/aromasentia.com\/da\/wp-json\/wp\/v2\/product\/200357\/revisions"}],"wp:featuredmedia":[{"embeddable":true,"href":"https:\/\/aromasentia.com\/da\/wp-json\/wp\/v2\/media\/290063"}],"wp:attachment":[{"href":"https:\/\/aromasentia.com\/da\/wp-json\/wp\/v2\/media?parent=200357"}],"wp:term":[{"taxonomy":"product_brand","embeddable":true,"href":"https:\/\/aromasentia.com\/da\/wp-json\/wp\/v2\/product_brand?post=200357"},{"taxonomy":"product_cat","embeddable":true,"href":"https:\/\/aromasentia.com\/da\/wp-json\/wp\/v2\/product_cat?post=200357"},{"taxonomy":"product_tag","embeddable":true,"href":"https:\/\/aromasentia.com\/da\/wp-json\/wp\/v2\/product_tag?post=200357"}],"curies":[{"name":"wp","href":"https:\/\/api.w.org\/{rel}","templated":true}]}}