{"id":200351,"date":"2025-03-20T17:26:27","date_gmt":"2025-03-20T17:26:27","guid":{"rendered":"https:\/\/aromasentia.com\/product\/happy-scrub-soap-pinacolada\/"},"modified":"2025-06-22T03:27:52","modified_gmt":"2025-06-22T03:27:52","slug":"happy-scrub-saebe-pinacolada","status":"publish","type":"product","link":"https:\/\/aromasentia.com\/da\/happy-scrub-saebe-pinacolada\/","title":{"rendered":"Happy Scrub-S\u00e6be &#8211; Pinacolada"},"content":{"rendered":"<p>Tag til et tropisk paradis med vores Happy Scrub Soap &#8211; Pinacolada. Denne eksfolierende s\u00e6be har en uimodst\u00e5elig duft af cremet kokosn\u00f8d og saftig ananas, blandet med naturlige skrubbemidler. Den polerer forsigtigt din hud, fjerner mathed og afsl\u00f8rer en bl\u00f8dere, glattere tekstur. Den klassiske cocktail-inspirerede duft forvandler dit brusebad til en miniferie og efterlader din hud forfrisket, smukt plejet og l\u00e6kkert duftende.<\/p>\n","protected":false},"excerpt":{"rendered":"<p>Tag til et tropisk paradis med vores Happy Scrub Soap &#8211; Pinacolada. Denne eksfolierende s\u00e6be har en uimodst\u00e5elig duft af cremet kokosn\u00f8d og saftig ananas, blandet med naturlige skrubbemidler. Den polerer forsigtigt din hud, fjerner mathed og afsl\u00f8rer en bl\u00f8dere, glattere tekstur. Den klassiske cocktail-inspirerede duft forvandler dit brusebad til en miniferie og efterlader din [&hellip;]<\/p>\n","protected":false},"featured_media":290131,"comment_status":"closed","ping_status":"open","template":"","meta":{"_angie_page":false},"product_brand":[],"product_cat":[6994,7012],"product_tag":[],"class_list":{"0":"post-200351","1":"product","2":"type-product","3":"status-publish","4":"has-post-thumbnail","6":"product_cat-bad-og-bruser","7":"product_cat-okologiske-saeber-saebebar","8":"pa_collection-happy-scrub-soap-da","9":"pa_made-in-storbritannien","11":"first","12":"instock","13":"purchasable","14":"product-type-simple"},"supplier_id":null,"supplier_sku":"HSS-01","barcode":null,"atum_controlled":true,"out_stock_date":null,"out_stock_threshold":null,"inheritable":false,"inbound_stock":null,"stock_on_hold":0,"sold_today":0,"sales_last_days":0,"reserved_stock":null,"customer_returns":null,"warehouse_damage":null,"lost_in_post":null,"other_logs":null,"out_stock_days":0,"lost_sales":0,"has_location":null,"update_date":"2026-04-27T07:08:12","atum_locations":[],"atum_stock_status":"instock","restock_status":false,"low_stock_amount":"","sales_update_date":"2026-02-06T00:02:17","calc_backorders":null,"_links":{"self":[{"href":"https:\/\/aromasentia.com\/da\/wp-json\/wp\/v2\/product\/200351","targetHints":{"allow":["GET"]}}],"collection":[{"href":"https:\/\/aromasentia.com\/da\/wp-json\/wp\/v2\/product"}],"about":[{"href":"https:\/\/aromasentia.com\/da\/wp-json\/wp\/v2\/types\/product"}],"replies":[{"embeddable":true,"href":"https:\/\/aromasentia.com\/da\/wp-json\/wp\/v2\/comments?post=200351"}],"version-history":[{"count":0,"href":"https:\/\/aromasentia.com\/da\/wp-json\/wp\/v2\/product\/200351\/revisions"}],"wp:featuredmedia":[{"embeddable":true,"href":"https:\/\/aromasentia.com\/da\/wp-json\/wp\/v2\/media\/290131"}],"wp:attachment":[{"href":"https:\/\/aromasentia.com\/da\/wp-json\/wp\/v2\/media?parent=200351"}],"wp:term":[{"taxonomy":"product_brand","embeddable":true,"href":"https:\/\/aromasentia.com\/da\/wp-json\/wp\/v2\/product_brand?post=200351"},{"taxonomy":"product_cat","embeddable":true,"href":"https:\/\/aromasentia.com\/da\/wp-json\/wp\/v2\/product_cat?post=200351"},{"taxonomy":"product_tag","embeddable":true,"href":"https:\/\/aromasentia.com\/da\/wp-json\/wp\/v2\/product_tag?post=200351"}],"curies":[{"name":"wp","href":"https:\/\/api.w.org\/{rel}","templated":true}]}}