{"id":200341,"date":"2025-03-20T17:27:02","date_gmt":"2025-03-20T17:27:02","guid":{"rendered":"https:\/\/aromasentia.com\/product\/baby-powder-bath-bomb\/"},"modified":"2025-06-22T03:27:45","modified_gmt":"2025-06-22T03:27:45","slug":"badebombe-babypudder","status":"publish","type":"product","link":"https:\/\/aromasentia.com\/da\/badebombe-babypudder\/","title":{"rendered":"Badebombe Babypudder"},"content":{"rendered":"<p>Babypudderbadebomber er ogs\u00e5 en god v\u00e6rdi for pengene. Hver kugle vejer hele 180+ gram og indeholder sheasm\u00f8r, der g\u00f8r dem bl\u00f8dere mod din hud.<\/p>\n<p>Vi har et udvalg af fantastiske dufte at v\u00e6lge imellem, hver i deres egen karakteristiske farve.<\/p>\n<p>K\u00f8b flere forskellige yderdufte for at lave et i\u00f8jnefaldende display i din butik, som dine kunder ikke vil kunne modst\u00e5.<\/p>\n","protected":false},"excerpt":{"rendered":"<p>Babypudderbadebomber er ogs\u00e5 en god v\u00e6rdi for pengene. Hver kugle vejer hele 180+ gram og indeholder sheasm\u00f8r, der g\u00f8r dem bl\u00f8dere mod din hud. Vi har et udvalg af fantastiske dufte at v\u00e6lge imellem, hver i deres egen karakteristiske farve. K\u00f8b flere forskellige yderdufte for at lave et i\u00f8jnefaldende display i din butik, som dine [&hellip;]<\/p>\n","protected":false},"featured_media":290309,"comment_status":"closed","ping_status":"open","template":"","meta":{"_angie_page":false},"product_brand":[],"product_cat":[6994,7029],"product_tag":[],"class_list":{"0":"post-200341","1":"product","2":"type-product","3":"status-publish","4":"has-post-thumbnail","6":"product_cat-bad-og-bruser","7":"product_cat-badebomber","8":"pa_made-in-storbritannien","10":"first","11":"instock","12":"purchasable","13":"product-type-simple"},"supplier_id":null,"supplier_sku":"JBB-11","barcode":null,"atum_controlled":true,"out_stock_date":null,"out_stock_threshold":null,"inheritable":false,"inbound_stock":null,"stock_on_hold":0,"sold_today":0,"sales_last_days":0,"reserved_stock":null,"customer_returns":null,"warehouse_damage":null,"lost_in_post":null,"other_logs":null,"out_stock_days":0,"lost_sales":0,"has_location":null,"update_date":"2026-05-08T05:11:57","atum_locations":[],"atum_stock_status":"instock","restock_status":false,"low_stock_amount":"","sales_update_date":"2025-09-05T00:19:42","calc_backorders":null,"_links":{"self":[{"href":"https:\/\/aromasentia.com\/da\/wp-json\/wp\/v2\/product\/200341","targetHints":{"allow":["GET"]}}],"collection":[{"href":"https:\/\/aromasentia.com\/da\/wp-json\/wp\/v2\/product"}],"about":[{"href":"https:\/\/aromasentia.com\/da\/wp-json\/wp\/v2\/types\/product"}],"replies":[{"embeddable":true,"href":"https:\/\/aromasentia.com\/da\/wp-json\/wp\/v2\/comments?post=200341"}],"version-history":[{"count":0,"href":"https:\/\/aromasentia.com\/da\/wp-json\/wp\/v2\/product\/200341\/revisions"}],"wp:featuredmedia":[{"embeddable":true,"href":"https:\/\/aromasentia.com\/da\/wp-json\/wp\/v2\/media\/290309"}],"wp:attachment":[{"href":"https:\/\/aromasentia.com\/da\/wp-json\/wp\/v2\/media?parent=200341"}],"wp:term":[{"taxonomy":"product_brand","embeddable":true,"href":"https:\/\/aromasentia.com\/da\/wp-json\/wp\/v2\/product_brand?post=200341"},{"taxonomy":"product_cat","embeddable":true,"href":"https:\/\/aromasentia.com\/da\/wp-json\/wp\/v2\/product_cat?post=200341"},{"taxonomy":"product_tag","embeddable":true,"href":"https:\/\/aromasentia.com\/da\/wp-json\/wp\/v2\/product_tag?post=200341"}],"curies":[{"name":"wp","href":"https:\/\/api.w.org\/{rel}","templated":true}]}}