{"id":200337,"date":"2025-03-20T17:27:18","date_gmt":"2025-03-20T17:27:18","guid":{"rendered":"https:\/\/aromasentia.com\/product\/sweet-fennel-jojoba-bath-bomb\/"},"modified":"2025-06-22T03:27:43","modified_gmt":"2025-06-22T03:27:43","slug":"badebombe-soed-fennikel-og-jojoba","status":"publish","type":"product","link":"https:\/\/aromasentia.com\/da\/badebombe-soed-fennikel-og-jojoba\/","title":{"rendered":"Badebombe S\u00f8d Fennikel Og Jojoba"},"content":{"rendered":"<p>Hot!! Elsker du din sommerferie? Denne badebombe vil helt sikkert tage dig med til de lummer og varme solrige dage.<\/p>\n<p>S\u00f8d fennikel og jojoba badebomber er ogs\u00e5 gode til prisen. Hver kugle vejer hele 180+ gram og indeholder sheasm\u00f8r, der g\u00f8r dem bl\u00f8dere mod din hud.<\/p>\n<p>Vi har et udvalg af fantastiske dufte at v\u00e6lge imellem, hver i deres egen karakteristiske farve.<\/p>\n<p>K\u00f8b flere forskellige yderdufte for at lave et i\u00f8jnefaldende display i din butik, som dine kunder ikke vil kunne modst\u00e5.<\/p>\n","protected":false},"excerpt":{"rendered":"<p>Hot!! Elsker du din sommerferie? Denne badebombe vil helt sikkert tage dig med til de lummer og varme solrige dage. S\u00f8d fennikel og jojoba badebomber er ogs\u00e5 gode til prisen. Hver kugle vejer hele 180+ gram og indeholder sheasm\u00f8r, der g\u00f8r dem bl\u00f8dere mod din hud. Vi har et udvalg af fantastiske dufte at v\u00e6lge [&hellip;]<\/p>\n","protected":false},"featured_media":290403,"comment_status":"closed","ping_status":"open","template":"","meta":[],"product_brand":[],"product_cat":[6994,7029,25839,25946,26858],"product_tag":[],"class_list":{"0":"post-200337","1":"product","2":"type-product","3":"status-publish","4":"has-post-thumbnail","6":"product_cat-bad-og-bruser","7":"product_cat-badebomber","8":"product_cat-dufte-aromaer","9":"product_cat-fennikel","10":"product_cat-urte-aromatisk","11":"pa_made-in-storbritannien","13":"first","14":"outofstock","15":"purchasable","16":"product-type-simple"},"supplier_id":null,"supplier_sku":"JBB-17","barcode":null,"atum_controlled":true,"out_stock_date":"2025-09-05 00:38:05","out_stock_threshold":null,"inheritable":false,"inbound_stock":0,"stock_on_hold":0,"sold_today":0,"sales_last_days":0,"reserved_stock":0,"customer_returns":0,"warehouse_damage":0,"lost_in_post":0,"other_logs":0,"out_stock_days":0,"lost_sales":0,"has_location":false,"update_date":"2026-02-11T09:34:53","atum_locations":[],"atum_stock_status":"outofstock","restock_status":false,"low_stock_amount":"","sales_update_date":"2025-09-05T00:19:43","calc_backorders":null,"_links":{"self":[{"href":"https:\/\/aromasentia.com\/da\/wp-json\/wp\/v2\/product\/200337","targetHints":{"allow":["GET"]}}],"collection":[{"href":"https:\/\/aromasentia.com\/da\/wp-json\/wp\/v2\/product"}],"about":[{"href":"https:\/\/aromasentia.com\/da\/wp-json\/wp\/v2\/types\/product"}],"replies":[{"embeddable":true,"href":"https:\/\/aromasentia.com\/da\/wp-json\/wp\/v2\/comments?post=200337"}],"version-history":[{"count":0,"href":"https:\/\/aromasentia.com\/da\/wp-json\/wp\/v2\/product\/200337\/revisions"}],"wp:featuredmedia":[{"embeddable":true,"href":"https:\/\/aromasentia.com\/da\/wp-json\/wp\/v2\/media\/290403"}],"wp:attachment":[{"href":"https:\/\/aromasentia.com\/da\/wp-json\/wp\/v2\/media?parent=200337"}],"wp:term":[{"taxonomy":"product_brand","embeddable":true,"href":"https:\/\/aromasentia.com\/da\/wp-json\/wp\/v2\/product_brand?post=200337"},{"taxonomy":"product_cat","embeddable":true,"href":"https:\/\/aromasentia.com\/da\/wp-json\/wp\/v2\/product_cat?post=200337"},{"taxonomy":"product_tag","embeddable":true,"href":"https:\/\/aromasentia.com\/da\/wp-json\/wp\/v2\/product_tag?post=200337"}],"curies":[{"name":"wp","href":"https:\/\/api.w.org\/{rel}","templated":true}]}}