{"id":200331,"date":"2025-03-20T17:27:28","date_gmt":"2025-03-20T17:27:28","guid":{"rendered":"https:\/\/aromasentia.com\/product\/chocolate-orange-bath-bomb\/"},"modified":"2025-06-22T03:27:41","modified_gmt":"2025-06-22T03:27:41","slug":"badebombe-chokolade-og-appelsin","status":"publish","type":"product","link":"https:\/\/aromasentia.com\/da\/badebombe-chokolade-og-appelsin\/","title":{"rendered":"Badebombe Chokolade Og Appelsin"},"content":{"rendered":"<p>S\u00f8dt! Nyd de afslappede bev\u00e6gelser med den friske duft af appelsin. Nyd denne duft lavet af chokolade, der omslutter dit sind.<\/p>\n<p>Hvis du leder efter en afslappende fork\u00e6lelse, s\u00e5 beh\u00f8ver du ikke lede l\u00e6ngere. Vores badebomber er lige sagen for alle, der leder efter et badetilbeh\u00f8r af h\u00f8j kvalitet, der b\u00e5de ser godt ud og dufter godt.<\/p>\n<p>De er ogs\u00e5 til en god pris. Hver bombe vejer hele 180 gram og indeholder sheasm\u00f8r, der g\u00f8r dem bl\u00f8dere mod din hud.<\/p>\n<p>Vi har et udvalg af fantastiske dufte at v\u00e6lge imellem, hver i deres egen karakteristiske farve. K\u00f8b flere forskellige ydre dufte for at skabe et i\u00f8jnefaldende display i din butik, som dine kunder ikke vil kunne modst\u00e5.<\/p>\n","protected":false},"excerpt":{"rendered":"<p>S\u00f8dt! Nyd de afslappede bev\u00e6gelser med den friske duft af appelsin. Nyd denne duft lavet af chokolade, der omslutter dit sind. Hvis du leder efter en afslappende fork\u00e6lelse, s\u00e5 beh\u00f8ver du ikke lede l\u00e6ngere. Vores badebomber er lige sagen for alle, der leder efter et badetilbeh\u00f8r af h\u00f8j kvalitet, der b\u00e5de ser godt ud og [&hellip;]<\/p>\n","protected":false},"featured_media":290455,"comment_status":"closed","ping_status":"open","template":"","meta":{"_angie_page":false},"product_brand":[],"product_cat":[25972,6994,7029,26816,25839],"product_tag":[],"class_list":{"0":"post-200331","1":"product","2":"type-product","3":"status-publish","4":"has-post-thumbnail","6":"product_cat-appelsin","7":"product_cat-bad-og-bruser","8":"product_cat-badebomber","9":"product_cat-citrus","10":"product_cat-dufte-aromaer","11":"pa_made-in-storbritannien","13":"first","14":"instock","15":"purchasable","16":"product-type-simple"},"supplier_id":null,"supplier_sku":"JBB-21","barcode":null,"atum_controlled":true,"out_stock_date":null,"out_stock_threshold":null,"inheritable":false,"inbound_stock":null,"stock_on_hold":0,"sold_today":0,"sales_last_days":0,"reserved_stock":null,"customer_returns":null,"warehouse_damage":null,"lost_in_post":null,"other_logs":null,"out_stock_days":0,"lost_sales":0,"has_location":null,"update_date":"2026-04-27T07:09:57","atum_locations":[],"atum_stock_status":"instock","restock_status":false,"low_stock_amount":"","sales_update_date":"2025-09-05T00:19:44","calc_backorders":null,"_links":{"self":[{"href":"https:\/\/aromasentia.com\/da\/wp-json\/wp\/v2\/product\/200331","targetHints":{"allow":["GET"]}}],"collection":[{"href":"https:\/\/aromasentia.com\/da\/wp-json\/wp\/v2\/product"}],"about":[{"href":"https:\/\/aromasentia.com\/da\/wp-json\/wp\/v2\/types\/product"}],"replies":[{"embeddable":true,"href":"https:\/\/aromasentia.com\/da\/wp-json\/wp\/v2\/comments?post=200331"}],"version-history":[{"count":0,"href":"https:\/\/aromasentia.com\/da\/wp-json\/wp\/v2\/product\/200331\/revisions"}],"wp:featuredmedia":[{"embeddable":true,"href":"https:\/\/aromasentia.com\/da\/wp-json\/wp\/v2\/media\/290455"}],"wp:attachment":[{"href":"https:\/\/aromasentia.com\/da\/wp-json\/wp\/v2\/media?parent=200331"}],"wp:term":[{"taxonomy":"product_brand","embeddable":true,"href":"https:\/\/aromasentia.com\/da\/wp-json\/wp\/v2\/product_brand?post=200331"},{"taxonomy":"product_cat","embeddable":true,"href":"https:\/\/aromasentia.com\/da\/wp-json\/wp\/v2\/product_cat?post=200331"},{"taxonomy":"product_tag","embeddable":true,"href":"https:\/\/aromasentia.com\/da\/wp-json\/wp\/v2\/product_tag?post=200331"}],"curies":[{"name":"wp","href":"https:\/\/api.w.org\/{rel}","templated":true}]}}