{"id":200321,"date":"2025-03-20T17:27:52","date_gmt":"2025-03-20T17:27:52","guid":{"rendered":"https:\/\/aromasentia.com\/product\/banoffee-pie-banana-toffee\/"},"modified":"2025-06-22T03:27:35","modified_gmt":"2025-06-22T03:27:35","slug":"banoffee-pie-banan-med-karamel","status":"publish","type":"product","link":"https:\/\/aromasentia.com\/da\/banoffee-pie-banan-med-karamel\/","title":{"rendered":"Banoffee Pie &#8211; Banan med Karamel"},"content":{"rendered":"<p>Disse Jumbo Badebomber er lige noget for alle, der leder efter en badebombe af h\u00f8j kvalitet, der b\u00e5de ser godt ud og dufter godt. Hver af dem har en l\u00e6kker duft, og disse badebomber er n\u00e6sten gode nok til at spise (men lad v\u00e6re med at g\u00f8re det).<\/p>\n<p>Hver bombe vejer hele 180 gram.<\/p>\n<p>Vi har et udvalg af fantastiske dufte at v\u00e6lge imellem, hver i sin egen karakteristiske farve.<\/p>\n","protected":false},"excerpt":{"rendered":"<p>Disse Jumbo Badebomber er lige noget for alle, der leder efter en badebombe af h\u00f8j kvalitet, der b\u00e5de ser godt ud og dufter godt. Hver af dem har en l\u00e6kker duft, og disse badebomber er n\u00e6sten gode nok til at spise (men lad v\u00e6re med at g\u00f8re det). Hver bombe vejer hele 180 gram. Vi [&hellip;]<\/p>\n","protected":false},"featured_media":282541,"comment_status":"closed","ping_status":"open","template":"","meta":{"_angie_page":false},"product_brand":[],"product_cat":[6994,26554,25839,26844],"product_tag":[],"class_list":{"0":"post-200321","1":"product","2":"type-product","3":"status-publish","4":"has-post-thumbnail","6":"product_cat-bad-og-bruser","7":"product_cat-banan","8":"product_cat-dufte-aromaer","9":"product_cat-frugtagtig","10":"pa_collection-just-desserts-bath-bombs-200g-da","11":"pa_made-in-storbritannien","13":"first","14":"instock","15":"purchasable","16":"product-type-simple"},"supplier_id":null,"supplier_sku":"JDBB-04","barcode":null,"atum_controlled":true,"out_stock_date":null,"out_stock_threshold":null,"inheritable":false,"inbound_stock":null,"stock_on_hold":0,"sold_today":0,"sales_last_days":0,"reserved_stock":null,"customer_returns":null,"warehouse_damage":null,"lost_in_post":null,"other_logs":null,"out_stock_days":0,"lost_sales":0,"has_location":null,"update_date":"2026-04-27T07:10:05","atum_locations":[],"atum_stock_status":"instock","restock_status":false,"low_stock_amount":"","sales_update_date":"2026-01-30T01:26:31","calc_backorders":null,"_links":{"self":[{"href":"https:\/\/aromasentia.com\/da\/wp-json\/wp\/v2\/product\/200321","targetHints":{"allow":["GET"]}}],"collection":[{"href":"https:\/\/aromasentia.com\/da\/wp-json\/wp\/v2\/product"}],"about":[{"href":"https:\/\/aromasentia.com\/da\/wp-json\/wp\/v2\/types\/product"}],"replies":[{"embeddable":true,"href":"https:\/\/aromasentia.com\/da\/wp-json\/wp\/v2\/comments?post=200321"}],"version-history":[{"count":0,"href":"https:\/\/aromasentia.com\/da\/wp-json\/wp\/v2\/product\/200321\/revisions"}],"wp:featuredmedia":[{"embeddable":true,"href":"https:\/\/aromasentia.com\/da\/wp-json\/wp\/v2\/media\/282541"}],"wp:attachment":[{"href":"https:\/\/aromasentia.com\/da\/wp-json\/wp\/v2\/media?parent=200321"}],"wp:term":[{"taxonomy":"product_brand","embeddable":true,"href":"https:\/\/aromasentia.com\/da\/wp-json\/wp\/v2\/product_brand?post=200321"},{"taxonomy":"product_cat","embeddable":true,"href":"https:\/\/aromasentia.com\/da\/wp-json\/wp\/v2\/product_cat?post=200321"},{"taxonomy":"product_tag","embeddable":true,"href":"https:\/\/aromasentia.com\/da\/wp-json\/wp\/v2\/product_tag?post=200321"}],"curies":[{"name":"wp","href":"https:\/\/api.w.org\/{rel}","templated":true}]}}