{"id":200311,"date":"2025-03-20T17:29:29","date_gmt":"2025-03-20T17:29:29","guid":{"rendered":"https:\/\/aromasentia.com\/product\/klay-soap-orange-and-ginger\/"},"modified":"2025-06-22T03:27:31","modified_gmt":"2025-06-22T03:27:31","slug":"klay-saebe-appelsin-og-ingefaer","status":"publish","type":"product","link":"https:\/\/aromasentia.com\/da\/klay-saebe-appelsin-og-ingefaer\/","title":{"rendered":"Klay S\u00e6be &#8211; Appelsin Og Ingef\u00e6r"},"content":{"rendered":"<p><span style=\"color: rgb(75, 80, 88);\">Denne s\u00e6be blander de rensende egenskaber fra <strong>gul ler<\/strong> med den blide eksfoliering af kaffegrums. Sammen renser de din hud i dybden ved at fjerne d\u00f8de hudceller, snavs og overskydende olie, s\u00e5 den efterlades glat og opfrisket. Eksfolieringsprocessen hj\u00e6lper ogs\u00e5 med at \u00e5bne tilstoppede porer, hvilket fremmer en renere og sundere hud, samtidig med at risikoen for udbrud reduceres.<\/span><\/p>\n<p><span style=\"color: rgb(75, 80, 88);\"><strong>Energistisk appelsin &#038; Ingef\u00e6rduft<\/strong><\/span><\/p>\n<p style=\"text-align: left;\"><span style=\"color: rgb(75, 80, 88);\">Lys din dag op med den opl\u00f8ftende duft af appelsin og ingef\u00e6r.<\/span><\/p>\n<ul style=\"--tw-border-spacing-x: 0; --tw-border-spacing-y: 0; --tw-translate-x: 0; --tw-translate-y: 0; --tw-rotate: 0; --tw-skew-x: 0; --tw-skew-y: 0; --tw-scale-x: 1; --tw-scale-y: 1; --tw-pan-x: ; --tw-pan-y: ; --tw-pinch-zoom: ; --tw-scroll-snap-strictness: proximity; --tw-gradient-from-position: ; --tw-gradient-via-position: ; --tw-gradient-to-position: ; --tw-ordinal: ; --tw-slashed-zero: ; --tw-numerisk-figur: ; --tw-numerisk-afstand: ; --tw-numerisk-fraktion: ; --tw-ring-inds\u00e6t: ; --tw-ring-offset-bredde: 0px; --tw-ring-offset-farve: #fff; --tw-ring-farve: rgb(59 130 246 \/ 0.5); --tw-ring-offset-skygge: 0 0 #0000; --tw-ring-skygge: 0 0 #0000; --tw-skygge: 0 0 #0000; --tw-skygge-farvet: 0 0 #0000; --tw-sl\u00f8ring: ; --tw-lysstyrke: ; --tw-kontrast: ; --tw-gr\u00e5toner: ; --tw-farvetone-roter: ; --tw-invert: ; --tw-saturate: ; --tw-sepia: ; --tw-drop-shadow: ; --tw-backdrop-blur: ; --tw-backdrop-brightness: ; --tw-backdrop-contrast: ; --tw-backdrop-grayscale: ; --tw-backdrop-hue-rotate: ; --tw-backdrop-invert: ; --tw-backdrop-opacity: ; --tw-backdrop-saturate: ; --tw-backdrop-sepia: ; --tw-contain-size: ; --tw-contain-layout: ; --tw-contain-paint: ; --tw-contain-style: ; padding: 0px; color: rgb(114, 114, 114); font-family: Raleway, sans-serif; font-size: 15px; font-style: normal; font-variant-ligatures: normal; font-variant-caps: normal; font-weight: 400; letter-spacing: normal; orphans: 2; text-align: start; text-indent: 0px; text-transform: none; widows: 2; word-spacing: 0px; -webkit-text-stroke-width: 0px; white-space: normal; text-decoration-thickness: initial; text-decoration-style: initial; text-decoration-color: initial; background-color: rgb(255, 255, 255);\">\n<li style=\"--tw-border-spacing-x: 0; --tw-border-spacing-y: 0; --tw-translate-x: 0; --tw-translate-y: 0; --tw-rotate: 0; --tw-skew-x: 0; --tw-skew-y: 0;\" --tw-scale-x: 1; --tw-scale-y: 1; --tw-pan-x: ; --tw-pan-y: ; --tw-pinch-zoom: ; --tw-scroll-snap-strictness: n\u00e6rhed; --tw-gradient-from-position: ; --tw-gradient-via-position: ; --tw-gradient-to-position: ; --tw-ordinal: ; --tw-slashed-zero: ; --tw-numerisk-figur: ; --tw-numerisk-afstand: ; --tw-numerisk-br\u00f8k: ; --tw-ring-inds\u00e6t: ; --tw-ring-offset-bredde: 0px; --tw-ring-offset-farve: #fff; --tw-ring-farve: rgb(59 130 246 \/ 0.5); --tw-ring-offset-skygge: 0 0 #0000; --tw-ring-shadow: 0 0 #0000; --tw-shadow: 0 0 #0000; --tw-shadow-colored: 0 0 #0000; --tw-blur: ; --tw-brightness: ; --tw-contrast: ; --tw-grayscale: ; --tw-hue-rotate: ; --tw-invert: ; --tw-sapia: ; --tw-drop-shadow: ; --tw-backdrop-blur: ; --tw-backdrop-brightness: ; --tw-backdrop-contrast: ; --tw-backdrop-grayscale: ; --tw-backdrop-hue-rotate: ; --tw-backdrop-invert: ; --tw-backdrop-opacity: ; --tw-backdrop-saturate: ; --tw-backdrop-sepia: ; --tw-contain-size: ; --tw-contain-layout: ; --tw-contain-paint: ; --tw-contain-style: ;\"><span style=\"color: rgb(75, 80, 88);\"><strong>Orange: <\/strong>Et strejf af frisk, citrusagtig s\u00f8dme for et forfriskende l\u00f8ft.<\/span><\/li>\n<li style=\"--tw-border-spacing-x: 0; --tw-border-spacing-y: 0; --tw-translate-x: 0; --tw-translate-y: 0; --tw-rotate: 0; --tw-skew-x: 0; --tw-skew-y: 0; --tw-scale-x: 1; --tw-scale-y: 1; --tw-pan-x: ; --tw-pan-y: ; --tw-pinch-zoom: ; --tw-scroll-snap-strictness: proximity; --tw-gradient-from-position: ; --tw-gradient-via-position: ; --tw-gradient-to-position: ; --tw-ordinal: ; --tw-slashed-zero: ; --tw-numerisk-figur: ; --tw-numerisk-afstand: ; --tw-numerisk-fraktion: ; --tw-ring-inds\u00e6t: ; --tw-ring-offset-bredde: 0px; --tw-ring-offset-farve: #fff; --tw-ring-farve: rgb(59 130 246 \/ 0.5); --tw-ring-offset-skygge: 0 0 #0000; --tw-ring-skygge: 0 0 #0000; --tw-skygge: 0 0 #0000; --tw-skygge-farvet: 0 0 #0000; --tw-sl\u00f8ring: ; --tw-lysstyrke: ; --tw-kontrast: ; --tw-gr\u00e5toner: ; --tw-hue-rotate: ; --tw-invert: ; --tw-saturate: ; --tw-sepia: ; --tw-drop-shadow: ; --tw-baggrundssl\u00f8ring: ; --tw-baggrundslysstyrke: ; --tw-baggrundskontrast: ; --tw-baggrunds-gr\u00e5tone: ; --tw-baggrunds-hue-rotate: ; --tw-baggrunds-invert: ; --tw-baggrunds-opacity: ; --tw-baggrunds-saturate: ; --tw-baggrunds-sepia: ; --tw-contain-size: ; --tw-contain-layout: ; --tw-contain-paint: ; --tw-contain-style: ;\"><span style=\"color: rgb(75, 80, 88);\"><strong>Ingef\u00e6r: <\/strong>Varm og krydret, der tilf\u00f8jer et revitaliserende spark.<\/span><\/li>\n<\/ul>\n<p><span style=\"color: rgb(75, 80, 88);\">Denne livlige duft v\u00e6kker dine sanser og efterlader din hud forfrisket, opfrisket og energisk efter hver brug.<\/span><\/p>\n","protected":false},"excerpt":{"rendered":"<p>Denne s\u00e6be blander de rensende egenskaber fra gul ler med den blide eksfoliering af kaffegrums. Sammen renser de din hud i dybden ved at fjerne d\u00f8de hudceller, snavs og overskydende olie, s\u00e5 den efterlades glat og opfrisket. Eksfolieringsprocessen hj\u00e6lper ogs\u00e5 med at \u00e5bne tilstoppede porer, hvilket fremmer en renere og sundere hud, samtidig med at [&hellip;]<\/p>\n","protected":false},"featured_media":291507,"comment_status":"closed","ping_status":"open","template":"","meta":{"_angie_page":false},"product_brand":[],"product_cat":[25972,6994,26816,25839,25949,26886,7012],"product_tag":[],"class_list":{"0":"post-200311","1":"product","2":"type-product","3":"status-publish","4":"has-post-thumbnail","6":"product_cat-appelsin","7":"product_cat-bad-og-bruser","8":"product_cat-citrus","9":"product_cat-dufte-aromaer","10":"product_cat-ingefaer-dufte-aromaer","11":"product_cat-krydret","12":"product_cat-okologiske-saeber-saebebar","13":"pa_collection-natural-clay-soaps-da","14":"pa_made-in-storbritannien","16":"first","17":"instock","18":"purchasable","19":"product-type-simple"},"supplier_id":null,"supplier_sku":"KSoap-03","barcode":null,"atum_controlled":true,"out_stock_date":null,"out_stock_threshold":null,"inheritable":false,"inbound_stock":null,"stock_on_hold":0,"sold_today":0,"sales_last_days":0,"reserved_stock":null,"customer_returns":null,"warehouse_damage":null,"lost_in_post":null,"other_logs":null,"out_stock_days":0,"lost_sales":0,"has_location":null,"update_date":"2026-04-27T07:10:28","atum_locations":[],"atum_stock_status":"instock","restock_status":false,"low_stock_amount":"","sales_update_date":"2025-09-05T00:19:48","calc_backorders":null,"_links":{"self":[{"href":"https:\/\/aromasentia.com\/da\/wp-json\/wp\/v2\/product\/200311","targetHints":{"allow":["GET"]}}],"collection":[{"href":"https:\/\/aromasentia.com\/da\/wp-json\/wp\/v2\/product"}],"about":[{"href":"https:\/\/aromasentia.com\/da\/wp-json\/wp\/v2\/types\/product"}],"replies":[{"embeddable":true,"href":"https:\/\/aromasentia.com\/da\/wp-json\/wp\/v2\/comments?post=200311"}],"version-history":[{"count":0,"href":"https:\/\/aromasentia.com\/da\/wp-json\/wp\/v2\/product\/200311\/revisions"}],"wp:featuredmedia":[{"embeddable":true,"href":"https:\/\/aromasentia.com\/da\/wp-json\/wp\/v2\/media\/291507"}],"wp:attachment":[{"href":"https:\/\/aromasentia.com\/da\/wp-json\/wp\/v2\/media?parent=200311"}],"wp:term":[{"taxonomy":"product_brand","embeddable":true,"href":"https:\/\/aromasentia.com\/da\/wp-json\/wp\/v2\/product_brand?post=200311"},{"taxonomy":"product_cat","embeddable":true,"href":"https:\/\/aromasentia.com\/da\/wp-json\/wp\/v2\/product_cat?post=200311"},{"taxonomy":"product_tag","embeddable":true,"href":"https:\/\/aromasentia.com\/da\/wp-json\/wp\/v2\/product_tag?post=200311"}],"curies":[{"name":"wp","href":"https:\/\/api.w.org\/{rel}","templated":true}]}}