{"id":200305,"date":"2025-03-20T17:30:40","date_gmt":"2025-03-20T17:30:40","guid":{"rendered":"https:\/\/aromasentia.com\/product\/set-of-3-soap-flower-heart-box-red-roses\/"},"modified":"2025-06-22T03:27:28","modified_gmt":"2025-06-22T03:27:28","slug":"saet-med-3-saebe-blomster-hjerteaesker-roede-roser","status":"publish","type":"product","link":"https:\/\/aromasentia.com\/da\/saet-med-3-saebe-blomster-hjerteaesker-roede-roser\/","title":{"rendered":"S\u00e6t med 3 S\u00e6be Blomster Hjerte\u00e6sker &#8211; R\u00f8de Roser"},"content":{"rendered":"<p>Tag et kig p\u00e5 vores vidunderlige udvalg af luksuri\u00f8se s\u00e6beblomster. De er en perfekt tilf\u00f8jelse til et afslappende romantisk bad, eller du kan endda bruge individuelle kronblade som g\u00e6stes\u00e6ber.<\/p>\n<p>Disse s\u00e6beblomster er smukt pakket og er en perfekt gave, bryllupsgave, julestr\u00f8mpefyld eller bare en lille fork\u00e6lelse til dig selv.<\/p>\n<p>Tilf\u00f8j blot en eller to roser til dit varme bad, slap af og se de s\u00f8de blomster opl\u00f8ses lige for \u00f8jnene af dig. Du vil helt sikkert nyde farverigt vand og en dejlig duft. Det efterlader din hud bl\u00f8d, silkeagtig og med en dejlig frisk duft. Du vil is\u00e6r elske disse buketter.<\/p>\n<p>Og de ligner n\u00e6sten rigtige blomster! Bukettene er kunstnerisk arrangeret og smukt pr\u00e6senteret i en gavepose. Disse badeblomster er en fantastisk gave, der helt sikkert vil gl\u00e6de.<\/p>\n","protected":false},"excerpt":{"rendered":"<p>Tag et kig p\u00e5 vores vidunderlige udvalg af luksuri\u00f8se s\u00e6beblomster. De er en perfekt tilf\u00f8jelse til et afslappende romantisk bad, eller du kan endda bruge individuelle kronblade som g\u00e6stes\u00e6ber. Disse s\u00e6beblomster er smukt pakket og er en perfekt gave, bryllupsgave, julestr\u00f8mpefyld eller bare en lille fork\u00e6lelse til dig selv. Tilf\u00f8j blot en eller to roser [&hellip;]<\/p>\n","protected":false},"featured_media":292049,"comment_status":"closed","ping_status":"open","template":"","meta":{"_angie_page":false},"product_brand":[],"product_cat":[6994,26830,25839,7012,25984],"product_tag":[],"class_list":{"0":"post-200305","1":"product","2":"type-product","3":"status-publish","4":"has-post-thumbnail","6":"product_cat-bad-og-bruser","7":"product_cat-blomster","8":"product_cat-dufte-aromaer","9":"product_cat-okologiske-saeber-saebebar","10":"product_cat-rose","11":"pa_collection-luxury-soap-flowers-da","12":"pa_made-in-kina","14":"first","15":"instock","16":"purchasable","17":"product-type-simple"},"supplier_id":null,"supplier_sku":"LSF-13","barcode":null,"atum_controlled":true,"out_stock_date":null,"out_stock_threshold":null,"inheritable":false,"inbound_stock":null,"stock_on_hold":0,"sold_today":0,"sales_last_days":0,"reserved_stock":null,"customer_returns":null,"warehouse_damage":null,"lost_in_post":null,"other_logs":null,"out_stock_days":0,"lost_sales":0,"has_location":null,"update_date":"2026-05-08T05:12:00","atum_locations":[],"atum_stock_status":"instock","restock_status":false,"low_stock_amount":"","sales_update_date":"2025-09-05T00:19:57","calc_backorders":null,"_links":{"self":[{"href":"https:\/\/aromasentia.com\/da\/wp-json\/wp\/v2\/product\/200305","targetHints":{"allow":["GET"]}}],"collection":[{"href":"https:\/\/aromasentia.com\/da\/wp-json\/wp\/v2\/product"}],"about":[{"href":"https:\/\/aromasentia.com\/da\/wp-json\/wp\/v2\/types\/product"}],"replies":[{"embeddable":true,"href":"https:\/\/aromasentia.com\/da\/wp-json\/wp\/v2\/comments?post=200305"}],"version-history":[{"count":0,"href":"https:\/\/aromasentia.com\/da\/wp-json\/wp\/v2\/product\/200305\/revisions"}],"wp:featuredmedia":[{"embeddable":true,"href":"https:\/\/aromasentia.com\/da\/wp-json\/wp\/v2\/media\/292049"}],"wp:attachment":[{"href":"https:\/\/aromasentia.com\/da\/wp-json\/wp\/v2\/media?parent=200305"}],"wp:term":[{"taxonomy":"product_brand","embeddable":true,"href":"https:\/\/aromasentia.com\/da\/wp-json\/wp\/v2\/product_brand?post=200305"},{"taxonomy":"product_cat","embeddable":true,"href":"https:\/\/aromasentia.com\/da\/wp-json\/wp\/v2\/product_cat?post=200305"},{"taxonomy":"product_tag","embeddable":true,"href":"https:\/\/aromasentia.com\/da\/wp-json\/wp\/v2\/product_tag?post=200305"}],"curies":[{"name":"wp","href":"https:\/\/api.w.org\/{rel}","templated":true}]}}