{"id":200297,"date":"2025-03-20T17:31:12","date_gmt":"2025-03-20T17:31:12","guid":{"rendered":"https:\/\/aromasentia.com\/product\/set-of-3-soap-flower-heart-box-spring-roses\/"},"modified":"2025-06-22T03:27:22","modified_gmt":"2025-06-22T03:27:22","slug":"saet-med-3-saebe-blomster-hjerteaesker-foraarsroser","status":"publish","type":"product","link":"https:\/\/aromasentia.com\/da\/saet-med-3-saebe-blomster-hjerteaesker-foraarsroser\/","title":{"rendered":"S\u00e6t med 3 S\u00e6be Blomster Hjerte\u00e6sker &#8211; For\u00e5rsroser"},"content":{"rendered":"<p>Tag et kig p\u00e5 disse vidunderlige luksuss\u00e6beblomster.<\/p>\n<p>Tils\u00e6t blot en eller to af dem til dit varme bad, slap af og se de s\u00f8de blomster opl\u00f8ses lige for \u00f8jnene af dig. Du vil helt sikkert nyde det farverige vand og den dejlige duft. Det vil efterlade din hud bl\u00f8d, silkeagtig og med en dejlig frisk duft.<\/p>\n<p>Du vil is\u00e6r elske disse blomster. Og de ser n\u00e6sten ud som om, de er \u00e6gte! Bukettene er kunstnerisk arrangeret og smukt pr\u00e6senteret i en gave\u00e6ske.<\/p>\n<p>Smukt pakket er disse s\u00e6beblomster en perfekt f\u00f8dselsdagsgave, bryllupsgave, julegave eller bare en lille fork\u00e6lelse til dig selv.<\/p>\n","protected":false},"excerpt":{"rendered":"<p>Tag et kig p\u00e5 disse vidunderlige luksuss\u00e6beblomster. Tils\u00e6t blot en eller to af dem til dit varme bad, slap af og se de s\u00f8de blomster opl\u00f8ses lige for \u00f8jnene af dig. Du vil helt sikkert nyde det farverige vand og den dejlige duft. Det vil efterlade din hud bl\u00f8d, silkeagtig og med en dejlig frisk [&hellip;]<\/p>\n","protected":false},"featured_media":292107,"comment_status":"closed","ping_status":"open","template":"","meta":{"_angie_page":false},"product_brand":[],"product_cat":[6994,26830,25839,7012,25984],"product_tag":[],"class_list":{"0":"post-200297","1":"product","2":"type-product","3":"status-publish","4":"has-post-thumbnail","6":"product_cat-bad-og-bruser","7":"product_cat-blomster","8":"product_cat-dufte-aromaer","9":"product_cat-okologiske-saeber-saebebar","10":"product_cat-rose","11":"pa_collection-luxury-soap-flowers-da","12":"pa_made-in-kina","14":"first","15":"instock","16":"purchasable","17":"product-type-simple"},"supplier_id":null,"supplier_sku":"LSF-15","barcode":null,"atum_controlled":true,"out_stock_date":null,"out_stock_threshold":null,"inheritable":false,"inbound_stock":null,"stock_on_hold":0,"sold_today":0,"sales_last_days":0,"reserved_stock":null,"customer_returns":null,"warehouse_damage":null,"lost_in_post":null,"other_logs":null,"out_stock_days":0,"lost_sales":0,"has_location":null,"update_date":"2026-05-08T05:12:00","atum_locations":[],"atum_stock_status":"instock","restock_status":false,"low_stock_amount":"","sales_update_date":"2025-09-05T00:19:56","calc_backorders":null,"_links":{"self":[{"href":"https:\/\/aromasentia.com\/da\/wp-json\/wp\/v2\/product\/200297","targetHints":{"allow":["GET"]}}],"collection":[{"href":"https:\/\/aromasentia.com\/da\/wp-json\/wp\/v2\/product"}],"about":[{"href":"https:\/\/aromasentia.com\/da\/wp-json\/wp\/v2\/types\/product"}],"replies":[{"embeddable":true,"href":"https:\/\/aromasentia.com\/da\/wp-json\/wp\/v2\/comments?post=200297"}],"version-history":[{"count":0,"href":"https:\/\/aromasentia.com\/da\/wp-json\/wp\/v2\/product\/200297\/revisions"}],"wp:featuredmedia":[{"embeddable":true,"href":"https:\/\/aromasentia.com\/da\/wp-json\/wp\/v2\/media\/292107"}],"wp:attachment":[{"href":"https:\/\/aromasentia.com\/da\/wp-json\/wp\/v2\/media?parent=200297"}],"wp:term":[{"taxonomy":"product_brand","embeddable":true,"href":"https:\/\/aromasentia.com\/da\/wp-json\/wp\/v2\/product_brand?post=200297"},{"taxonomy":"product_cat","embeddable":true,"href":"https:\/\/aromasentia.com\/da\/wp-json\/wp\/v2\/product_cat?post=200297"},{"taxonomy":"product_tag","embeddable":true,"href":"https:\/\/aromasentia.com\/da\/wp-json\/wp\/v2\/product_tag?post=200297"}],"curies":[{"name":"wp","href":"https:\/\/api.w.org\/{rel}","templated":true}]}}