{"id":200283,"date":"2025-03-20T17:32:24","date_gmt":"2025-03-20T17:32:24","guid":{"rendered":"https:\/\/aromasentia.com\/product\/loofah-soap-loaf-1-8kg-grape\/"},"modified":"2025-06-22T03:27:16","modified_gmt":"2025-06-22T03:27:16","slug":"loofah-saebe-broed-18-kg-drue","status":"publish","type":"product","link":"https:\/\/aromasentia.com\/da\/loofah-saebe-broed-18-kg-drue\/","title":{"rendered":"Loofah S\u00e6be Br\u00f8d 1,8 kg &#8211; Drue"},"content":{"rendered":"<p>Eksfoliering er en af de bedste ting, du kan g\u00f8re for din hud, og hvad er en bedre m\u00e5de at g\u00f8re det p\u00e5 end med en luffas\u00e6be?<\/p>\n<p>Luffasvampe kommer fra luffaplanten, som er et medlem af agurkefamilien. N\u00e5r planten f\u00e5r lov til at modnes, fjernes skr\u00e6l og fr\u00f8 for at afsl\u00f8re luffafibrene. Luffafibrene vaskes derefter for at fjerne eventuelle resterende fr\u00f8 og skr\u00e6l.<\/p>\n<p>N\u00e5r luffafibrene er helt rene, t\u00f8rres fibrene helt ud. Helt naturlige luffasvampe giver fremragende eksfoliering til en bred vifte af projekter, s\u00e5som denne nye serie af h\u00e5ndlavede <strong>Aroma Sentia-ping<\/strong> <strong>Luffas\u00e6be Loaf 1,8 kg &#8211; Drue.<\/strong><\/p>\n<p><strong>&nbsp;<\/strong>Bestil i dag og tilbyd dine kunder den ekstra intensive eksfoliering.<\/p>\n","protected":false},"excerpt":{"rendered":"<p>Eksfoliering er en af de bedste ting, du kan g\u00f8re for din hud, og hvad er en bedre m\u00e5de at g\u00f8re det p\u00e5 end med en luffas\u00e6be? Luffasvampe kommer fra luffaplanten, som er et medlem af agurkefamilien. N\u00e5r planten f\u00e5r lov til at modnes, fjernes skr\u00e6l og fr\u00f8 for at afsl\u00f8re luffafibrene. Luffafibrene vaskes derefter [&hellip;]<\/p>\n","protected":false},"featured_media":292523,"comment_status":"closed","ping_status":"open","template":"","meta":{"_angie_page":false},"product_brand":[],"product_cat":[6994,7012],"product_tag":[],"class_list":{"0":"post-200283","1":"product","2":"type-product","3":"status-publish","4":"has-post-thumbnail","6":"product_cat-bad-og-bruser","7":"product_cat-okologiske-saeber-saebebar","8":"pa_made-in-letland","10":"first","11":"outofstock","12":"purchasable","13":"product-type-simple"},"supplier_id":null,"supplier_sku":"LSL-04","barcode":null,"atum_controlled":true,"out_stock_date":"2026-02-11 09:37:07","out_stock_threshold":null,"inheritable":false,"inbound_stock":null,"stock_on_hold":0,"sold_today":0,"sales_last_days":0,"reserved_stock":null,"customer_returns":null,"warehouse_damage":null,"lost_in_post":null,"other_logs":null,"out_stock_days":0,"lost_sales":0,"has_location":null,"update_date":"2026-04-27T07:11:23","atum_locations":[],"atum_stock_status":"outofstock","restock_status":false,"low_stock_amount":"","sales_update_date":"2025-09-05T00:20:03","calc_backorders":null,"_links":{"self":[{"href":"https:\/\/aromasentia.com\/da\/wp-json\/wp\/v2\/product\/200283","targetHints":{"allow":["GET"]}}],"collection":[{"href":"https:\/\/aromasentia.com\/da\/wp-json\/wp\/v2\/product"}],"about":[{"href":"https:\/\/aromasentia.com\/da\/wp-json\/wp\/v2\/types\/product"}],"replies":[{"embeddable":true,"href":"https:\/\/aromasentia.com\/da\/wp-json\/wp\/v2\/comments?post=200283"}],"version-history":[{"count":0,"href":"https:\/\/aromasentia.com\/da\/wp-json\/wp\/v2\/product\/200283\/revisions"}],"wp:featuredmedia":[{"embeddable":true,"href":"https:\/\/aromasentia.com\/da\/wp-json\/wp\/v2\/media\/292523"}],"wp:attachment":[{"href":"https:\/\/aromasentia.com\/da\/wp-json\/wp\/v2\/media?parent=200283"}],"wp:term":[{"taxonomy":"product_brand","embeddable":true,"href":"https:\/\/aromasentia.com\/da\/wp-json\/wp\/v2\/product_brand?post=200283"},{"taxonomy":"product_cat","embeddable":true,"href":"https:\/\/aromasentia.com\/da\/wp-json\/wp\/v2\/product_cat?post=200283"},{"taxonomy":"product_tag","embeddable":true,"href":"https:\/\/aromasentia.com\/da\/wp-json\/wp\/v2\/product_tag?post=200283"}],"curies":[{"name":"wp","href":"https:\/\/api.w.org\/{rel}","templated":true}]}}