{"id":200231,"date":"2025-03-20T17:35:21","date_gmt":"2025-03-20T17:35:21","guid":{"rendered":"https:\/\/aromasentia.com\/product\/massage-soaps-lavender-lilac\/"},"modified":"2025-06-22T03:26:46","modified_gmt":"2025-06-22T03:26:46","slug":"massage-saeber-lavendel-syren","status":"publish","type":"product","link":"https:\/\/aromasentia.com\/da\/massage-saeber-lavendel-syren\/","title":{"rendered":"Massage S\u00e6ber &#8211; Lavendel &#038; Syren"},"content":{"rendered":"<h2>Opdag roen: Engros massages\u00e6ber &#8211; lavendel og syren <\/h2>\n<p>Vi introducerer vores engros massages\u00e6ber med lavendel og syren, der er omhyggeligt fremstillet af f\u00f8rsteklasses ingredienser for at give en overd\u00e5dig og forfriskende renseoplevelse. Beriget med den beroligende aroma af lavendel og de delikate blomsternoter af syren efterlader disse s\u00e6ber din hud fornyet, revitaliseret og subtilt duftende.<\/p>\n<p>Med en massagefunktion l\u00f8fter disse s\u00e6ber din baderutine. S\u00e6bernes strukturerede overflade eksfolierer blidt, mens den ergonomiske form passer perfekt i din h\u00e5nd og skaber en fredfyldt massageoplevelse under hvert bad eller brusebad. Lad den harmoniske blanding af massage og duft transportere dig til en tilstand af ro og sindsro.<\/p>\n","protected":false},"excerpt":{"rendered":"<p>Opdag roen: Engros massages\u00e6ber &#8211; lavendel og syren Vi introducerer vores engros massages\u00e6ber med lavendel og syren, der er omhyggeligt fremstillet af f\u00f8rsteklasses ingredienser for at give en overd\u00e5dig og forfriskende renseoplevelse. Beriget med den beroligende aroma af lavendel og de delikate blomsternoter af syren efterlader disse s\u00e6ber din hud fornyet, revitaliseret og subtilt duftende. [&hellip;]<\/p>\n","protected":false},"featured_media":293555,"comment_status":"closed","ping_status":"open","template":"","meta":[],"product_brand":[],"product_cat":[6994,26830,25839,25957,7012],"product_tag":[],"class_list":{"0":"post-200231","1":"product","2":"type-product","3":"status-publish","4":"has-post-thumbnail","6":"product_cat-bad-og-bruser","7":"product_cat-blomster","8":"product_cat-dufte-aromaer","9":"product_cat-lavendel","10":"product_cat-okologiske-saeber-saebebar","11":"pa_made-in-storbritannien","13":"first","14":"instock","15":"purchasable","16":"product-type-simple"},"supplier_id":null,"supplier_sku":"MSP-05","barcode":null,"atum_controlled":true,"out_stock_date":null,"out_stock_threshold":null,"inheritable":false,"inbound_stock":null,"stock_on_hold":0,"sold_today":0,"sales_last_days":0,"reserved_stock":null,"customer_returns":null,"warehouse_damage":null,"lost_in_post":null,"other_logs":null,"out_stock_days":0,"lost_sales":0,"has_location":null,"update_date":"2026-01-30T01:24:28","atum_locations":[],"atum_stock_status":"instock","restock_status":false,"low_stock_amount":"","sales_update_date":"2026-01-30T01:24:28","calc_backorders":null,"_links":{"self":[{"href":"https:\/\/aromasentia.com\/da\/wp-json\/wp\/v2\/product\/200231","targetHints":{"allow":["GET"]}}],"collection":[{"href":"https:\/\/aromasentia.com\/da\/wp-json\/wp\/v2\/product"}],"about":[{"href":"https:\/\/aromasentia.com\/da\/wp-json\/wp\/v2\/types\/product"}],"replies":[{"embeddable":true,"href":"https:\/\/aromasentia.com\/da\/wp-json\/wp\/v2\/comments?post=200231"}],"version-history":[{"count":0,"href":"https:\/\/aromasentia.com\/da\/wp-json\/wp\/v2\/product\/200231\/revisions"}],"wp:featuredmedia":[{"embeddable":true,"href":"https:\/\/aromasentia.com\/da\/wp-json\/wp\/v2\/media\/293555"}],"wp:attachment":[{"href":"https:\/\/aromasentia.com\/da\/wp-json\/wp\/v2\/media?parent=200231"}],"wp:term":[{"taxonomy":"product_brand","embeddable":true,"href":"https:\/\/aromasentia.com\/da\/wp-json\/wp\/v2\/product_brand?post=200231"},{"taxonomy":"product_cat","embeddable":true,"href":"https:\/\/aromasentia.com\/da\/wp-json\/wp\/v2\/product_cat?post=200231"},{"taxonomy":"product_tag","embeddable":true,"href":"https:\/\/aromasentia.com\/da\/wp-json\/wp\/v2\/product_tag?post=200231"}],"curies":[{"name":"wp","href":"https:\/\/api.w.org\/{rel}","templated":true}]}}