{"id":200230,"date":"2025-03-20T17:35:54","date_gmt":"2025-03-20T17:35:54","guid":{"rendered":"https:\/\/aromasentia.com\/product\/boxed-single-massage-soaps-tea-tree-aloe-vera\/"},"modified":"2025-06-22T03:26:45","modified_gmt":"2025-06-22T03:26:45","slug":"massage-saeber-i-aesker-tea-tree-aloe-vera","status":"publish","type":"product","link":"https:\/\/aromasentia.com\/da\/massage-saeber-i-aesker-tea-tree-aloe-vera\/","title":{"rendered":"Massage S\u00e6ber I \u00c6sker &#8211; Tea Tree &#038; Aloe Vera"},"content":{"rendered":"<h2>Skab en rolig spa-atmosf\u00e6re med vores massages\u00e6ber i engros\u00e6sker &#8211; Tea Tree &amp; Aloe Vera <\/h2>\n<p>Fremstillet med st\u00f8rste omhu ved hj\u00e6lp af ingredienser af h\u00f8j kvalitet, tilbyder vores massages\u00e6ber i engros\u00e6sker &#8211; Tea Tree &amp; Aloe Vera en luksuri\u00f8s og forfriskende reng\u00f8ringsoplevelse. Fordyb dig i den revitaliserende duft af tea tree og den beroligende essens af aloe vera, s\u00e5 din hud f\u00f8les forfrisket, n\u00e6ret og delikat duftende.<\/p>\n<p>Designet til at forbedre dit baderitual har hver s\u00e6be en unik massagefunktion. S\u00e6bens strukturerede overflade eksfolierer blidt, mens den ergonomiske form passer perfekt i h\u00e5nden og giver mulighed for en revitaliserende massageoplevelse under hvert bad eller brusebad. Nyd de terapeutiske fordele ved tetr\u00e6er og aloe veras beroligende egenskaber, mens du fork\u00e6ler din krop og dit sind.<\/p>\n","protected":false},"excerpt":{"rendered":"<p>Skab en rolig spa-atmosf\u00e6re med vores massages\u00e6ber i engros\u00e6sker &#8211; Tea Tree &amp; Aloe Vera Fremstillet med st\u00f8rste omhu ved hj\u00e6lp af ingredienser af h\u00f8j kvalitet, tilbyder vores massages\u00e6ber i engros\u00e6sker &#8211; Tea Tree &amp; Aloe Vera en luksuri\u00f8s og forfriskende reng\u00f8ringsoplevelse. Fordyb dig i den revitaliserende duft af tea tree og den beroligende essens [&hellip;]<\/p>\n","protected":false},"featured_media":293772,"comment_status":"closed","ping_status":"open","template":"","meta":{"_angie_page":false},"product_brand":[],"product_cat":[26575,6994,25839,26837,26865,7012,25994],"product_tag":[],"class_list":{"0":"post-200230","1":"product","2":"type-product","3":"status-publish","4":"has-post-thumbnail","6":"product_cat-aloe-vera","7":"product_cat-bad-og-bruser","8":"product_cat-dufte-aromaer","9":"product_cat-frisk-ren","10":"product_cat-medicinsk-kamferagtig","11":"product_cat-okologiske-saeber-saebebar","12":"product_cat-tea-tree-tetrae","13":"pa_collection-boxed-single-massage-soaps-da","14":"pa_made-in-storbritannien","16":"first","17":"instock","18":"purchasable","19":"product-type-simple"},"supplier_id":null,"supplier_sku":"MSPS-02","barcode":null,"atum_controlled":true,"out_stock_date":null,"out_stock_threshold":null,"inheritable":false,"inbound_stock":null,"stock_on_hold":0,"sold_today":0,"sales_last_days":0,"reserved_stock":null,"customer_returns":null,"warehouse_damage":null,"lost_in_post":null,"other_logs":null,"out_stock_days":0,"lost_sales":0,"has_location":null,"update_date":"2026-04-27T07:14:23","atum_locations":[],"atum_stock_status":"instock","restock_status":false,"low_stock_amount":"","sales_update_date":"2026-02-06T00:01:52","calc_backorders":null,"_links":{"self":[{"href":"https:\/\/aromasentia.com\/da\/wp-json\/wp\/v2\/product\/200230","targetHints":{"allow":["GET"]}}],"collection":[{"href":"https:\/\/aromasentia.com\/da\/wp-json\/wp\/v2\/product"}],"about":[{"href":"https:\/\/aromasentia.com\/da\/wp-json\/wp\/v2\/types\/product"}],"replies":[{"embeddable":true,"href":"https:\/\/aromasentia.com\/da\/wp-json\/wp\/v2\/comments?post=200230"}],"version-history":[{"count":0,"href":"https:\/\/aromasentia.com\/da\/wp-json\/wp\/v2\/product\/200230\/revisions"}],"wp:featuredmedia":[{"embeddable":true,"href":"https:\/\/aromasentia.com\/da\/wp-json\/wp\/v2\/media\/293772"}],"wp:attachment":[{"href":"https:\/\/aromasentia.com\/da\/wp-json\/wp\/v2\/media?parent=200230"}],"wp:term":[{"taxonomy":"product_brand","embeddable":true,"href":"https:\/\/aromasentia.com\/da\/wp-json\/wp\/v2\/product_brand?post=200230"},{"taxonomy":"product_cat","embeddable":true,"href":"https:\/\/aromasentia.com\/da\/wp-json\/wp\/v2\/product_cat?post=200230"},{"taxonomy":"product_tag","embeddable":true,"href":"https:\/\/aromasentia.com\/da\/wp-json\/wp\/v2\/product_tag?post=200230"}],"curies":[{"name":"wp","href":"https:\/\/api.w.org\/{rel}","templated":true}]}}