{"id":200229,"date":"2025-03-20T17:35:54","date_gmt":"2025-03-20T17:35:54","guid":{"rendered":"https:\/\/aromasentia.com\/product\/boxed-single-massage-soaps-jasmine-patchouli\/"},"modified":"2025-06-22T03:26:45","modified_gmt":"2025-06-22T03:26:45","slug":"boxed-single-massage-soaps-jasmine-patchouli","status":"publish","type":"product","link":"https:\/\/aromasentia.com\/da\/boxed-single-massage-soaps-jasmine-patchouli\/","title":{"rendered":"Boxed Single massage Soaps &#8211; Jasmine &#038; Patchouli"},"content":{"rendered":"<h2>Forbedr dit baderitual: Engrosboks med enkelte massages\u00e6ber &#8211; Jasmin &#038; Patchouli <\/h2>\n<p>Oplev indbegrebet af luksus med vores engrosboks med enkelte massages\u00e6ber &#8211; Jasmin &#038; Patchouli, det perfekte valg til engrosk\u00f8b. Hver s\u00e6be er omhyggeligt pakket i en individuel \u00e6ske, s\u00e5 den nemt kan vises og pr\u00e6senteres for dine v\u00e6rdsatte kunder. Disse massages\u00e6ber er en enest\u00e5ende mulighed for spaer, wellnesscentre, boutiquehoteller og gavebutikker, der \u00f8nsker at give en karakteristisk og overb\u00e6rende badeoplevelse.<\/p>\n<p><strong>Elev\u00e9r dine kunders selvpleje-ritualer med vores engros Boxed Single Massage Soaps &#8211; Jasmine &amp; Patchouli<\/strong>. Uanset om du \u00f8nsker at skabe en fredfyldt spa-lignende atmosf\u00e6re eller s\u00f8ger en s\u00e6rlig gave, tilbyder disse massages\u00e6ber et alsidigt og overd\u00e5digt valg, der indgyder afslapning og ro med hvert bad eller brusebad.<\/p>\n","protected":false},"excerpt":{"rendered":"<p>Forbedr dit baderitual: Engrosboks med enkelte massages\u00e6ber &#8211; Jasmin &#038; Patchouli Oplev indbegrebet af luksus med vores engrosboks med enkelte massages\u00e6ber &#8211; Jasmin &#038; Patchouli, det perfekte valg til engrosk\u00f8b. Hver s\u00e6be er omhyggeligt pakket i en individuel \u00e6ske, s\u00e5 den nemt kan vises og pr\u00e6senteres for dine v\u00e6rdsatte kunder. Disse massages\u00e6ber er en enest\u00e5ende [&hellip;]<\/p>\n","protected":false},"featured_media":293755,"comment_status":"closed","ping_status":"open","template":"","meta":{"_angie_page":false},"product_brand":[],"product_cat":[6994,26830,25839,25955,26823,7012,25977],"product_tag":[],"class_list":{"0":"post-200229","1":"product","2":"type-product","3":"status-publish","4":"has-post-thumbnail","6":"product_cat-bad-og-bruser","7":"product_cat-blomster","8":"product_cat-dufte-aromaer","9":"product_cat-jasmin","10":"product_cat-jordagtig-og-gron","11":"product_cat-okologiske-saeber-saebebar","12":"product_cat-patchouli","13":"pa_collection-boxed-single-massage-soaps-da","14":"pa_made-in-storbritannien","16":"first","17":"instock","18":"purchasable","19":"product-type-simple"},"supplier_id":null,"supplier_sku":"MSPS-03","barcode":null,"atum_controlled":true,"out_stock_date":null,"out_stock_threshold":null,"inheritable":false,"inbound_stock":null,"stock_on_hold":0,"sold_today":0,"sales_last_days":0,"reserved_stock":null,"customer_returns":null,"warehouse_damage":null,"lost_in_post":null,"other_logs":null,"out_stock_days":0,"lost_sales":0,"has_location":null,"update_date":"2026-05-08T05:13:15","atum_locations":[],"atum_stock_status":"instock","restock_status":false,"low_stock_amount":"","sales_update_date":"2026-02-06T00:02:06","calc_backorders":null,"_links":{"self":[{"href":"https:\/\/aromasentia.com\/da\/wp-json\/wp\/v2\/product\/200229","targetHints":{"allow":["GET"]}}],"collection":[{"href":"https:\/\/aromasentia.com\/da\/wp-json\/wp\/v2\/product"}],"about":[{"href":"https:\/\/aromasentia.com\/da\/wp-json\/wp\/v2\/types\/product"}],"replies":[{"embeddable":true,"href":"https:\/\/aromasentia.com\/da\/wp-json\/wp\/v2\/comments?post=200229"}],"version-history":[{"count":0,"href":"https:\/\/aromasentia.com\/da\/wp-json\/wp\/v2\/product\/200229\/revisions"}],"wp:featuredmedia":[{"embeddable":true,"href":"https:\/\/aromasentia.com\/da\/wp-json\/wp\/v2\/media\/293755"}],"wp:attachment":[{"href":"https:\/\/aromasentia.com\/da\/wp-json\/wp\/v2\/media?parent=200229"}],"wp:term":[{"taxonomy":"product_brand","embeddable":true,"href":"https:\/\/aromasentia.com\/da\/wp-json\/wp\/v2\/product_brand?post=200229"},{"taxonomy":"product_cat","embeddable":true,"href":"https:\/\/aromasentia.com\/da\/wp-json\/wp\/v2\/product_cat?post=200229"},{"taxonomy":"product_tag","embeddable":true,"href":"https:\/\/aromasentia.com\/da\/wp-json\/wp\/v2\/product_tag?post=200229"}],"curies":[{"name":"wp","href":"https:\/\/api.w.org\/{rel}","templated":true}]}}