{"id":200228,"date":"2025-03-20T17:35:54","date_gmt":"2025-03-20T17:35:54","guid":{"rendered":"https:\/\/aromasentia.com\/product\/boxed-single-massage-soaps-peach-lemon\/"},"modified":"2025-06-22T03:26:44","modified_gmt":"2025-06-22T03:26:44","slug":"massage-saeber-i-aesker-fersken-og-citron","status":"publish","type":"product","link":"https:\/\/aromasentia.com\/da\/massage-saeber-i-aesker-fersken-og-citron\/","title":{"rendered":"Massage S\u00e6ber I \u00c6sker &#8211; Fersken Og Citron"},"content":{"rendered":"<h2>Opdag den energigivende fusion af ferskner og citroner i vores engrosmassages\u00e6ber <\/h2>\n<p>Vi introducerer vores engrosmassages\u00e6ber i \u00e6sker &#8211; fersken og citron, den perfekte l\u00f8sning til engrosk\u00f8b. Hver s\u00e6be er omhyggeligt pakket i individuelle \u00e6sker, der fremviser dens elegance og bekvemmelighed for dine v\u00e6rdsatte kunder. De er et fremragende valg til spaer, wellness-centre, boutique-hoteller og gavebutikker, der \u00f8nsker at give en karakteristisk og overb\u00e6rende badeoplevelse.<\/p>\n<p>Uanset om du sigter mod at skabe en revitaliserende spa-lignende atmosf\u00e6re eller tilbyde en unik gavemulighed, tilbyder disse massages\u00e6ber et alsidigt og forfriskende valg, der bringer et udbrud af energi og foryngelse til hvert bad eller brusebad.<\/p>\n<p><strong>Forbedr dine kunders selvpleje-ritualer med massages\u00e6ber i engros\u00e6sker &#8211; fersken og citron.<\/strong><\/p>\n","protected":false},"excerpt":{"rendered":"<p>Opdag den energigivende fusion af ferskner og citroner i vores engrosmassages\u00e6ber Vi introducerer vores engrosmassages\u00e6ber i \u00e6sker &#8211; fersken og citron, den perfekte l\u00f8sning til engrosk\u00f8b. Hver s\u00e6be er omhyggeligt pakket i individuelle \u00e6sker, der fremviser dens elegance og bekvemmelighed for dine v\u00e6rdsatte kunder. De er et fremragende valg til spaer, wellness-centre, boutique-hoteller og gavebutikker, [&hellip;]<\/p>\n","protected":false},"featured_media":293738,"comment_status":"closed","ping_status":"open","template":"","meta":{"_angie_page":false},"product_brand":[],"product_cat":[6994,25958,26816,25839,7012],"product_tag":[],"class_list":{"0":"post-200228","1":"product","2":"type-product","3":"status-publish","4":"has-post-thumbnail","6":"product_cat-bad-og-bruser","7":"product_cat-citron","8":"product_cat-citrus","9":"product_cat-dufte-aromaer","10":"product_cat-okologiske-saeber-saebebar","11":"pa_collection-boxed-single-massage-soaps-da","12":"pa_made-in-storbritannien","14":"first","15":"instock","16":"purchasable","17":"product-type-simple"},"supplier_id":null,"supplier_sku":"MSPS-04","barcode":null,"atum_controlled":true,"out_stock_date":null,"out_stock_threshold":null,"inheritable":false,"inbound_stock":null,"stock_on_hold":0,"sold_today":0,"sales_last_days":0,"reserved_stock":null,"customer_returns":null,"warehouse_damage":null,"lost_in_post":null,"other_logs":null,"out_stock_days":0,"lost_sales":0,"has_location":null,"update_date":"2026-04-27T07:14:23","atum_locations":[],"atum_stock_status":"instock","restock_status":false,"low_stock_amount":"","sales_update_date":"2026-02-06T00:02:02","calc_backorders":null,"_links":{"self":[{"href":"https:\/\/aromasentia.com\/da\/wp-json\/wp\/v2\/product\/200228","targetHints":{"allow":["GET"]}}],"collection":[{"href":"https:\/\/aromasentia.com\/da\/wp-json\/wp\/v2\/product"}],"about":[{"href":"https:\/\/aromasentia.com\/da\/wp-json\/wp\/v2\/types\/product"}],"replies":[{"embeddable":true,"href":"https:\/\/aromasentia.com\/da\/wp-json\/wp\/v2\/comments?post=200228"}],"version-history":[{"count":0,"href":"https:\/\/aromasentia.com\/da\/wp-json\/wp\/v2\/product\/200228\/revisions"}],"wp:featuredmedia":[{"embeddable":true,"href":"https:\/\/aromasentia.com\/da\/wp-json\/wp\/v2\/media\/293738"}],"wp:attachment":[{"href":"https:\/\/aromasentia.com\/da\/wp-json\/wp\/v2\/media?parent=200228"}],"wp:term":[{"taxonomy":"product_brand","embeddable":true,"href":"https:\/\/aromasentia.com\/da\/wp-json\/wp\/v2\/product_brand?post=200228"},{"taxonomy":"product_cat","embeddable":true,"href":"https:\/\/aromasentia.com\/da\/wp-json\/wp\/v2\/product_cat?post=200228"},{"taxonomy":"product_tag","embeddable":true,"href":"https:\/\/aromasentia.com\/da\/wp-json\/wp\/v2\/product_tag?post=200228"}],"curies":[{"name":"wp","href":"https:\/\/api.w.org\/{rel}","templated":true}]}}