{"id":200227,"date":"2025-03-20T17:35:54","date_gmt":"2025-03-20T17:35:54","guid":{"rendered":"https:\/\/aromasentia.com\/product\/boxed-single-massage-soaps-lavender-lilac\/"},"modified":"2025-06-22T03:26:44","modified_gmt":"2025-06-22T03:26:44","slug":"massage-saeber-i-aesker-lavendel-syren","status":"publish","type":"product","link":"https:\/\/aromasentia.com\/da\/massage-saeber-i-aesker-lavendel-syren\/","title":{"rendered":"Massage S\u00e6ber I \u00c6sker &#8211; Lavendel &#038; Syren"},"content":{"rendered":"<h2>Fork\u00e6l dig i luksus: Engros massages\u00e6ber &#8211; lavendel og syren <\/h2>\n<p>Vi introducerer vores engros massages\u00e6ber i \u00e6sker &#8211; lavendel og syren, den perfekte tilf\u00f8jelse til engrosk\u00f8b. Hver s\u00e6be er uds\u00f8gt pakket i individuelle \u00e6sker, der giver mulighed for ubesv\u00e6ret udstilling og pr\u00e6sentation for dine kr\u00e6sne kunder. De er et enest\u00e5ende valg for spaer, wellness-centre, hoteller og gavebutikker, der \u00f8nsker at tilbyde en karakteristisk og overb\u00e6rende badeoplevelse.<\/p>\n<p>Uanset om du skaber en fredfyldt spa-atmosf\u00e6re eller s\u00f8ger en tankev\u00e6kkende gave, er disse massages\u00e6ber et alsidigt og overd\u00e5digt valg, der tilf\u00f8rer afslapning og ro i ethvert bad eller brusebad.<\/p>\n<p><strong>Forbedr dine kunders selvpleje-ritualer med massages\u00e6ber i engrosemballage &#8211; lavendel og syren.<\/strong><\/p>\n","protected":false},"excerpt":{"rendered":"<p>Fork\u00e6l dig i luksus: Engros massages\u00e6ber &#8211; lavendel og syren Vi introducerer vores engros massages\u00e6ber i \u00e6sker &#8211; lavendel og syren, den perfekte tilf\u00f8jelse til engrosk\u00f8b. Hver s\u00e6be er uds\u00f8gt pakket i individuelle \u00e6sker, der giver mulighed for ubesv\u00e6ret udstilling og pr\u00e6sentation for dine kr\u00e6sne kunder. De er et enest\u00e5ende valg for spaer, wellness-centre, hoteller [&hellip;]<\/p>\n","protected":false},"featured_media":293721,"comment_status":"closed","ping_status":"open","template":"","meta":[],"product_brand":[],"product_cat":[6994,26830,25839,25957,7012],"product_tag":[],"class_list":{"0":"post-200227","1":"product","2":"type-product","3":"status-publish","4":"has-post-thumbnail","6":"product_cat-bad-og-bruser","7":"product_cat-blomster","8":"product_cat-dufte-aromaer","9":"product_cat-lavendel","10":"product_cat-okologiske-saeber-saebebar","11":"pa_collection-boxed-single-massage-soaps-da","12":"pa_made-in-storbritannien","14":"first","15":"instock","16":"purchasable","17":"product-type-simple"},"supplier_id":null,"supplier_sku":"MSPS-05","barcode":null,"atum_controlled":true,"out_stock_date":null,"out_stock_threshold":null,"inheritable":false,"inbound_stock":null,"stock_on_hold":0,"sold_today":0,"sales_last_days":0,"reserved_stock":null,"customer_returns":null,"warehouse_damage":null,"lost_in_post":null,"other_logs":null,"out_stock_days":0,"lost_sales":0,"has_location":null,"update_date":"2026-02-10T03:20:59","atum_locations":[],"atum_stock_status":"instock","restock_status":false,"low_stock_amount":"","sales_update_date":"2025-09-05T00:20:12","calc_backorders":null,"_links":{"self":[{"href":"https:\/\/aromasentia.com\/da\/wp-json\/wp\/v2\/product\/200227","targetHints":{"allow":["GET"]}}],"collection":[{"href":"https:\/\/aromasentia.com\/da\/wp-json\/wp\/v2\/product"}],"about":[{"href":"https:\/\/aromasentia.com\/da\/wp-json\/wp\/v2\/types\/product"}],"replies":[{"embeddable":true,"href":"https:\/\/aromasentia.com\/da\/wp-json\/wp\/v2\/comments?post=200227"}],"version-history":[{"count":0,"href":"https:\/\/aromasentia.com\/da\/wp-json\/wp\/v2\/product\/200227\/revisions"}],"wp:featuredmedia":[{"embeddable":true,"href":"https:\/\/aromasentia.com\/da\/wp-json\/wp\/v2\/media\/293721"}],"wp:attachment":[{"href":"https:\/\/aromasentia.com\/da\/wp-json\/wp\/v2\/media?parent=200227"}],"wp:term":[{"taxonomy":"product_brand","embeddable":true,"href":"https:\/\/aromasentia.com\/da\/wp-json\/wp\/v2\/product_brand?post=200227"},{"taxonomy":"product_cat","embeddable":true,"href":"https:\/\/aromasentia.com\/da\/wp-json\/wp\/v2\/product_cat?post=200227"},{"taxonomy":"product_tag","embeddable":true,"href":"https:\/\/aromasentia.com\/da\/wp-json\/wp\/v2\/product_tag?post=200227"}],"curies":[{"name":"wp","href":"https:\/\/api.w.org\/{rel}","templated":true}]}}