{"id":200219,"date":"2025-03-22T13:29:32","date_gmt":"2025-03-22T13:29:32","guid":{"rendered":"https:\/\/aromasentia.com\/product\/lrg-stones-chakra-set-oval-shape\/"},"modified":"2025-06-22T03:26:39","modified_gmt":"2025-06-22T03:26:39","slug":"stor-stones-chakra-set-oval-form","status":"publish","type":"product","link":"https:\/\/aromasentia.com\/da\/stor-stones-chakra-set-oval-form\/","title":{"rendered":"Stor Stones Chakra Set (Oval Form)"},"content":{"rendered":"<p><span style=\"color: rgb(75, 80, 88);\">Vi pr\u00e6senterer vores f\u00e6ngslende udvalg af <strong>Esoteriske poses\u00e6t<\/strong> \u2013 en kollektion, der kombinerer spiritualitet, \u00e6stetisk appel og holistisk energi for dem, der s\u00f8ger balance og oplysning. Disse trykte poses\u00e6t er fremstillet med pr\u00e6cision og omhu og tilbyder et varieret udvalg af helbredende sten og spirituelle v\u00e6rkt\u00f8jer, der im\u00f8dekommer en bred vifte af behov og pr\u00e6ferencer.<\/span><\/p>\n<p><span style=\"color: rgb(75, 80, 88);\">Begiv dig ud p\u00e5 en rejse med holistisk velv\u00e6re med vores <strong>Store sten chakras\u00e6t i ovale former<\/strong>. Disse st\u00f8rre sten er omhyggeligt udvalgt til at repr\u00e6sentere de syv chakraer og justere dine energicentre for et harmonisk og afbalanceret liv. Den glatte ovale form inviterer dig til at holde disse sten under meditation eller energiarbejde, hvilket uddyber din forbindelse med hvert chakras unikke energi.<\/span><\/p>\n<p><span style=\"color: rgb(75, 80, 88);\"><strong>Esoteriske og spirituelle genstande nyder en stigning i popularitet<\/strong>. De er blevet mere end blot nicheprodukter; de er nu en del af mainstreamkulturen. Ved at tilbyde vores Esoteric Pouch Sets, vil du im\u00f8dekomme kravene fra et stadigt voksende marked.<\/span><\/p>\n","protected":false},"excerpt":{"rendered":"<p>Vi pr\u00e6senterer vores f\u00e6ngslende udvalg af Esoteriske poses\u00e6t \u2013 en kollektion, der kombinerer spiritualitet, \u00e6stetisk appel og holistisk energi for dem, der s\u00f8ger balance og oplysning. Disse trykte poses\u00e6t er fremstillet med pr\u00e6cision og omhu og tilbyder et varieret udvalg af helbredende sten og spirituelle v\u00e6rkt\u00f8jer, der im\u00f8dekommer en bred vifte af behov og pr\u00e6ferencer. [&hellip;]<\/p>\n","protected":false},"featured_media":334099,"comment_status":"closed","ping_status":"open","template":"","meta":[],"product_brand":[],"product_cat":[5591,6920,6902],"product_tag":[],"class_list":{"0":"post-200219","1":"product","2":"type-product","3":"status-publish","4":"has-post-thumbnail","6":"product_cat-hjem-og-have","7":"product_cat-inspiration","8":"product_cat-vedhaeng-og-runesten","9":"pa_collection-esoteric-pouch-sets-da","10":"pa_made-in-indien","12":"first","13":"instock","14":"purchasable","15":"product-type-simple"},"supplier_id":null,"supplier_sku":"EPS-02","barcode":null,"atum_controlled":true,"out_stock_date":null,"out_stock_threshold":null,"inheritable":false,"inbound_stock":null,"stock_on_hold":0,"sold_today":0,"sales_last_days":0,"reserved_stock":null,"customer_returns":null,"warehouse_damage":null,"lost_in_post":null,"other_logs":null,"out_stock_days":0,"lost_sales":0,"has_location":null,"update_date":"2026-01-30T01:25:27","atum_locations":[],"atum_stock_status":"instock","restock_status":false,"low_stock_amount":"","sales_update_date":"2026-01-30T01:25:27","calc_backorders":null,"_links":{"self":[{"href":"https:\/\/aromasentia.com\/da\/wp-json\/wp\/v2\/product\/200219","targetHints":{"allow":["GET"]}}],"collection":[{"href":"https:\/\/aromasentia.com\/da\/wp-json\/wp\/v2\/product"}],"about":[{"href":"https:\/\/aromasentia.com\/da\/wp-json\/wp\/v2\/types\/product"}],"replies":[{"embeddable":true,"href":"https:\/\/aromasentia.com\/da\/wp-json\/wp\/v2\/comments?post=200219"}],"version-history":[{"count":0,"href":"https:\/\/aromasentia.com\/da\/wp-json\/wp\/v2\/product\/200219\/revisions"}],"wp:featuredmedia":[{"embeddable":true,"href":"https:\/\/aromasentia.com\/da\/wp-json\/wp\/v2\/media\/334099"}],"wp:attachment":[{"href":"https:\/\/aromasentia.com\/da\/wp-json\/wp\/v2\/media?parent=200219"}],"wp:term":[{"taxonomy":"product_brand","embeddable":true,"href":"https:\/\/aromasentia.com\/da\/wp-json\/wp\/v2\/product_brand?post=200219"},{"taxonomy":"product_cat","embeddable":true,"href":"https:\/\/aromasentia.com\/da\/wp-json\/wp\/v2\/product_cat?post=200219"},{"taxonomy":"product_tag","embeddable":true,"href":"https:\/\/aromasentia.com\/da\/wp-json\/wp\/v2\/product_tag?post=200219"}],"curies":[{"name":"wp","href":"https:\/\/api.w.org\/{rel}","templated":true}]}}