{"id":200218,"date":"2025-03-22T13:29:32","date_gmt":"2025-03-22T13:29:32","guid":{"rendered":"https:\/\/aromasentia.com\/product\/fengshui-quatra-set-natural-quartz\/"},"modified":"2025-06-22T03:26:39","modified_gmt":"2025-06-22T03:26:39","slug":"fengshui-quatra-set-naturlig-kvarts","status":"publish","type":"product","link":"https:\/\/aromasentia.com\/da\/fengshui-quatra-set-naturlig-kvarts\/","title":{"rendered":"Fengshui Quatra-Set Naturlig Kvarts"},"content":{"rendered":"<p><span style=\"color: rgb(75, 80, 88);\"><strong>Vi pr\u00e6senterer et f\u00e6ngslende udvalg af Esoteric Pouch Sets<\/strong> \u2013 en kollektion, der kombinerer spiritualitet, \u00e6stetisk appel og holistisk energi til dem, der s\u00f8ger balance og oplysning. Disse trykte poses\u00e6t er fremstillet med pr\u00e6cision og omhu og tilbyder et varieret udvalg af helbredende sten og spirituelle v\u00e6rkt\u00f8jer, der im\u00f8dekommer en bred vifte af behov og pr\u00e6ferencer.<\/span><\/p>\n<p><span style=\"color: rgb(75, 80, 88);\">For\u00f8g energien i dine opholdsrum med vores <strong>Fengshui Quatra-Set Natural Quartz<\/strong>. Disse uber\u00f8rte naturlige kvartskrystaller er kendt for deres evne til at kanalisere positiv energi og skabe harmoni i dit hjem. Hver krystal er udvalgt med Fengshui-principperne i tankerne, hvilket g\u00f8r dem ideelle til dem, der \u00f8nsker at skabe et afbalanceret og energim\u00e6ssigt afbalanceret milj\u00f8. Med deres rene og klare egenskaber fungerer disse kvartskrystaller som et fyrt\u00e5rn af lys og positivitet.<\/span><\/p>\n<p><span style=\"color: rgb(75, 80, 88);\"><strong>Esoteriske og spirituelle genstande nyder en stigning i popularitet.<\/strong> De er blevet mere end blot nicheprodukter; de er nu en del af mainstreamkulturen. Ved at tilf\u00f8je vores Esoteriske Pouch-s\u00e6t til dit tilbud, vil du im\u00f8dekomme kravene fra et stadigt voksende marked.<\/span><\/p>\n","protected":false},"excerpt":{"rendered":"<p>Vi pr\u00e6senterer et f\u00e6ngslende udvalg af Esoteric Pouch Sets \u2013 en kollektion, der kombinerer spiritualitet, \u00e6stetisk appel og holistisk energi til dem, der s\u00f8ger balance og oplysning. Disse trykte poses\u00e6t er fremstillet med pr\u00e6cision og omhu og tilbyder et varieret udvalg af helbredende sten og spirituelle v\u00e6rkt\u00f8jer, der im\u00f8dekommer en bred vifte af behov og [&hellip;]<\/p>\n","protected":false},"featured_media":334074,"comment_status":"closed","ping_status":"open","template":"","meta":[],"product_brand":[],"product_cat":[5591,6920,25222,25736,6902],"product_tag":[],"class_list":{"0":"post-200218","1":"product","2":"type-product","3":"status-publish","4":"has-post-thumbnail","6":"product_cat-hjem-og-have","7":"product_cat-inspiration","8":"product_cat-krystaller-og-sten","9":"product_cat-kvarts","10":"product_cat-vedhaeng-og-runesten","11":"pa_collection-esoteric-pouch-sets-da","12":"pa_made-in-indien","14":"first","15":"instock","16":"purchasable","17":"product-type-simple"},"supplier_id":null,"supplier_sku":"EPS-03","barcode":null,"atum_controlled":true,"out_stock_date":null,"out_stock_threshold":null,"inheritable":false,"inbound_stock":null,"stock_on_hold":0,"sold_today":0,"sales_last_days":0,"reserved_stock":null,"customer_returns":null,"warehouse_damage":null,"lost_in_post":null,"other_logs":null,"out_stock_days":0,"lost_sales":0,"has_location":null,"update_date":"2026-01-30T01:24:40","atum_locations":[],"atum_stock_status":"instock","restock_status":false,"low_stock_amount":"","sales_update_date":"2026-01-30T01:24:40","calc_backorders":null,"_links":{"self":[{"href":"https:\/\/aromasentia.com\/da\/wp-json\/wp\/v2\/product\/200218","targetHints":{"allow":["GET"]}}],"collection":[{"href":"https:\/\/aromasentia.com\/da\/wp-json\/wp\/v2\/product"}],"about":[{"href":"https:\/\/aromasentia.com\/da\/wp-json\/wp\/v2\/types\/product"}],"replies":[{"embeddable":true,"href":"https:\/\/aromasentia.com\/da\/wp-json\/wp\/v2\/comments?post=200218"}],"version-history":[{"count":0,"href":"https:\/\/aromasentia.com\/da\/wp-json\/wp\/v2\/product\/200218\/revisions"}],"wp:featuredmedia":[{"embeddable":true,"href":"https:\/\/aromasentia.com\/da\/wp-json\/wp\/v2\/media\/334074"}],"wp:attachment":[{"href":"https:\/\/aromasentia.com\/da\/wp-json\/wp\/v2\/media?parent=200218"}],"wp:term":[{"taxonomy":"product_brand","embeddable":true,"href":"https:\/\/aromasentia.com\/da\/wp-json\/wp\/v2\/product_brand?post=200218"},{"taxonomy":"product_cat","embeddable":true,"href":"https:\/\/aromasentia.com\/da\/wp-json\/wp\/v2\/product_cat?post=200218"},{"taxonomy":"product_tag","embeddable":true,"href":"https:\/\/aromasentia.com\/da\/wp-json\/wp\/v2\/product_tag?post=200218"}],"curies":[{"name":"wp","href":"https:\/\/api.w.org\/{rel}","templated":true}]}}