{"id":200216,"date":"2025-03-22T13:29:32","date_gmt":"2025-03-22T13:29:32","guid":{"rendered":"https:\/\/aromasentia.com\/product\/geometric-seven-piece-crystal-set\/"},"modified":"2025-06-22T03:26:38","modified_gmt":"2025-06-22T03:26:38","slug":"geometrisk-krystalsaet-med-syv-dele","status":"publish","type":"product","link":"https:\/\/aromasentia.com\/da\/geometrisk-krystalsaet-med-syv-dele\/","title":{"rendered":"geometrisk Krystals\u00e6t med Syv Dele"},"content":{"rendered":"<p><span style=\"color: rgb(75, 80, 88);\">Vi pr\u00e6senterer vores f\u00e6ngslende udvalg af <strong>Esoteriske poses\u00e6t<\/strong> \u2013 en kollektion, der kombinerer spiritualitet, \u00e6stetisk appel og holistisk energi for dem, der s\u00f8ger balance og oplysning. Disse trykte poses\u00e6t er fremstillet med pr\u00e6cision og omhu og tilbyder et varieret udvalg af helbredende sten og spirituelle v\u00e6rkt\u00f8jer, der im\u00f8dekommer en bred vifte af behov og pr\u00e6ferencer.<\/span><\/p>\n<p><span style=\"color: rgb(75, 80, 88);\">Afsl\u00f8r magien i vores <strong>Geometriske syvdelte krystals\u00e6t<\/strong>, en rejse ind i hjertet af spirituel v\u00e6kst og personlig transformation. Hver krystal i dette s\u00e6t er blevet sk\u00e5ret i geometriske former, hvilket forbedrer deres visuelle appel og metafysiske egenskaber. Uanset om du er en erfaren krystalbruger eller en nybegynder-udforsker, er dette s\u00e6t din n\u00f8gle til at l\u00e5se op for dit h\u00f8jere selv.<\/span><\/p>\n<p><span style=\"color: rgb(75, 80, 88);\"><strong>Esoteriske og spirituelle genstande nyder en stigning i popularitet.<\/strong> De er blevet mere end blot nicheprodukter; de er nu en del af mainstreamkulturen. Ved at tilf\u00f8je esoteriske poses\u00e6t til din portef\u00f8lje, vil du im\u00f8dekomme kravene fra et stadigt voksende marked.<\/span><\/p>\n","protected":false},"excerpt":{"rendered":"<p>Vi pr\u00e6senterer vores f\u00e6ngslende udvalg af Esoteriske poses\u00e6t \u2013 en kollektion, der kombinerer spiritualitet, \u00e6stetisk appel og holistisk energi for dem, der s\u00f8ger balance og oplysning. Disse trykte poses\u00e6t er fremstillet med pr\u00e6cision og omhu og tilbyder et varieret udvalg af helbredende sten og spirituelle v\u00e6rkt\u00f8jer, der im\u00f8dekommer en bred vifte af behov og pr\u00e6ferencer. [&hellip;]<\/p>\n","protected":false},"featured_media":334016,"comment_status":"closed","ping_status":"open","template":"","meta":[],"product_brand":[],"product_cat":[5591,6920,6902],"product_tag":[],"class_list":{"0":"post-200216","1":"product","2":"type-product","3":"status-publish","4":"has-post-thumbnail","6":"product_cat-hjem-og-have","7":"product_cat-inspiration","8":"product_cat-vedhaeng-og-runesten","9":"pa_collection-esoteric-pouch-sets-da","10":"pa_made-in-indien","12":"first","13":"instock","14":"purchasable","15":"product-type-simple"},"supplier_id":null,"supplier_sku":"EPS-05","barcode":null,"atum_controlled":true,"out_stock_date":null,"out_stock_threshold":null,"inheritable":false,"inbound_stock":null,"stock_on_hold":0,"sold_today":0,"sales_last_days":0,"reserved_stock":null,"customer_returns":null,"warehouse_damage":null,"lost_in_post":null,"other_logs":null,"out_stock_days":0,"lost_sales":0,"has_location":null,"update_date":"2026-01-30T01:26:12","atum_locations":[],"atum_stock_status":"instock","restock_status":false,"low_stock_amount":"","sales_update_date":"2026-01-30T01:26:12","calc_backorders":null,"_links":{"self":[{"href":"https:\/\/aromasentia.com\/da\/wp-json\/wp\/v2\/product\/200216","targetHints":{"allow":["GET"]}}],"collection":[{"href":"https:\/\/aromasentia.com\/da\/wp-json\/wp\/v2\/product"}],"about":[{"href":"https:\/\/aromasentia.com\/da\/wp-json\/wp\/v2\/types\/product"}],"replies":[{"embeddable":true,"href":"https:\/\/aromasentia.com\/da\/wp-json\/wp\/v2\/comments?post=200216"}],"version-history":[{"count":0,"href":"https:\/\/aromasentia.com\/da\/wp-json\/wp\/v2\/product\/200216\/revisions"}],"wp:featuredmedia":[{"embeddable":true,"href":"https:\/\/aromasentia.com\/da\/wp-json\/wp\/v2\/media\/334016"}],"wp:attachment":[{"href":"https:\/\/aromasentia.com\/da\/wp-json\/wp\/v2\/media?parent=200216"}],"wp:term":[{"taxonomy":"product_brand","embeddable":true,"href":"https:\/\/aromasentia.com\/da\/wp-json\/wp\/v2\/product_brand?post=200216"},{"taxonomy":"product_cat","embeddable":true,"href":"https:\/\/aromasentia.com\/da\/wp-json\/wp\/v2\/product_cat?post=200216"},{"taxonomy":"product_tag","embeddable":true,"href":"https:\/\/aromasentia.com\/da\/wp-json\/wp\/v2\/product_tag?post=200216"}],"curies":[{"name":"wp","href":"https:\/\/api.w.org\/{rel}","templated":true}]}}