{"id":200215,"date":"2025-03-22T13:29:32","date_gmt":"2025-03-22T13:29:32","guid":{"rendered":"https:\/\/aromasentia.com\/product\/geometric-seven-piece-black-agate-set\/"},"modified":"2025-06-22T03:26:37","modified_gmt":"2025-06-22T03:26:37","slug":"geometrisk-sort-agat-saet-med-syv-dele","status":"publish","type":"product","link":"https:\/\/aromasentia.com\/da\/geometrisk-sort-agat-saet-med-syv-dele\/","title":{"rendered":"geometrisk Sort Agat S\u00e6t med Syv Dele"},"content":{"rendered":"<p><span style=\"color: rgb(75, 80, 88);\">Vi pr\u00e6senterer vores f\u00e6ngslende udvalg af <strong>Esoteriske poses\u00e6t<\/strong> \u2013 en kollektion, der kombinerer spiritualitet, \u00e6stetisk appel og holistisk energi for dem, der s\u00f8ger balance og oplysning. Disse trykte poses\u00e6t er fremstillet med pr\u00e6cision og omhu og tilbyder et varieret udvalg af helbredende sten og spirituelle v\u00e6rkt\u00f8jer, der im\u00f8dekommer en bred vifte af behov og pr\u00e6ferencer.<\/span><\/p>\n<p>Fordyb dig i de beskyttende og jordn\u00e6re energier i vores <strong>Geometriske syvdelte sorte agats\u00e6t<\/strong>. Disse geometriske sorte agatsten <strong>holder n\u00f8glen til stabilitet og indre styrke<\/strong>. Hvert stykke giver genlyd af gammel visdom og tilbyder en f\u00f8lelse af sikkerhed i turbulente tider. Sort agat er kendt for sin evne til at absorbere og omdanne negative energier, hvilket g\u00f8r den til en st\u00e6rk ledsager til personlig v\u00e6kst. <\/p>\n<p><span style=\"color: rgb(75, 80, 88);\"><strong>Esoteriske og spirituelle genstande oplever en stigning i popularitet.<\/strong> De er blevet mere end blot nicheprodukter; de er nu en del af mainstreamkulturen. Ved at tilf\u00f8je Esoteric Pouch Sets til din portef\u00f8lje, vil du im\u00f8dekomme kravene fra et stadigt voksende marked.<\/span><\/p>\n","protected":false},"excerpt":{"rendered":"<p>Vi pr\u00e6senterer vores f\u00e6ngslende udvalg af Esoteriske poses\u00e6t \u2013 en kollektion, der kombinerer spiritualitet, \u00e6stetisk appel og holistisk energi for dem, der s\u00f8ger balance og oplysning. Disse trykte poses\u00e6t er fremstillet med pr\u00e6cision og omhu og tilbyder et varieret udvalg af helbredende sten og spirituelle v\u00e6rkt\u00f8jer, der im\u00f8dekommer en bred vifte af behov og pr\u00e6ferencer. [&hellip;]<\/p>\n","protected":false},"featured_media":334007,"comment_status":"closed","ping_status":"open","template":"","meta":{"_angie_page":false},"product_brand":[],"product_cat":[25537,5591,6920,25222,6902],"product_tag":[],"class_list":{"0":"post-200215","1":"product","2":"type-product","3":"status-publish","4":"has-post-thumbnail","6":"product_cat-achat","7":"product_cat-hjem-og-have","8":"product_cat-inspiration","9":"product_cat-krystaller-og-sten","10":"product_cat-vedhaeng-og-runesten","11":"pa_collection-esoteric-pouch-sets-da","12":"pa_made-in-indien","14":"first","15":"instock","16":"purchasable","17":"product-type-simple"},"supplier_id":null,"supplier_sku":"EPS-06","barcode":null,"atum_controlled":true,"out_stock_date":null,"out_stock_threshold":null,"inheritable":false,"inbound_stock":null,"stock_on_hold":0,"sold_today":0,"sales_last_days":0,"reserved_stock":null,"customer_returns":null,"warehouse_damage":null,"lost_in_post":null,"other_logs":null,"out_stock_days":0,"lost_sales":0,"has_location":null,"update_date":"2026-04-27T07:02:07","atum_locations":[],"atum_stock_status":"instock","restock_status":false,"low_stock_amount":"","sales_update_date":"2026-01-30T01:25:54","calc_backorders":null,"_links":{"self":[{"href":"https:\/\/aromasentia.com\/da\/wp-json\/wp\/v2\/product\/200215","targetHints":{"allow":["GET"]}}],"collection":[{"href":"https:\/\/aromasentia.com\/da\/wp-json\/wp\/v2\/product"}],"about":[{"href":"https:\/\/aromasentia.com\/da\/wp-json\/wp\/v2\/types\/product"}],"replies":[{"embeddable":true,"href":"https:\/\/aromasentia.com\/da\/wp-json\/wp\/v2\/comments?post=200215"}],"version-history":[{"count":0,"href":"https:\/\/aromasentia.com\/da\/wp-json\/wp\/v2\/product\/200215\/revisions"}],"wp:featuredmedia":[{"embeddable":true,"href":"https:\/\/aromasentia.com\/da\/wp-json\/wp\/v2\/media\/334007"}],"wp:attachment":[{"href":"https:\/\/aromasentia.com\/da\/wp-json\/wp\/v2\/media?parent=200215"}],"wp:term":[{"taxonomy":"product_brand","embeddable":true,"href":"https:\/\/aromasentia.com\/da\/wp-json\/wp\/v2\/product_brand?post=200215"},{"taxonomy":"product_cat","embeddable":true,"href":"https:\/\/aromasentia.com\/da\/wp-json\/wp\/v2\/product_cat?post=200215"},{"taxonomy":"product_tag","embeddable":true,"href":"https:\/\/aromasentia.com\/da\/wp-json\/wp\/v2\/product_tag?post=200215"}],"curies":[{"name":"wp","href":"https:\/\/api.w.org\/{rel}","templated":true}]}}