{"id":200197,"date":"2025-03-22T13:29:41","date_gmt":"2025-03-22T13:29:41","guid":{"rendered":"https:\/\/aromasentia.com\/product\/cotton-pouch-for-gemstone-face-rollers-10oz-black-9x19xm\/"},"modified":"2025-06-22T03:26:28","modified_gmt":"2025-06-22T03:26:28","slug":"bomuldspose-til-aedelsten-face-rollers-10oz-sort-9x19xm","status":"publish","type":"product","link":"https:\/\/aromasentia.com\/da\/bomuldspose-til-aedelsten-face-rollers-10oz-sort-9x19xm\/","title":{"rendered":"Bomuldspose Til \u00c6delsten Face Rollers 10Oz &#8211; Sort 9X19Xm"},"content":{"rendered":"<p>Bomuldsposer ser fantastiske ud med vores Aroma Sentia-ping Gemstone Face Rollers. Dette er en uundv\u00e6rlig gaveid\u00e9.<\/p>\n<p>St\u00f8rrelse: 19 x 9 x 0,5 cm<\/p>\n","protected":false},"excerpt":{"rendered":"<p>Bomuldsposer ser fantastiske ud med vores Aroma Sentia-ping Gemstone Face Rollers. Dette er en uundv\u00e6rlig gaveid\u00e9. St\u00f8rrelse: 19 x 9 x 0,5 cm<\/p>\n","protected":false},"featured_media":336113,"comment_status":"closed","ping_status":"open","template":"","meta":{"_angie_page":false},"product_brand":[27074],"product_cat":[6950,6994,6243,6995],"product_tag":[],"class_list":{"0":"post-200197","1":"product","2":"type-product","3":"status-publish","4":"has-post-thumbnail","6":"product_brand-aw-cosmetics","7":"product_cat-aedelstens-smykker-og-accessories","8":"product_cat-bad-og-bruser","9":"product_cat-esoteriske-gaver","10":"product_cat-massagevaerktoj","11":"pa_collection-gemstone-face-roller-da","12":"pa_made-in-indien","14":"first","15":"instock","16":"purchasable","17":"product-type-simple"},"supplier_id":null,"supplier_sku":"GemFR-Pouch","barcode":null,"atum_controlled":true,"out_stock_date":null,"out_stock_threshold":null,"inheritable":false,"inbound_stock":null,"stock_on_hold":0,"sold_today":0,"sales_last_days":0,"reserved_stock":null,"customer_returns":null,"warehouse_damage":null,"lost_in_post":null,"other_logs":null,"out_stock_days":0,"lost_sales":0,"has_location":null,"update_date":"2026-04-27T07:05:16","atum_locations":[],"atum_stock_status":"instock","restock_status":false,"low_stock_amount":"","sales_update_date":"2025-09-04T00:22:26","calc_backorders":null,"_links":{"self":[{"href":"https:\/\/aromasentia.com\/da\/wp-json\/wp\/v2\/product\/200197","targetHints":{"allow":["GET"]}}],"collection":[{"href":"https:\/\/aromasentia.com\/da\/wp-json\/wp\/v2\/product"}],"about":[{"href":"https:\/\/aromasentia.com\/da\/wp-json\/wp\/v2\/types\/product"}],"replies":[{"embeddable":true,"href":"https:\/\/aromasentia.com\/da\/wp-json\/wp\/v2\/comments?post=200197"}],"version-history":[{"count":0,"href":"https:\/\/aromasentia.com\/da\/wp-json\/wp\/v2\/product\/200197\/revisions"}],"wp:featuredmedia":[{"embeddable":true,"href":"https:\/\/aromasentia.com\/da\/wp-json\/wp\/v2\/media\/336113"}],"wp:attachment":[{"href":"https:\/\/aromasentia.com\/da\/wp-json\/wp\/v2\/media?parent=200197"}],"wp:term":[{"taxonomy":"product_brand","embeddable":true,"href":"https:\/\/aromasentia.com\/da\/wp-json\/wp\/v2\/product_brand?post=200197"},{"taxonomy":"product_cat","embeddable":true,"href":"https:\/\/aromasentia.com\/da\/wp-json\/wp\/v2\/product_cat?post=200197"},{"taxonomy":"product_tag","embeddable":true,"href":"https:\/\/aromasentia.com\/da\/wp-json\/wp\/v2\/product_tag?post=200197"}],"curies":[{"name":"wp","href":"https:\/\/api.w.org\/{rel}","templated":true}]}}