{"id":200193,"date":"2025-03-22T13:29:41","date_gmt":"2025-03-22T13:29:41","guid":{"rendered":"https:\/\/aromasentia.com\/product\/gemstone-mini-roller-sodalite\/"},"modified":"2025-06-22T03:26:26","modified_gmt":"2025-06-22T03:26:26","slug":"aedelsten-mini-roller-sodalit","status":"publish","type":"product","link":"https:\/\/aromasentia.com\/da\/aedelsten-mini-roller-sodalit\/","title":{"rendered":"\u00c6delsten Mini Roller &#8211; Sodalit"},"content":{"rendered":"<p>V\u00e6gt 30g-34g<\/p>\n<p>St\u00f8rrelse: L\u00e6ngde 9cm, Bredde 4cm, H\u00f8jde 1,5cm<\/p>\n","protected":false},"excerpt":{"rendered":"<p>V\u00e6gt 30g-34g St\u00f8rrelse: L\u00e6ngde 9cm, Bredde 4cm, H\u00f8jde 1,5cm<\/p>\n","protected":false},"featured_media":336077,"comment_status":"closed","ping_status":"open","template":"","meta":[],"product_brand":[27074],"product_cat":[6950,6994,6243,25222,6995,25773],"product_tag":[],"class_list":{"0":"post-200193","1":"product","2":"type-product","3":"status-publish","4":"has-post-thumbnail","6":"product_brand-aw-cosmetics","7":"product_cat-aedelstens-smykker-og-accessories","8":"product_cat-bad-og-bruser","9":"product_cat-esoteriske-gaver","10":"product_cat-krystaller-og-sten","11":"product_cat-massagevaerktoj","12":"product_cat-sodalit","13":"pa_collection-gemstone-face-roller-da","14":"pa_made-in-kina","16":"first","17":"instock","18":"purchasable","19":"product-type-simple"},"supplier_id":null,"supplier_sku":"GemFR-18","barcode":null,"atum_controlled":true,"out_stock_date":null,"out_stock_threshold":null,"inheritable":false,"inbound_stock":null,"stock_on_hold":0,"sold_today":0,"sales_last_days":0,"reserved_stock":null,"customer_returns":null,"warehouse_damage":null,"lost_in_post":null,"other_logs":null,"out_stock_days":0,"lost_sales":0,"has_location":null,"update_date":"2026-01-30T01:24:58","atum_locations":[],"atum_stock_status":"instock","restock_status":false,"low_stock_amount":"","sales_update_date":"2026-01-30T01:24:58","calc_backorders":null,"_links":{"self":[{"href":"https:\/\/aromasentia.com\/da\/wp-json\/wp\/v2\/product\/200193","targetHints":{"allow":["GET"]}}],"collection":[{"href":"https:\/\/aromasentia.com\/da\/wp-json\/wp\/v2\/product"}],"about":[{"href":"https:\/\/aromasentia.com\/da\/wp-json\/wp\/v2\/types\/product"}],"replies":[{"embeddable":true,"href":"https:\/\/aromasentia.com\/da\/wp-json\/wp\/v2\/comments?post=200193"}],"version-history":[{"count":0,"href":"https:\/\/aromasentia.com\/da\/wp-json\/wp\/v2\/product\/200193\/revisions"}],"wp:featuredmedia":[{"embeddable":true,"href":"https:\/\/aromasentia.com\/da\/wp-json\/wp\/v2\/media\/336077"}],"wp:attachment":[{"href":"https:\/\/aromasentia.com\/da\/wp-json\/wp\/v2\/media?parent=200193"}],"wp:term":[{"taxonomy":"product_brand","embeddable":true,"href":"https:\/\/aromasentia.com\/da\/wp-json\/wp\/v2\/product_brand?post=200193"},{"taxonomy":"product_cat","embeddable":true,"href":"https:\/\/aromasentia.com\/da\/wp-json\/wp\/v2\/product_cat?post=200193"},{"taxonomy":"product_tag","embeddable":true,"href":"https:\/\/aromasentia.com\/da\/wp-json\/wp\/v2\/product_tag?post=200193"}],"curies":[{"name":"wp","href":"https:\/\/api.w.org\/{rel}","templated":true}]}}