{"id":200179,"date":"2025-03-22T13:29:41","date_gmt":"2025-03-22T13:29:41","guid":{"rendered":"https:\/\/aromasentia.com\/product\/gemstone-face-roller-jade\/"},"modified":"2025-06-22T03:26:17","modified_gmt":"2025-06-22T03:26:17","slug":"ansigtsrulle-med-aedelsten-jade","status":"publish","type":"product","link":"https:\/\/aromasentia.com\/da\/ansigtsrulle-med-aedelsten-jade\/","title":{"rendered":"Ansigtsrulle med \u00c6delsten &#8211; Jade"},"content":{"rendered":"<p><strong>Gemstone Face Roller &#8211; Jade<\/strong> er det perfekte supplement til din hudpleje. Gemstone ansigtsruller kan v\u00e6re fantastiske v\u00e6rkt\u00f8jer til at lindre sp\u00e6ndinger, \u00f8ge blodcirkulationen og minimere h\u00e6velser. Den dobbeltendede rulle kan bruges til at \u00f8ge mikrocirkulationen, samtidig med at den reducerer h\u00e6velser og hj\u00e6lper med at forbedre hudens elasticitet.<\/p>\n<p><strong>S\u00e5dan bruges den:<\/strong> Rul op og ud mod kinderne fra hagen, eller fra midten og udad p\u00e5 panden. Du kan bruge den lille rulle til \u00f8jnene.<\/p>\n<p>For tilh\u00e6ngere af alternative helbredelsesmetoder b\u00e6rer jade en s\u00f8d, let og n\u00e6rende energi, der kan f\u00f8les meget helende. Den har en beroligende renhed, og den renser dit energifelt p\u00e5 en m\u00e5de, der er accepterende, k\u00e6rlig og klog.<\/p>\n","protected":false},"excerpt":{"rendered":"<p>Gemstone Face Roller &#8211; Jade er det perfekte supplement til din hudpleje. Gemstone ansigtsruller kan v\u00e6re fantastiske v\u00e6rkt\u00f8jer til at lindre sp\u00e6ndinger, \u00f8ge blodcirkulationen og minimere h\u00e6velser. Den dobbeltendede rulle kan bruges til at \u00f8ge mikrocirkulationen, samtidig med at den reducerer h\u00e6velser og hj\u00e6lper med at forbedre hudens elasticitet. S\u00e5dan bruges den: Rul op og [&hellip;]<\/p>\n","protected":false},"featured_media":335863,"comment_status":"closed","ping_status":"open","template":"","meta":{"_angie_page":false},"product_brand":[27074],"product_cat":[6950,6994,6243,25634,25222,6995],"product_tag":[],"class_list":{"0":"post-200179","1":"product","2":"type-product","3":"status-publish","4":"has-post-thumbnail","6":"product_brand-aw-cosmetics","7":"product_cat-aedelstens-smykker-og-accessories","8":"product_cat-bad-og-bruser","9":"product_cat-esoteriske-gaver","10":"product_cat-jade","11":"product_cat-krystaller-og-sten","12":"product_cat-massagevaerktoj","13":"pa_collection-gemstone-face-roller-da","14":"pa_made-in-kina","16":"first","17":"instock","18":"purchasable","19":"product-type-simple"},"supplier_id":null,"supplier_sku":"GemFR-04","barcode":null,"atum_controlled":true,"out_stock_date":null,"out_stock_threshold":null,"inheritable":false,"inbound_stock":null,"stock_on_hold":0,"sold_today":0,"sales_last_days":0,"reserved_stock":null,"customer_returns":null,"warehouse_damage":null,"lost_in_post":null,"other_logs":null,"out_stock_days":0,"lost_sales":0,"has_location":null,"update_date":"2026-04-30T17:59:10","atum_locations":[],"atum_stock_status":"instock","restock_status":false,"low_stock_amount":"","sales_update_date":"2025-09-04T00:22:14","calc_backorders":null,"_links":{"self":[{"href":"https:\/\/aromasentia.com\/da\/wp-json\/wp\/v2\/product\/200179","targetHints":{"allow":["GET"]}}],"collection":[{"href":"https:\/\/aromasentia.com\/da\/wp-json\/wp\/v2\/product"}],"about":[{"href":"https:\/\/aromasentia.com\/da\/wp-json\/wp\/v2\/types\/product"}],"replies":[{"embeddable":true,"href":"https:\/\/aromasentia.com\/da\/wp-json\/wp\/v2\/comments?post=200179"}],"version-history":[{"count":0,"href":"https:\/\/aromasentia.com\/da\/wp-json\/wp\/v2\/product\/200179\/revisions"}],"wp:featuredmedia":[{"embeddable":true,"href":"https:\/\/aromasentia.com\/da\/wp-json\/wp\/v2\/media\/335863"}],"wp:attachment":[{"href":"https:\/\/aromasentia.com\/da\/wp-json\/wp\/v2\/media?parent=200179"}],"wp:term":[{"taxonomy":"product_brand","embeddable":true,"href":"https:\/\/aromasentia.com\/da\/wp-json\/wp\/v2\/product_brand?post=200179"},{"taxonomy":"product_cat","embeddable":true,"href":"https:\/\/aromasentia.com\/da\/wp-json\/wp\/v2\/product_cat?post=200179"},{"taxonomy":"product_tag","embeddable":true,"href":"https:\/\/aromasentia.com\/da\/wp-json\/wp\/v2\/product_tag?post=200179"}],"curies":[{"name":"wp","href":"https:\/\/api.w.org\/{rel}","templated":true}]}}