{"id":200176,"date":"2025-03-22T13:29:41","date_gmt":"2025-03-22T13:29:41","guid":{"rendered":"https:\/\/aromasentia.com\/product\/gemstone-face-roller-rose-quartz\/"},"modified":"2025-06-22T03:26:16","modified_gmt":"2025-06-22T03:26:16","slug":"aedelsten-face-roller-rosenkvarts","status":"publish","type":"product","link":"https:\/\/aromasentia.com\/da\/aedelsten-face-roller-rosenkvarts\/","title":{"rendered":"\u00c6delsten Face Roller &#8211; Rosenkvarts"},"content":{"rendered":"<p><strong>\u00c6delstensansigtsrulle &#8211; &nbsp;Rosenkvarts<\/strong> er det perfekte supplement til din hudpleje. \u00c6delstensansigtsruller kan v\u00e6re fantastiske v\u00e6rkt\u00f8jer til at lindre sp\u00e6ndinger, \u00f8ge blodcirkulationen og minimere h\u00e6velser. Den dobbeltendede rulle kan bruges til at \u00f8ge mikrocirkulationen, samtidig med at den reducerer h\u00e6velser og hj\u00e6lper med at forbedre hudens elasticitet.<\/p>\n<p><strong>S\u00e5dan bruges den:<\/strong> Rul op og ud mod kinderne fra hagen, eller fra midten og udad p\u00e5 panden. Du kan bruge den lille rulle til \u00f8jnene.<\/p>\n<p>Den lyse og dejlige rosenkvarts, med sin blide lyser\u00f8de essens, er en hjertesten, en krystal af ubetinget k\u00e6rlighed. Den b\u00e6rer en bl\u00f8d feminin energi af medf\u00f8lelse og fred, \u00f8mhed og helbredelse, n\u00e6ring og komfort.<\/p>\n","protected":false},"excerpt":{"rendered":"<p>\u00c6delstensansigtsrulle &#8211; &nbsp;Rosenkvarts er det perfekte supplement til din hudpleje. \u00c6delstensansigtsruller kan v\u00e6re fantastiske v\u00e6rkt\u00f8jer til at lindre sp\u00e6ndinger, \u00f8ge blodcirkulationen og minimere h\u00e6velser. Den dobbeltendede rulle kan bruges til at \u00f8ge mikrocirkulationen, samtidig med at den reducerer h\u00e6velser og hj\u00e6lper med at forbedre hudens elasticitet. S\u00e5dan bruges den: Rul op og ud mod kinderne [&hellip;]<\/p>\n","protected":false},"featured_media":335740,"comment_status":"closed","ping_status":"open","template":"","meta":{"_angie_page":false},"product_brand":[27074],"product_cat":[6950,6994,6243,25222,25736,6995,25747],"product_tag":[],"class_list":{"0":"post-200176","1":"product","2":"type-product","3":"status-publish","4":"has-post-thumbnail","6":"product_brand-aw-cosmetics","7":"product_cat-aedelstens-smykker-og-accessories","8":"product_cat-bad-og-bruser","9":"product_cat-esoteriske-gaver","10":"product_cat-krystaller-og-sten","11":"product_cat-kvarts","12":"product_cat-massagevaerktoj","13":"product_cat-rosenkvarts","14":"pa_collection-gemstone-face-roller-da","15":"pa_made-in-kina","17":"first","18":"instock","19":"purchasable","20":"product-type-simple"},"supplier_id":null,"supplier_sku":"GemFR-01","barcode":null,"atum_controlled":true,"out_stock_date":null,"out_stock_threshold":null,"inheritable":false,"inbound_stock":null,"stock_on_hold":0,"sold_today":0,"sales_last_days":0,"reserved_stock":null,"customer_returns":null,"warehouse_damage":null,"lost_in_post":null,"other_logs":null,"out_stock_days":0,"lost_sales":0,"has_location":null,"update_date":"2026-04-27T07:05:08","atum_locations":[],"atum_stock_status":"instock","restock_status":false,"low_stock_amount":"","sales_update_date":"2025-09-04T00:22:13","calc_backorders":null,"_links":{"self":[{"href":"https:\/\/aromasentia.com\/da\/wp-json\/wp\/v2\/product\/200176","targetHints":{"allow":["GET"]}}],"collection":[{"href":"https:\/\/aromasentia.com\/da\/wp-json\/wp\/v2\/product"}],"about":[{"href":"https:\/\/aromasentia.com\/da\/wp-json\/wp\/v2\/types\/product"}],"replies":[{"embeddable":true,"href":"https:\/\/aromasentia.com\/da\/wp-json\/wp\/v2\/comments?post=200176"}],"version-history":[{"count":0,"href":"https:\/\/aromasentia.com\/da\/wp-json\/wp\/v2\/product\/200176\/revisions"}],"wp:featuredmedia":[{"embeddable":true,"href":"https:\/\/aromasentia.com\/da\/wp-json\/wp\/v2\/media\/335740"}],"wp:attachment":[{"href":"https:\/\/aromasentia.com\/da\/wp-json\/wp\/v2\/media?parent=200176"}],"wp:term":[{"taxonomy":"product_brand","embeddable":true,"href":"https:\/\/aromasentia.com\/da\/wp-json\/wp\/v2\/product_brand?post=200176"},{"taxonomy":"product_cat","embeddable":true,"href":"https:\/\/aromasentia.com\/da\/wp-json\/wp\/v2\/product_cat?post=200176"},{"taxonomy":"product_tag","embeddable":true,"href":"https:\/\/aromasentia.com\/da\/wp-json\/wp\/v2\/product_tag?post=200176"}],"curies":[{"name":"wp","href":"https:\/\/api.w.org\/{rel}","templated":true}]}}