{"id":200157,"date":"2025-03-22T13:29:50","date_gmt":"2025-03-22T13:29:50","guid":{"rendered":"https:\/\/aromasentia.com\/product\/twisted-healing-wand-copper-tiger-eye-star\/"},"modified":"2025-06-22T03:26:06","modified_gmt":"2025-06-22T03:26:06","slug":"snoet-healingsstav-kobber-tigeroeje-stjerne","status":"publish","type":"product","link":"https:\/\/aromasentia.com\/da\/snoet-healingsstav-kobber-tigeroeje-stjerne\/","title":{"rendered":"Snoet Healingsstav &#8211; Kobber Tiger\u00f8je Stjerne"},"content":{"rendered":"<p>Ret energien med denne Twisted Healing Wand &#8211; Copper Tiger Eye Star. Denne unikke healingsstav har et snoet design, der sandsynligvis indeholder ledende kobber, og er spidset med en tiger\u00f8je-stjerne. Kobber forst\u00e6rker energien, mens tiger\u00f8je giver beskyttelse, jordforbindelse og \u00f8ger den personlige kraft. Stjerneformen kan symbolisere aspiration og vejledning. Et st\u00e6rkt v\u00e6rkt\u00f8j til energiarbejde, reiki eller ritualer, designet til at kanalisere fokuserede intentioner og fremme mod, klarhed og energetisk balance.<\/p>\n","protected":false},"excerpt":{"rendered":"<p>Ret energien med denne Twisted Healing Wand &#8211; Copper Tiger Eye Star. Denne unikke healingsstav har et snoet design, der sandsynligvis indeholder ledende kobber, og er spidset med en tiger\u00f8je-stjerne. Kobber forst\u00e6rker energien, mens tiger\u00f8je giver beskyttelse, jordforbindelse og \u00f8ger den personlige kraft. Stjerneformen kan symbolisere aspiration og vejledning. Et st\u00e6rkt v\u00e6rkt\u00f8j til energiarbejde, reiki [&hellip;]<\/p>\n","protected":false},"featured_media":337791,"comment_status":"closed","ping_status":"open","template":"","meta":{"_angie_page":false},"product_brand":[],"product_cat":[6950,5591,6920,25222,25781],"product_tag":[],"class_list":{"0":"post-200157","1":"product","2":"type-product","3":"status-publish","4":"has-post-thumbnail","6":"product_cat-aedelstens-smykker-og-accessories","7":"product_cat-hjem-og-have","8":"product_cat-inspiration","9":"product_cat-krystaller-og-sten","10":"product_cat-tigeroje","11":"pa_collection-crystal-healing-wands-da","12":"pa_made-in-indien","14":"first","15":"instock","16":"purchasable","17":"product-type-simple"},"supplier_id":null,"supplier_sku":"HWand-51","barcode":null,"atum_controlled":true,"out_stock_date":null,"out_stock_threshold":null,"inheritable":false,"inbound_stock":null,"stock_on_hold":0,"sold_today":0,"sales_last_days":0,"reserved_stock":null,"customer_returns":null,"warehouse_damage":null,"lost_in_post":null,"other_logs":null,"out_stock_days":0,"lost_sales":0,"has_location":null,"update_date":"2026-04-27T07:08:21","atum_locations":[],"atum_stock_status":"instock","restock_status":false,"low_stock_amount":"","sales_update_date":"2026-01-30T01:26:13","calc_backorders":null,"_links":{"self":[{"href":"https:\/\/aromasentia.com\/da\/wp-json\/wp\/v2\/product\/200157","targetHints":{"allow":["GET"]}}],"collection":[{"href":"https:\/\/aromasentia.com\/da\/wp-json\/wp\/v2\/product"}],"about":[{"href":"https:\/\/aromasentia.com\/da\/wp-json\/wp\/v2\/types\/product"}],"replies":[{"embeddable":true,"href":"https:\/\/aromasentia.com\/da\/wp-json\/wp\/v2\/comments?post=200157"}],"version-history":[{"count":0,"href":"https:\/\/aromasentia.com\/da\/wp-json\/wp\/v2\/product\/200157\/revisions"}],"wp:featuredmedia":[{"embeddable":true,"href":"https:\/\/aromasentia.com\/da\/wp-json\/wp\/v2\/media\/337791"}],"wp:attachment":[{"href":"https:\/\/aromasentia.com\/da\/wp-json\/wp\/v2\/media?parent=200157"}],"wp:term":[{"taxonomy":"product_brand","embeddable":true,"href":"https:\/\/aromasentia.com\/da\/wp-json\/wp\/v2\/product_brand?post=200157"},{"taxonomy":"product_cat","embeddable":true,"href":"https:\/\/aromasentia.com\/da\/wp-json\/wp\/v2\/product_cat?post=200157"},{"taxonomy":"product_tag","embeddable":true,"href":"https:\/\/aromasentia.com\/da\/wp-json\/wp\/v2\/product_tag?post=200157"}],"curies":[{"name":"wp","href":"https:\/\/api.w.org\/{rel}","templated":true}]}}