{"id":200149,"date":"2025-03-22T13:29:50","date_gmt":"2025-03-22T13:29:50","guid":{"rendered":"https:\/\/aromasentia.com\/product\/hanging-chakra-stone-pendant-evil-eye\/"},"modified":"2025-06-22T03:26:03","modified_gmt":"2025-06-22T03:26:03","slug":"haengende-chakra-sten-vedhaeng-det-onde-oeje","status":"publish","type":"product","link":"https:\/\/aromasentia.com\/da\/haengende-chakra-sten-vedhaeng-det-onde-oeje\/","title":{"rendered":"H\u00e6ngende Chakra-Sten Vedh\u00e6ng &#8211; Det Onde \u00d8je"},"content":{"rendered":"<p><span style=\"color: rgb(75, 80, 88);\"><strong>Introducer dine kunder til en trendy, men dybt spirituel produktlinje med h\u00e6ngende chakra-stenvedh\u00e6ng. <\/strong><\/span><\/p>\n<p><span style=\"color: rgb(75, 80, 88);\">Disse elegante, minimalistiske smykker menes at indeholde kraftfulde betydninger og energier, der giver genlyd med esoteriske praksisser.<\/span><\/p>\n<p><span style=\"color: rgb(75, 80, 88);\"><strong>Hvert vedh\u00e6ng har 7 forskellige \u00e6delsten:<\/strong> Ametyst, Sodalit, Gr\u00f8n Aventurin, Gul Aventurin, Karneol, Klippekvarts og R\u00f8d Jaspis &#8211; kendt for deres helbredende og balancerende egenskaber.<\/span><\/p>\n<p><span style=\"color: rgb(75, 80, 88);\"><strong>H\u00e6ngende Chakra-stenvedh\u00e6ng &#8211; Ondt \u00d8je<\/strong> &#8211; Det ikoniske onde \u00f8je er et symbol p\u00e5 beskyttelse, der menes at afv\u00e6rge negative energier og bringe lykke.<\/span><\/p>\n<p><span style=\"color: rgb(75, 80, 88);\">Dette vedh\u00e6ng har syv chakra-sten, hvilket g\u00f8r Det er en kraftfuld kombination af balance og beskyttelse mod skader.<\/span><\/p>\n<p><span style=\"color: rgb(75, 80, 88);\"><strong>Kan vises overalt, fra hjem til arbejdspladser, og den udsender positive vibrationer, samtidig med at den komplementerer enhver indretning.<\/strong><\/span><\/p>\n<p><span style=\"color: rgb(75, 80, 88);\"><strong>M\u00e5l:<\/strong><\/span><\/p>\n<p><span style=\"color: rgb(75, 80, 88);\"><strong>34&#215;3,5cm<\/strong><\/span><\/p>\n","protected":false},"excerpt":{"rendered":"<p>Introducer dine kunder til en trendy, men dybt spirituel produktlinje med h\u00e6ngende chakra-stenvedh\u00e6ng. Disse elegante, minimalistiske smykker menes at indeholde kraftfulde betydninger og energier, der giver genlyd med esoteriske praksisser. Hvert vedh\u00e6ng har 7 forskellige \u00e6delsten: Ametyst, Sodalit, Gr\u00f8n Aventurin, Gul Aventurin, Karneol, Klippekvarts og R\u00f8d Jaspis &#8211; kendt for deres helbredende og balancerende egenskaber. [&hellip;]<\/p>\n","protected":false},"featured_media":337527,"comment_status":"closed","ping_status":"open","template":"","meta":{"_angie_page":false},"product_brand":[],"product_cat":[6950,6243,25212],"product_tag":[],"class_list":{"0":"post-200149","1":"product","2":"type-product","3":"status-publish","4":"has-post-thumbnail","6":"product_cat-aedelstens-smykker-og-accessories","7":"product_cat-esoteriske-gaver","8":"product_cat-halskaeder-og-vedhaeng","9":"pa_collection-hanging-chakra-stone-pendants-da","10":"pa_made-in-indien","12":"first","13":"instock","14":"purchasable","15":"product-type-simple"},"supplier_id":null,"supplier_sku":"HCSP-01","barcode":null,"atum_controlled":true,"out_stock_date":null,"out_stock_threshold":null,"inheritable":false,"inbound_stock":null,"stock_on_hold":0,"sold_today":0,"sales_last_days":0,"reserved_stock":null,"customer_returns":null,"warehouse_damage":null,"lost_in_post":null,"other_logs":null,"out_stock_days":0,"lost_sales":0,"has_location":null,"update_date":"2026-05-08T05:10:48","atum_locations":[],"atum_stock_status":"instock","restock_status":false,"low_stock_amount":"","sales_update_date":"2025-09-05T00:24:20","calc_backorders":null,"_links":{"self":[{"href":"https:\/\/aromasentia.com\/da\/wp-json\/wp\/v2\/product\/200149","targetHints":{"allow":["GET"]}}],"collection":[{"href":"https:\/\/aromasentia.com\/da\/wp-json\/wp\/v2\/product"}],"about":[{"href":"https:\/\/aromasentia.com\/da\/wp-json\/wp\/v2\/types\/product"}],"replies":[{"embeddable":true,"href":"https:\/\/aromasentia.com\/da\/wp-json\/wp\/v2\/comments?post=200149"}],"version-history":[{"count":0,"href":"https:\/\/aromasentia.com\/da\/wp-json\/wp\/v2\/product\/200149\/revisions"}],"wp:featuredmedia":[{"embeddable":true,"href":"https:\/\/aromasentia.com\/da\/wp-json\/wp\/v2\/media\/337527"}],"wp:attachment":[{"href":"https:\/\/aromasentia.com\/da\/wp-json\/wp\/v2\/media?parent=200149"}],"wp:term":[{"taxonomy":"product_brand","embeddable":true,"href":"https:\/\/aromasentia.com\/da\/wp-json\/wp\/v2\/product_brand?post=200149"},{"taxonomy":"product_cat","embeddable":true,"href":"https:\/\/aromasentia.com\/da\/wp-json\/wp\/v2\/product_cat?post=200149"},{"taxonomy":"product_tag","embeddable":true,"href":"https:\/\/aromasentia.com\/da\/wp-json\/wp\/v2\/product_tag?post=200149"}],"curies":[{"name":"wp","href":"https:\/\/api.w.org\/{rel}","templated":true}]}}