{"id":200148,"date":"2025-03-22T13:29:50","date_gmt":"2025-03-22T13:29:50","guid":{"rendered":"https:\/\/aromasentia.com\/product\/108-bead-mala-lapis\/"},"modified":"2025-06-22T03:26:02","modified_gmt":"2025-06-22T03:26:02","slug":"mala-med-108-perler-lapis","status":"publish","type":"product","link":"https:\/\/aromasentia.com\/da\/mala-med-108-perler-lapis\/","title":{"rendered":"Mala med 108 Perler &#8211; Lapis"},"content":{"rendered":"<p><span style=\"color: rgb(75, 80, 88);\"><strong>Vi pr\u00e6senterer Perle Mala &#8211; Lapis,<\/strong> et f\u00e6ngslende og spirituelt ladet smykke designet til at \u00f8ge din intuition og indre visdom.<\/span><\/p>\n<p><span style=\"color: rgb(75, 80, 88);\">Denne mala er h\u00e5ndlavet med <strong>108 perler af naturlig Lapis Lazuli, en \u00e6delsten kendt for sin dybe bl\u00e5 farve og ber\u00f8mt for sin bem\u00e6rkelsesv\u00e6rdige evne til at fremme klarhed, intuition og spirituel indsigt.<\/strong><\/span><\/p>\n<p><span style=\"color: rgb(75, 80, 88);\">Denne mala er gennemsyret af tradition og fungerer som et vigtigt redskab i spirituelle praksisser s\u00e5som meditation og sang, hvor Lapis-perlerne menes at v\u00e6kke indre visdom, h\u00e6ve intuition og stimulere det tredje \u00f8je chakra. Desuden forvandles den ubesv\u00e6ret til et stilfuldt tilbeh\u00f8r, der introducerer et element af elegance og sofistikering til enhver &#8230; ensemble.<\/span><\/p>\n<p><span style=\"color: rgb(75, 80, 88);\">Perle Mala &#8211; Lapis er den <strong>perfekte gave til dem, der s\u00f8ger at berige deres spirituelle rejse, forbedre deres intuition og uddybe deres indre visdom.<\/strong><\/span><\/p>\n<p><span style=\"color: rgb(75, 80, 88);\">Omfavn dette bem\u00e6rkelsesv\u00e6rdige smykke og fordyb dig i Lapis Lazulis transformerende energi. Med sin dybe og fortryllende sk\u00f8nhed, s\u00e5vel som sine unikke egenskaber, er denne mala bestemt til at blive en integreret del af dine daglige ritualer.<\/span><\/p>\n<p><span style=\"color: rgb(75, 80, 88);\"><strong>Bem\u00e6rk venligst:<\/strong><em>P\u00e5 grund af \u00e6delstenens natur kan hver mala-perles st\u00f8rrelse og l\u00e6ngde variere. Perlernes st\u00f8rrelse er cirka 0,6 cm til 0,8 cm, og l\u00e6ngden er cirka 60 cm til 80 cm.<\/em><\/span><\/p>\n","protected":false},"excerpt":{"rendered":"<p>Vi pr\u00e6senterer Perle Mala &#8211; Lapis, et f\u00e6ngslende og spirituelt ladet smykke designet til at \u00f8ge din intuition og indre visdom. Denne mala er h\u00e5ndlavet med 108 perler af naturlig Lapis Lazuli, en \u00e6delsten kendt for sin dybe bl\u00e5 farve og ber\u00f8mt for sin bem\u00e6rkelsesv\u00e6rdige evne til at fremme klarhed, intuition og spirituel indsigt. Denne [&hellip;]<\/p>\n","protected":false},"featured_media":337478,"comment_status":"closed","ping_status":"open","template":"","meta":{"_angie_page":false},"product_brand":[],"product_cat":[6950,6243,25222,25656],"product_tag":[],"class_list":{"0":"post-200148","1":"product","2":"type-product","3":"status-publish","4":"has-post-thumbnail","6":"product_cat-aedelstens-smykker-og-accessories","7":"product_cat-esoteriske-gaver","8":"product_cat-krystaller-og-sten","9":"product_cat-lapis-lazuli","10":"pa_collection-gemstone-mala-beads-da","11":"pa_made-in-indien","13":"first","14":"instock","15":"purchasable","16":"product-type-simple"},"supplier_id":null,"supplier_sku":"GMala-13a","barcode":null,"atum_controlled":true,"out_stock_date":null,"out_stock_threshold":null,"inheritable":false,"inbound_stock":null,"stock_on_hold":0,"sold_today":0,"sales_last_days":0,"reserved_stock":null,"customer_returns":null,"warehouse_damage":null,"lost_in_post":null,"other_logs":null,"out_stock_days":0,"lost_sales":0,"has_location":null,"update_date":"2026-05-08T05:09:40","atum_locations":[],"atum_stock_status":"instock","restock_status":false,"low_stock_amount":"","sales_update_date":"2025-09-05T00:24:20","calc_backorders":null,"_links":{"self":[{"href":"https:\/\/aromasentia.com\/da\/wp-json\/wp\/v2\/product\/200148","targetHints":{"allow":["GET"]}}],"collection":[{"href":"https:\/\/aromasentia.com\/da\/wp-json\/wp\/v2\/product"}],"about":[{"href":"https:\/\/aromasentia.com\/da\/wp-json\/wp\/v2\/types\/product"}],"replies":[{"embeddable":true,"href":"https:\/\/aromasentia.com\/da\/wp-json\/wp\/v2\/comments?post=200148"}],"version-history":[{"count":0,"href":"https:\/\/aromasentia.com\/da\/wp-json\/wp\/v2\/product\/200148\/revisions"}],"wp:featuredmedia":[{"embeddable":true,"href":"https:\/\/aromasentia.com\/da\/wp-json\/wp\/v2\/media\/337478"}],"wp:attachment":[{"href":"https:\/\/aromasentia.com\/da\/wp-json\/wp\/v2\/media?parent=200148"}],"wp:term":[{"taxonomy":"product_brand","embeddable":true,"href":"https:\/\/aromasentia.com\/da\/wp-json\/wp\/v2\/product_brand?post=200148"},{"taxonomy":"product_cat","embeddable":true,"href":"https:\/\/aromasentia.com\/da\/wp-json\/wp\/v2\/product_cat?post=200148"},{"taxonomy":"product_tag","embeddable":true,"href":"https:\/\/aromasentia.com\/da\/wp-json\/wp\/v2\/product_tag?post=200148"}],"curies":[{"name":"wp","href":"https:\/\/api.w.org\/{rel}","templated":true}]}}