{"id":200146,"date":"2025-03-22T13:29:50","date_gmt":"2025-03-22T13:29:50","guid":{"rendered":"https:\/\/aromasentia.com\/product\/108-bead-mala-amethyst\/"},"modified":"2025-06-22T03:26:01","modified_gmt":"2025-06-22T03:26:01","slug":"mala-med-108-perler-ametyst","status":"publish","type":"product","link":"https:\/\/aromasentia.com\/da\/mala-med-108-perler-ametyst\/","title":{"rendered":"Mala med 108 Perler &#8211; Ametyst"},"content":{"rendered":"<p><span style=\"color: rgb(75, 80, 88);\"><strong>Vi pr\u00e6senterer Perle Mala &#8211; Amethyst,<\/strong> et uds\u00f8gt og beroligende smykke designet til at l\u00f8fte din spirituelle rejse og dyrke indre fred.<\/span><\/p>\n<p><span style=\"color: rgb(75, 80, 88);\">Denne mala er omhyggeligt h\u00e5ndlavet med <strong>108 perler af naturlig ametyst, en \u00e6delsten karakteriseret ved sin fortryllende lilla farvetone og kendt for sin evne til at indgyde ro, balance og spirituel bevidsthed.<\/strong><\/span><\/p>\n<p><span style=\"color: rgb(75, 80, 88);\">Denne mala er gennemsyret af tradition og fungerer som et grundl\u00e6ggende v\u00e6rkt\u00f8j i spirituelle praksisser som meditation og sang, hvor ametystperlerne menes at forbedre intuition, fremme f\u00f8lelsesm\u00e6ssig heling og beskytte mod negative energier. Derudover fungerer den ubesv\u00e6ret som et stilfuldt tilbeh\u00f8r, der introducerer et element af sofistikering og sk\u00f8nhed til enhver &#8230; ensemble.<\/span><\/p>\n<p><span style=\"color: rgb(75, 80, 88);\">Perle Mala &#8211; <strong>Ametyst er den perfekte gave til dem, der s\u00f8ger at berige deres spirituelle praksis, pleje indre ro og fred eller styrke sig mod negativitet.<\/strong><\/span><\/p>\n<p><span style=\"color: rgb(75, 80, 88);\">Omfavn dette uds\u00f8gte smykke og fordyb dig i ametystens beroligende og transformerende kvaliteter. Med sin elegante og fredfyldte sk\u00f8nhed, s\u00e5vel som dens unikke egenskaber, er denne mala bestemt til at blive en integreret del af dine daglige ritualer.<\/span><\/p>\n<p><span style=\"color: rgb(75, 80, 88);\"><strong>Bem\u00e6rk venligst:<\/strong><em>P\u00e5 grund af \u00e6delstenens natur kan hver mala-perles st\u00f8rrelse og l\u00e6ngde variere. Perlernes st\u00f8rrelse er cirka 0,6 cm til 0,8 cm, og l\u00e6ngden er cirka 60 cm til 80 cm.<\/em><\/span><\/p>\n","protected":false},"excerpt":{"rendered":"<p>Vi pr\u00e6senterer Perle Mala &#8211; Amethyst, et uds\u00f8gt og beroligende smykke designet til at l\u00f8fte din spirituelle rejse og dyrke indre fred. Denne mala er omhyggeligt h\u00e5ndlavet med 108 perler af naturlig ametyst, en \u00e6delsten karakteriseret ved sin fortryllende lilla farvetone og kendt for sin evne til at indgyde ro, balance og spirituel bevidsthed. Denne [&hellip;]<\/p>\n","protected":false},"featured_media":337396,"comment_status":"closed","ping_status":"open","template":"","meta":{"_angie_page":false},"product_brand":[],"product_cat":[6950,25544,6243,25222],"product_tag":[],"class_list":{"0":"post-200146","1":"product","2":"type-product","3":"status-publish","4":"has-post-thumbnail","6":"product_cat-aedelstens-smykker-og-accessories","7":"product_cat-ametyst","8":"product_cat-esoteriske-gaver","9":"product_cat-krystaller-og-sten","10":"pa_collection-gemstone-mala-beads-da","11":"pa_made-in-indien","13":"first","14":"instock","15":"purchasable","16":"product-type-simple"},"supplier_id":null,"supplier_sku":"GMala-11","barcode":null,"atum_controlled":true,"out_stock_date":null,"out_stock_threshold":null,"inheritable":false,"inbound_stock":null,"stock_on_hold":0,"sold_today":0,"sales_last_days":0,"reserved_stock":null,"customer_returns":null,"warehouse_damage":null,"lost_in_post":null,"other_logs":null,"out_stock_days":0,"lost_sales":0,"has_location":null,"update_date":"2026-05-04T00:03:55","atum_locations":[],"atum_stock_status":"instock","restock_status":false,"low_stock_amount":"","sales_update_date":"2025-09-05T00:24:20","calc_backorders":null,"_links":{"self":[{"href":"https:\/\/aromasentia.com\/da\/wp-json\/wp\/v2\/product\/200146","targetHints":{"allow":["GET"]}}],"collection":[{"href":"https:\/\/aromasentia.com\/da\/wp-json\/wp\/v2\/product"}],"about":[{"href":"https:\/\/aromasentia.com\/da\/wp-json\/wp\/v2\/types\/product"}],"replies":[{"embeddable":true,"href":"https:\/\/aromasentia.com\/da\/wp-json\/wp\/v2\/comments?post=200146"}],"version-history":[{"count":0,"href":"https:\/\/aromasentia.com\/da\/wp-json\/wp\/v2\/product\/200146\/revisions"}],"wp:featuredmedia":[{"embeddable":true,"href":"https:\/\/aromasentia.com\/da\/wp-json\/wp\/v2\/media\/337396"}],"wp:attachment":[{"href":"https:\/\/aromasentia.com\/da\/wp-json\/wp\/v2\/media?parent=200146"}],"wp:term":[{"taxonomy":"product_brand","embeddable":true,"href":"https:\/\/aromasentia.com\/da\/wp-json\/wp\/v2\/product_brand?post=200146"},{"taxonomy":"product_cat","embeddable":true,"href":"https:\/\/aromasentia.com\/da\/wp-json\/wp\/v2\/product_cat?post=200146"},{"taxonomy":"product_tag","embeddable":true,"href":"https:\/\/aromasentia.com\/da\/wp-json\/wp\/v2\/product_tag?post=200146"}],"curies":[{"name":"wp","href":"https:\/\/api.w.org\/{rel}","templated":true}]}}