{"id":200145,"date":"2025-03-22T13:29:50","date_gmt":"2025-03-22T13:29:50","guid":{"rendered":"https:\/\/aromasentia.com\/product\/108-bead-mala-white-quartz\/"},"modified":"2025-06-22T03:26:01","modified_gmt":"2025-06-22T03:26:01","slug":"mala-med-108-perler-hvid-kvarts","status":"publish","type":"product","link":"https:\/\/aromasentia.com\/da\/mala-med-108-perler-hvid-kvarts\/","title":{"rendered":"Mala med 108 Perler &#8211; Hvid Kvarts"},"content":{"rendered":"<p><span style=\"color: rgb(75, 80, 88);\"><strong>Vi pr\u00e6senterer Perle Mala &#8211; Hvid Kvarts<\/strong>, et uds\u00f8gt og roligt smykke designet til at l\u00f8fte din spirituelle rejse og fremme et klart og fokuseret sind.<\/span><\/p>\n<p><span style=\"color: rgb(75, 80, 88);\">Denne mala er fremstillet med <strong>108 perler af naturlig hvid kvarts, en \u00e6delsten kendt for sine klare og gennemskinnelige kvaliteter, kendt for sin evne til at forbedre tankens klarhed, forst\u00f8rre energi og rense sind og krop<\/strong>.<\/span><\/p>\n<p><span style=\"color: rgb(75, 80, 88);\">Med r\u00f8dder i traditionen fungerer denne mala som et vigtigt redskab i spirituelle praksisser som meditation og chanting, hvor hvide kvartsperler menes at v\u00e6re katalysatorer for \u00f8get intuition, spirituel v\u00e6kst og chakrabalancering. Desuden fungerer den problemfrit som et elegant tilbeh\u00f8r, der tilf\u00f8jer et element af elegance og enkelhed til enhver &#8230; ensemble.<\/span><\/p>\n<p><span style=\"color: rgb(75, 80, 88);\">Perle Mala &#8211; <strong>Hvid Kvarts er en bet\u00e6nksom gave til dem, der s\u00f8ger at berige deres spirituelle praksis eller fremme mental klarhed og koncentration.<\/strong><\/span><\/p>\n<p><span style=\"color: rgb(75, 80, 88);\">Omfavn dette uds\u00f8gte smykke og fordyb dig i den transformerende energi fra hvid kvarts. Med sin klare og str\u00e5lende sk\u00f8nhed, s\u00e5vel som dens unikke egenskaber, er denne mala bestemt til at blive en integreret del af dine daglige ritualer.<\/span><\/p>\n<p><span style=\"color: rgb(75, 80, 88);\"><strong>Bem\u00e6rk venligst:<\/strong><em>P\u00e5 grund af \u00e6delstenens natur kan hver mala-perles st\u00f8rrelse og l\u00e6ngde variere. St\u00f8rrelsen p\u00e5 perlerne er ca. 0,6 cm til 0,8 cm, og l\u00e6ngden er ca. 60 cm til 80 cm.<\/em><\/span><\/p>\n","protected":false},"excerpt":{"rendered":"<p>Vi pr\u00e6senterer Perle Mala &#8211; Hvid Kvarts, et uds\u00f8gt og roligt smykke designet til at l\u00f8fte din spirituelle rejse og fremme et klart og fokuseret sind. Denne mala er fremstillet med 108 perler af naturlig hvid kvarts, en \u00e6delsten kendt for sine klare og gennemskinnelige kvaliteter, kendt for sin evne til at forbedre tankens klarhed, [&hellip;]<\/p>\n","protected":false},"featured_media":337363,"comment_status":"closed","ping_status":"open","template":"","meta":{"_angie_page":false},"product_brand":[],"product_cat":[6950,6243,25222,25736],"product_tag":[],"class_list":{"0":"post-200145","1":"product","2":"type-product","3":"status-publish","4":"has-post-thumbnail","6":"product_cat-aedelstens-smykker-og-accessories","7":"product_cat-esoteriske-gaver","8":"product_cat-krystaller-og-sten","9":"product_cat-kvarts","10":"pa_collection-gemstone-mala-beads-da","11":"pa_made-in-indien","13":"first","14":"instock","15":"purchasable","16":"product-type-simple"},"supplier_id":null,"supplier_sku":"GMala-09","barcode":null,"atum_controlled":true,"out_stock_date":null,"out_stock_threshold":null,"inheritable":false,"inbound_stock":null,"stock_on_hold":0,"sold_today":0,"sales_last_days":0,"reserved_stock":null,"customer_returns":null,"warehouse_damage":null,"lost_in_post":null,"other_logs":null,"out_stock_days":0,"lost_sales":0,"has_location":null,"update_date":"2026-05-11T01:55:51","atum_locations":[],"atum_stock_status":"instock","restock_status":false,"low_stock_amount":"","sales_update_date":"2026-01-30T01:26:16","calc_backorders":null,"_links":{"self":[{"href":"https:\/\/aromasentia.com\/da\/wp-json\/wp\/v2\/product\/200145","targetHints":{"allow":["GET"]}}],"collection":[{"href":"https:\/\/aromasentia.com\/da\/wp-json\/wp\/v2\/product"}],"about":[{"href":"https:\/\/aromasentia.com\/da\/wp-json\/wp\/v2\/types\/product"}],"replies":[{"embeddable":true,"href":"https:\/\/aromasentia.com\/da\/wp-json\/wp\/v2\/comments?post=200145"}],"version-history":[{"count":0,"href":"https:\/\/aromasentia.com\/da\/wp-json\/wp\/v2\/product\/200145\/revisions"}],"wp:featuredmedia":[{"embeddable":true,"href":"https:\/\/aromasentia.com\/da\/wp-json\/wp\/v2\/media\/337363"}],"wp:attachment":[{"href":"https:\/\/aromasentia.com\/da\/wp-json\/wp\/v2\/media?parent=200145"}],"wp:term":[{"taxonomy":"product_brand","embeddable":true,"href":"https:\/\/aromasentia.com\/da\/wp-json\/wp\/v2\/product_brand?post=200145"},{"taxonomy":"product_cat","embeddable":true,"href":"https:\/\/aromasentia.com\/da\/wp-json\/wp\/v2\/product_cat?post=200145"},{"taxonomy":"product_tag","embeddable":true,"href":"https:\/\/aromasentia.com\/da\/wp-json\/wp\/v2\/product_tag?post=200145"}],"curies":[{"name":"wp","href":"https:\/\/api.w.org\/{rel}","templated":true}]}}