{"id":200143,"date":"2025-03-22T13:29:50","date_gmt":"2025-03-22T13:29:50","guid":{"rendered":"https:\/\/aromasentia.com\/product\/108-bead-mala-green-aventurine\/"},"modified":"2025-06-22T03:26:00","modified_gmt":"2025-06-22T03:26:00","slug":"mala-med-108-perler-groen-aventurin","status":"publish","type":"product","link":"https:\/\/aromasentia.com\/da\/mala-med-108-perler-groen-aventurin\/","title":{"rendered":"Mala med 108 Perler &#8211; Gr\u00f8n Aventurin"},"content":{"rendered":"<p><strong><span style=\"color: rgb(75, 80, 88);\">Pr\u00e6senterer Perle Mala &#8211; Gr\u00f8n Aventurin<\/span><\/strong><span style=\"color: rgb(75, 80, 88);\">, et f\u00e6ngslende og forfriskende smykke designet til at opl\u00f8fte din \u00e5nd og berige din spirituelle rejse.<\/span><\/p>\n<p><span style=\"color: rgb(75, 80, 88);\">Denne mala er omhyggeligt h\u00e5ndlavet med <strong>108 perler af naturlig Gr\u00f8n Aventurin, en \u00e6delsten udsmykket med sin livlige gr\u00f8nne nuance og ber\u00f8mt for sin bem\u00e6rkelsesv\u00e6rdige evne til at tiltr\u00e6kke overflod, fremme v\u00e6kst og vitalitet og n\u00e6re f\u00f8lelsesm\u00e6ssig ligev\u00e6gt og velv\u00e6re.<\/strong><\/span><\/p>\n<p><span style=\"color: rgb(75, 80, 88);\">Denne mala er gennemsyret af tradition og fungerer som et vigtigt redskab i spirituelle praksisser som meditation og sang, hvor de gr\u00f8nne Aventurin-perler menes at v\u00e6re katalysatorer for indre styrke, f\u00f8lelsesm\u00e6ssig stabilitet og fysisk heling. Derudover fungerer den problemfrit som et stilfuldt tilbeh\u00f8r og tilf\u00f8jer et strejf af naturlig sk\u00f8nhed til ethvert p\u00e5kl\u00e6dningsgenstand.<\/span><\/p>\n<p><span style=\"color: rgb(75, 80, 88);\">Perle Mala &#8211; Gr\u00f8n Aventurin er en <strong>ideel gave til dem, der s\u00f8ger at l\u00f8fte deres spirituelle rejse, invitere til overflod eller dyrke f\u00f8lelsesm\u00e6ssig balance og velv\u00e6re i deres liv.<\/strong><\/span><\/p>\n<p><span style=\"color: rgb(75, 80, 88);\">Omfavn dette uds\u00f8gte smykke og fordyb dig i de energigivende og opl\u00f8ftende kvaliteter af Gr\u00f8n Aventurin. Med sin livlige og naturlige sk\u00f8nhed, s\u00e5vel som sine unikke egenskaber, er denne mala bestemt til at blive en integreret del af dine daglige ritualer.<\/span><\/p>\n<p><span style=\"color: rgb(75, 80, 88);\"><strong>Bem\u00e6rk venligst:<\/strong> <\/span><em><span style=\"color: rgb(75, 80, 88);\">P\u00e5 grund af \u00e6delstenens natur kan hver mala-perles st\u00f8rrelse og l\u00e6ngde variere. Perlernes st\u00f8rrelse er cirka 0,6 cm til 0,8 cm, og l\u00e6ngden er cirka 60 cm til 80 cm.<\/span><\/em><\/p>\n","protected":false},"excerpt":{"rendered":"<p>Pr\u00e6senterer Perle Mala &#8211; Gr\u00f8n Aventurin, et f\u00e6ngslende og forfriskende smykke designet til at opl\u00f8fte din \u00e5nd og berige din spirituelle rejse. Denne mala er omhyggeligt h\u00e5ndlavet med 108 perler af naturlig Gr\u00f8n Aventurin, en \u00e6delsten udsmykket med sin livlige gr\u00f8nne nuance og ber\u00f8mt for sin bem\u00e6rkelsesv\u00e6rdige evne til at tiltr\u00e6kke overflod, fremme v\u00e6kst og [&hellip;]<\/p>\n","protected":false},"featured_media":337281,"comment_status":"closed","ping_status":"open","template":"","meta":{"_angie_page":false},"product_brand":[],"product_cat":[6950,25559,6243,25222],"product_tag":[],"class_list":{"0":"post-200143","1":"product","2":"type-product","3":"status-publish","4":"has-post-thumbnail","6":"product_cat-aedelstens-smykker-og-accessories","7":"product_cat-aventurin","8":"product_cat-esoteriske-gaver","9":"product_cat-krystaller-og-sten","10":"pa_collection-gemstone-mala-beads-da","11":"pa_made-in-indien","13":"first","14":"instock","15":"purchasable","16":"product-type-simple"},"supplier_id":null,"supplier_sku":"GMala-07","barcode":null,"atum_controlled":true,"out_stock_date":null,"out_stock_threshold":null,"inheritable":false,"inbound_stock":null,"stock_on_hold":0,"sold_today":0,"sales_last_days":0,"reserved_stock":null,"customer_returns":null,"warehouse_damage":null,"lost_in_post":null,"other_logs":null,"out_stock_days":0,"lost_sales":0,"has_location":null,"update_date":"2026-05-08T05:09:40","atum_locations":[],"atum_stock_status":"instock","restock_status":false,"low_stock_amount":"","sales_update_date":"2026-02-06T00:02:18","calc_backorders":null,"_links":{"self":[{"href":"https:\/\/aromasentia.com\/da\/wp-json\/wp\/v2\/product\/200143","targetHints":{"allow":["GET"]}}],"collection":[{"href":"https:\/\/aromasentia.com\/da\/wp-json\/wp\/v2\/product"}],"about":[{"href":"https:\/\/aromasentia.com\/da\/wp-json\/wp\/v2\/types\/product"}],"replies":[{"embeddable":true,"href":"https:\/\/aromasentia.com\/da\/wp-json\/wp\/v2\/comments?post=200143"}],"version-history":[{"count":0,"href":"https:\/\/aromasentia.com\/da\/wp-json\/wp\/v2\/product\/200143\/revisions"}],"wp:featuredmedia":[{"embeddable":true,"href":"https:\/\/aromasentia.com\/da\/wp-json\/wp\/v2\/media\/337281"}],"wp:attachment":[{"href":"https:\/\/aromasentia.com\/da\/wp-json\/wp\/v2\/media?parent=200143"}],"wp:term":[{"taxonomy":"product_brand","embeddable":true,"href":"https:\/\/aromasentia.com\/da\/wp-json\/wp\/v2\/product_brand?post=200143"},{"taxonomy":"product_cat","embeddable":true,"href":"https:\/\/aromasentia.com\/da\/wp-json\/wp\/v2\/product_cat?post=200143"},{"taxonomy":"product_tag","embeddable":true,"href":"https:\/\/aromasentia.com\/da\/wp-json\/wp\/v2\/product_tag?post=200143"}],"curies":[{"name":"wp","href":"https:\/\/api.w.org\/{rel}","templated":true}]}}