{"id":200142,"date":"2025-03-22T13:29:50","date_gmt":"2025-03-22T13:29:50","guid":{"rendered":"https:\/\/aromasentia.com\/product\/108-bead-mala-rock-crystal\/"},"modified":"2025-06-22T03:26:00","modified_gmt":"2025-06-22T03:26:00","slug":"mala-med-108-perler-bjergkrystal","status":"publish","type":"product","link":"https:\/\/aromasentia.com\/da\/mala-med-108-perler-bjergkrystal\/","title":{"rendered":"Mala med 108 Perler &#8211; Bjergkrystal"},"content":{"rendered":"<p><span style=\"color: rgb(75, 80, 88);\"><strong>Vi pr\u00e6senterer Bead Mala &#8211; Bjergkrystal<\/strong>, et f\u00e6ngslende og alsidigt smykke, der lover at l\u00f8fte din spirituelle rejse og hverdag.<\/span><\/p>\n<p><span style=\"color: rgb(75, 80, 88);\">Denne mala er lavet med <strong>108 perler af naturlig bjergkrystal<\/strong>, en \u00e6delsten, der er v\u00e6rdsat for sine klare og gennemskinnelige kvaliteter, <strong>kendt for sin evne til at forst\u00e6rke energi, fremme klarhed i tanker og indgyde en f\u00f8lelse af balance og harmoni i krop og sind.<\/strong><\/span><\/p>\n<p><span style=\"color: rgb(75, 80, 88);\">Dybt forankret i traditionen finder denne mala sit form\u00e5l i spirituelle praksisser som meditation og sang, hvor <strong>Bjergkrystalperlerne menes at forbedre intuition, n\u00e6re spirituel v\u00e6kst og harmonisere chakraerne.<\/strong> Derudover fungerer denne mala ubesv\u00e6ret som et elegant tilbeh\u00f8r og tilf\u00f8jer et element af elegance og enkelhed til ethvert p\u00e5kl\u00e6dningsstykke.<\/span><\/p>\n<p><span style=\"color: rgb(75, 80, 88);\">Perle Mala &#8211; Bjergkrystal er den perfekte gave til dem, der s\u00f8ger at forbedre deres spirituelle rejse eller tilf\u00f8re mere ligev\u00e6gt og harmoni til deres daglige eksistens.<\/span><\/p>\n<p><span style=\"color: rgb(75, 80, 88);\">Omfavn dette uds\u00f8gte smykke og fordyb dig i den transformerende energi fra bjergkrystal. Med dens str\u00e5lende klarhed og karakteristiske egenskaber er denne mala bestemt til at blive en v\u00e6rdsat del af dine daglige ritualer.<\/span><\/p>\n<p><span style=\"color: rgb(75, 80, 88);\"><strong>Bem\u00e6rk venligst:<\/strong> <em>P\u00e5 grund af \u00e6delstenens natur kan hver mala-perles st\u00f8rrelse og l\u00e6ngde variere. Perlernes st\u00f8rrelse er ca. 0,6 cm til 0,8 cm, og l\u00e6ngden er ca. 60 cm til 80 cm.<\/em><\/span><\/p>\n","protected":false},"excerpt":{"rendered":"<p>Vi pr\u00e6senterer Bead Mala &#8211; Bjergkrystal, et f\u00e6ngslende og alsidigt smykke, der lover at l\u00f8fte din spirituelle rejse og hverdag. Denne mala er lavet med 108 perler af naturlig bjergkrystal, en \u00e6delsten, der er v\u00e6rdsat for sine klare og gennemskinnelige kvaliteter, kendt for sin evne til at forst\u00e6rke energi, fremme klarhed i tanker og indgyde [&hellip;]<\/p>\n","protected":false},"featured_media":337248,"comment_status":"closed","ping_status":"open","template":"","meta":{"_angie_page":false},"product_brand":[],"product_cat":[6950,25743,6243,25222],"product_tag":[],"class_list":{"0":"post-200142","1":"product","2":"type-product","3":"status-publish","4":"has-post-thumbnail","6":"product_cat-aedelstens-smykker-og-accessories","7":"product_cat-bjergkrystal","8":"product_cat-esoteriske-gaver","9":"product_cat-krystaller-og-sten","10":"pa_collection-gemstone-mala-beads-da","11":"pa_made-in-indien","13":"first","14":"instock","15":"purchasable","16":"product-type-simple"},"supplier_id":null,"supplier_sku":"GMala-06","barcode":null,"atum_controlled":true,"out_stock_date":null,"out_stock_threshold":null,"inheritable":false,"inbound_stock":null,"stock_on_hold":0,"sold_today":0,"sales_last_days":0,"reserved_stock":null,"customer_returns":null,"warehouse_damage":null,"lost_in_post":null,"other_logs":null,"out_stock_days":0,"lost_sales":0,"has_location":null,"update_date":"2026-04-27T07:05:41","atum_locations":[],"atum_stock_status":"instock","restock_status":false,"low_stock_amount":"","sales_update_date":"2026-01-30T01:24:36","calc_backorders":null,"_links":{"self":[{"href":"https:\/\/aromasentia.com\/da\/wp-json\/wp\/v2\/product\/200142","targetHints":{"allow":["GET"]}}],"collection":[{"href":"https:\/\/aromasentia.com\/da\/wp-json\/wp\/v2\/product"}],"about":[{"href":"https:\/\/aromasentia.com\/da\/wp-json\/wp\/v2\/types\/product"}],"replies":[{"embeddable":true,"href":"https:\/\/aromasentia.com\/da\/wp-json\/wp\/v2\/comments?post=200142"}],"version-history":[{"count":0,"href":"https:\/\/aromasentia.com\/da\/wp-json\/wp\/v2\/product\/200142\/revisions"}],"wp:featuredmedia":[{"embeddable":true,"href":"https:\/\/aromasentia.com\/da\/wp-json\/wp\/v2\/media\/337248"}],"wp:attachment":[{"href":"https:\/\/aromasentia.com\/da\/wp-json\/wp\/v2\/media?parent=200142"}],"wp:term":[{"taxonomy":"product_brand","embeddable":true,"href":"https:\/\/aromasentia.com\/da\/wp-json\/wp\/v2\/product_brand?post=200142"},{"taxonomy":"product_cat","embeddable":true,"href":"https:\/\/aromasentia.com\/da\/wp-json\/wp\/v2\/product_cat?post=200142"},{"taxonomy":"product_tag","embeddable":true,"href":"https:\/\/aromasentia.com\/da\/wp-json\/wp\/v2\/product_tag?post=200142"}],"curies":[{"name":"wp","href":"https:\/\/api.w.org\/{rel}","templated":true}]}}