{"id":200141,"date":"2025-03-22T13:29:50","date_gmt":"2025-03-22T13:29:50","guid":{"rendered":"https:\/\/aromasentia.com\/product\/108-bead-mala-jade\/"},"modified":"2025-06-22T03:25:56","modified_gmt":"2025-06-22T03:25:56","slug":"mala-med-108-perler-jade","status":"publish","type":"product","link":"https:\/\/aromasentia.com\/da\/mala-med-108-perler-jade\/","title":{"rendered":"Mala med 108 Perler &#8211; Jade"},"content":{"rendered":"<p><span style=\"color: rgb(75, 80, 88);\"><strong>Jeg<\/strong><strong>pr\u00e6senterer Perle Mala &#8211; Jade<\/strong>, et f\u00e6ngslende og fredfyldt smykke designet til at give dit liv balance og harmoni.<\/span><\/p>\n<p><span style=\"color: rgb(75, 80, 88);\">Denne mala er h\u00e5ndlavet af <strong>108 perler af naturlig jade, en fantastisk gr\u00f8n \u00e6delsten kendt for sin bem\u00e6rkelsesv\u00e6rdige evne til at fremme ligev\u00e6gt, harmoni og indre fred.<\/strong><\/span><\/p>\n<p><span style=\"color: rgb(75, 80, 88);\">Denne mala er gennemsyret af tradition og finder sit form\u00e5l i spirituelle praksisser s\u00e5som meditation og sang, hvor <strong>Jadeperlerne menes at have kraften til at berolige sindet, balancere f\u00f8lelser og forbedre fysisk velv\u00e6re.<\/strong> Derudover fungerer denne mala ubesv\u00e6ret som et stilfuldt tilbeh\u00f8r, der pryder ethvert outfit med et strejf af naturlighed. sk\u00f8nhed.<\/span><\/p>\n<p><span style=\"color: rgb(75, 80, 88);\">Perle Malaen &#8211; Jade er den <strong>perfekte gave til dem, der s\u00f8ger st\u00f8rre balance og harmoni i deres liv.<\/strong><\/span><\/p>\n<p><span style=\"color: rgb(75, 80, 88);\">Omfavn dette uds\u00f8gte smykke og fordyb dig i jadens beroligende energi. Med dens betagende farvetone og exceptionelle egenskaber vil denne mala helt sikkert blive en integreret del af dine daglige ritualer.<\/span><\/p>\n<p><span style=\"color: rgb(75, 80, 88);\">Bem\u00e6rk venligst: <em>P\u00e5 grund af \u00e6delstenens natur kan hver mala-perles st\u00f8rrelse og l\u00e6ngde variere. Perlernes st\u00f8rrelse er ca. 0,6 cm til 0,8 cm, og l\u00e6ngden er ca. 60 cm til 80 cm.<\/em><\/span><\/p>\n","protected":false},"excerpt":{"rendered":"<p>Jegpr\u00e6senterer Perle Mala &#8211; Jade, et f\u00e6ngslende og fredfyldt smykke designet til at give dit liv balance og harmoni. Denne mala er h\u00e5ndlavet af 108 perler af naturlig jade, en fantastisk gr\u00f8n \u00e6delsten kendt for sin bem\u00e6rkelsesv\u00e6rdige evne til at fremme ligev\u00e6gt, harmoni og indre fred. Denne mala er gennemsyret af tradition og finder sit [&hellip;]<\/p>\n","protected":false},"featured_media":337215,"comment_status":"closed","ping_status":"open","template":"","meta":{"_angie_page":false},"product_brand":[],"product_cat":[6950,6243,25634,25222],"product_tag":[],"class_list":{"0":"post-200141","1":"product","2":"type-product","3":"status-publish","4":"has-post-thumbnail","6":"product_cat-aedelstens-smykker-og-accessories","7":"product_cat-esoteriske-gaver","8":"product_cat-jade","9":"product_cat-krystaller-og-sten","10":"pa_collection-gemstone-mala-beads-da","11":"pa_made-in-indien","13":"first","14":"instock","15":"purchasable","16":"product-type-simple"},"supplier_id":null,"supplier_sku":"GMala-05","barcode":null,"atum_controlled":true,"out_stock_date":null,"out_stock_threshold":null,"inheritable":false,"inbound_stock":null,"stock_on_hold":0,"sold_today":0,"sales_last_days":0,"reserved_stock":null,"customer_returns":null,"warehouse_damage":null,"lost_in_post":null,"other_logs":null,"out_stock_days":0,"lost_sales":0,"has_location":null,"update_date":"2026-05-04T00:03:55","atum_locations":[],"atum_stock_status":"instock","restock_status":false,"low_stock_amount":"","sales_update_date":"2026-01-30T01:24:39","calc_backorders":null,"_links":{"self":[{"href":"https:\/\/aromasentia.com\/da\/wp-json\/wp\/v2\/product\/200141","targetHints":{"allow":["GET"]}}],"collection":[{"href":"https:\/\/aromasentia.com\/da\/wp-json\/wp\/v2\/product"}],"about":[{"href":"https:\/\/aromasentia.com\/da\/wp-json\/wp\/v2\/types\/product"}],"replies":[{"embeddable":true,"href":"https:\/\/aromasentia.com\/da\/wp-json\/wp\/v2\/comments?post=200141"}],"version-history":[{"count":0,"href":"https:\/\/aromasentia.com\/da\/wp-json\/wp\/v2\/product\/200141\/revisions"}],"wp:featuredmedia":[{"embeddable":true,"href":"https:\/\/aromasentia.com\/da\/wp-json\/wp\/v2\/media\/337215"}],"wp:attachment":[{"href":"https:\/\/aromasentia.com\/da\/wp-json\/wp\/v2\/media?parent=200141"}],"wp:term":[{"taxonomy":"product_brand","embeddable":true,"href":"https:\/\/aromasentia.com\/da\/wp-json\/wp\/v2\/product_brand?post=200141"},{"taxonomy":"product_cat","embeddable":true,"href":"https:\/\/aromasentia.com\/da\/wp-json\/wp\/v2\/product_cat?post=200141"},{"taxonomy":"product_tag","embeddable":true,"href":"https:\/\/aromasentia.com\/da\/wp-json\/wp\/v2\/product_tag?post=200141"}],"curies":[{"name":"wp","href":"https:\/\/api.w.org\/{rel}","templated":true}]}}