{"id":200140,"date":"2025-03-22T13:29:50","date_gmt":"2025-03-22T13:29:50","guid":{"rendered":"https:\/\/aromasentia.com\/product\/108-bead-mala-rose-quartz\/"},"modified":"2025-06-22T03:25:56","modified_gmt":"2025-06-22T03:25:56","slug":"mala-med-108-perler-rosakvarts","status":"publish","type":"product","link":"https:\/\/aromasentia.com\/da\/mala-med-108-perler-rosakvarts\/","title":{"rendered":"Mala med 108 Perler &#8211; Rosakvarts"},"content":{"rendered":"<p><span style=\"color: rgb(75, 80, 88);\">Vi pr\u00e6senterer <strong>Perle Mala &#8211; Rosakvarts<\/strong>, et uds\u00f8gt og beroligende smykke, der lover at give din daglige rutine en f\u00f8lelse af ro og k\u00e6rlighed.<\/span><\/p>\n<p><span style=\"color: rgb(75, 80, 88);\">Denne mala best\u00e5r af <strong>108 perler lavet af naturlig rosakvarts, en delikat lyser\u00f8d \u00e6delsten kendt for sin evne til at \u00e5bne hjertechakraet, fremme selvk\u00e6rlighed og medf\u00f8lelse og tiltr\u00e6kke k\u00e6rlighed og positiv energi.<\/strong><\/span><\/p>\n<p><span style=\"color: rgb(75, 80, 88);\">Rosenkvarts-perlerne, der traditionelt bruges i spirituelle praksisser s\u00e5som meditation og sang, menes at hj\u00e6lpe med at frig\u00f8re f\u00f8lelsesm\u00e6ssige s\u00e5r og fremme indre heling. Derudover kan denne mala b\u00e6res som et moderigtigt tilbeh\u00f8r, der tilf\u00f8jer et element af ynde og sk\u00f8nhed til ethvert outfit.<\/span><\/p>\n<p><span style=\"color: rgb(75, 80, 88);\">Perle-Malaen &#8211; Rosakvarts er <strong>en bet\u00e6nksom gave, ideel til personer, der s\u00f8ger at n\u00e6re st\u00f8rre k\u00e6rlighed, medf\u00f8lelse og indre ro i deres liv.<\/strong><\/span><\/p>\n<p><span style=\"color: rgb(75, 80, 88);\">Omfavn dette bem\u00e6rkelsesv\u00e6rdige smykke og sol dig i den beroligende energi fra Rosakvarts. Med sine blide farver og unikke egenskaber er denne mala bestemt til at blive en v\u00e6rdsat del af din daglige rutine.<\/span><\/p>\n<p><span style=\"color: rgb(75, 80, 88);\"><strong>Bem\u00e6rk venligst:<\/strong> <em>P\u00e5 grund af \u00e6delstenens natur kan hver mala-perles st\u00f8rrelse og l\u00e6ngde variere. Perlernes st\u00f8rrelse er cirka 0,6 cm til 0,8 cm, og l\u00e6ngden er cirka 60 cm til 80 cm.<\/em><\/span><\/p>\n","protected":false},"excerpt":{"rendered":"<p>Vi pr\u00e6senterer Perle Mala &#8211; Rosakvarts, et uds\u00f8gt og beroligende smykke, der lover at give din daglige rutine en f\u00f8lelse af ro og k\u00e6rlighed. Denne mala best\u00e5r af 108 perler lavet af naturlig rosakvarts, en delikat lyser\u00f8d \u00e6delsten kendt for sin evne til at \u00e5bne hjertechakraet, fremme selvk\u00e6rlighed og medf\u00f8lelse og tiltr\u00e6kke k\u00e6rlighed og positiv [&hellip;]<\/p>\n","protected":false},"featured_media":337174,"comment_status":"closed","ping_status":"open","template":"","meta":{"_angie_page":false},"product_brand":[],"product_cat":[6950,6243,25222,25736,25747],"product_tag":[],"class_list":{"0":"post-200140","1":"product","2":"type-product","3":"status-publish","4":"has-post-thumbnail","6":"product_cat-aedelstens-smykker-og-accessories","7":"product_cat-esoteriske-gaver","8":"product_cat-krystaller-og-sten","9":"product_cat-kvarts","10":"product_cat-rosenkvarts","11":"pa_collection-gemstone-mala-beads-da","12":"pa_made-in-indien","14":"first","15":"instock","16":"purchasable","17":"product-type-simple"},"supplier_id":null,"supplier_sku":"GMala-03","barcode":null,"atum_controlled":true,"out_stock_date":null,"out_stock_threshold":null,"inheritable":false,"inbound_stock":null,"stock_on_hold":0,"sold_today":0,"sales_last_days":0,"reserved_stock":null,"customer_returns":null,"warehouse_damage":null,"lost_in_post":null,"other_logs":null,"out_stock_days":0,"lost_sales":0,"has_location":null,"update_date":"2026-05-08T05:09:40","atum_locations":[],"atum_stock_status":"instock","restock_status":false,"low_stock_amount":"","sales_update_date":"2025-09-05T00:24:16","calc_backorders":null,"_links":{"self":[{"href":"https:\/\/aromasentia.com\/da\/wp-json\/wp\/v2\/product\/200140","targetHints":{"allow":["GET"]}}],"collection":[{"href":"https:\/\/aromasentia.com\/da\/wp-json\/wp\/v2\/product"}],"about":[{"href":"https:\/\/aromasentia.com\/da\/wp-json\/wp\/v2\/types\/product"}],"replies":[{"embeddable":true,"href":"https:\/\/aromasentia.com\/da\/wp-json\/wp\/v2\/comments?post=200140"}],"version-history":[{"count":0,"href":"https:\/\/aromasentia.com\/da\/wp-json\/wp\/v2\/product\/200140\/revisions"}],"wp:featuredmedia":[{"embeddable":true,"href":"https:\/\/aromasentia.com\/da\/wp-json\/wp\/v2\/media\/337174"}],"wp:attachment":[{"href":"https:\/\/aromasentia.com\/da\/wp-json\/wp\/v2\/media?parent=200140"}],"wp:term":[{"taxonomy":"product_brand","embeddable":true,"href":"https:\/\/aromasentia.com\/da\/wp-json\/wp\/v2\/product_brand?post=200140"},{"taxonomy":"product_cat","embeddable":true,"href":"https:\/\/aromasentia.com\/da\/wp-json\/wp\/v2\/product_cat?post=200140"},{"taxonomy":"product_tag","embeddable":true,"href":"https:\/\/aromasentia.com\/da\/wp-json\/wp\/v2\/product_tag?post=200140"}],"curies":[{"name":"wp","href":"https:\/\/api.w.org\/{rel}","templated":true}]}}